{"id":32765,"date":"2023-06-02T15:07:07","date_gmt":"2023-06-02T19:07:07","guid":{"rendered":"https:\/\/urbantacs.cl\/?post_type=product&#038;p=32765"},"modified":"2026-02-14T16:21:01","modified_gmt":"2026-02-14T19:21:01","slug":"pistola-famae-modelo-volcano-f-cal-9mm-color-ocre","status":"publish","type":"product","link":"https:\/\/urbantacs.cl\/en\/product\/pistola-famae-modelo-volcano-f-cal-9mm-color-ocre\/","title":{"rendered":"PISTOLA FAMAE MODELO VOLCANO-F CAL 9MM COLOR OCRE"},"content":{"rendered":"","protected":false},"excerpt":{"rendered":"<p style=\"text-align: justify;\">Pistola <strong>VOLCANO-F<\/strong>, es una pistola dise\u00f1ada y fabricada por la Planta de Armamento Menor de las F\u00e1bricas y Maestranzas del Ej\u00e9rcito (FAMAE), siendo una pieza de gran calidad que tiene como principal caracter\u00edstica su centro de gravedad facilitando al tirador volver a apuntar y disparar.<\/p>\n<ul>\n<li>Su ca\u00f1\u00f3n es de 112,5 mm. y cuenta con 6 estr\u00edas tipo poligonal<\/li>\n<li>Ranuras en ambos lados de la empu\u00f1adura, dando mayor ergonom\u00eda<\/li>\n<li>Cargador flexible con capacidad para realizar 16 tiros<\/li>\n<li>Picatinny inferior para montaje de accesoriosCalibre<\/li>\n<li>Calibre 9mm parabellum<\/li>\n<li>211 mm de largo total<\/li>\n<li>131 mm de alto<\/li>\n<li>34 mm de ancho<\/li>\n<li>Capacidad de 16+1<\/li>\n<li>2 Cargadores<\/li>\n<\/ul>\n<p><strong>Este producto est\u00e1 controlado por la ley y no se puede agregar al carro de compras.<\/strong><br \/>\n<strong>Para adquirir este producto, usted debe\u00a0<a href=\"https:\/\/www.target.cl\/index.php?main_page=contact_us&amp;pid=1990&amp;to=1\">contactarnos<\/a>\u00a0para formalizar el proceso.<\/strong><\/p>\n<p>&nbsp;<\/p>","protected":false},"featured_media":32770,"comment_status":"open","ping_status":"closed","template":"","meta":[],"product_brand":[],"product_cat":[47,64,68,45],"product_tag":[],"class_list":{"0":"post-32765","1":"product","2":"type-product","3":"status-publish","4":"has-post-thumbnail","6":"product_cat-armas-cortas","7":"product_cat-cal-9-mm","8":"product_cat-famae","9":"product_cat-pistolas","11":"first","12":"instock","13":"shipping-taxable","14":"purchasable","15":"product-type-simple"},"_links":{"self":[{"href":"https:\/\/urbantacs.cl\/en\/wp-json\/wp\/v2\/product\/32765","targetHints":{"allow":["GET"]}}],"collection":[{"href":"https:\/\/urbantacs.cl\/en\/wp-json\/wp\/v2\/product"}],"about":[{"href":"https:\/\/urbantacs.cl\/en\/wp-json\/wp\/v2\/types\/product"}],"replies":[{"embeddable":true,"href":"https:\/\/urbantacs.cl\/en\/wp-json\/wp\/v2\/comments?post=32765"}],"wp:featuredmedia":[{"embeddable":true,"href":"https:\/\/urbantacs.cl\/en\/wp-json\/wp\/v2\/media\/32770"}],"wp:attachment":[{"href":"https:\/\/urbantacs.cl\/en\/wp-json\/wp\/v2\/media?parent=32765"}],"wp:term":[{"taxonomy":"product_brand","embeddable":true,"href":"https:\/\/urbantacs.cl\/en\/wp-json\/wp\/v2\/product_brand?post=32765"},{"taxonomy":"product_cat","embeddable":true,"href":"https:\/\/urbantacs.cl\/en\/wp-json\/wp\/v2\/product_cat?post=32765"},{"taxonomy":"product_tag","embeddable":true,"href":"https:\/\/urbantacs.cl\/en\/wp-json\/wp\/v2\/product_tag?post=32765"}],"curies":[{"name":"wp","href":"https:\/\/api.w.org\/{rel}","templated":true}]}}