{"id":32772,"date":"2023-06-02T15:30:56","date_gmt":"2023-06-02T19:30:56","guid":{"rendered":"https:\/\/urbantacs.cl\/?post_type=product&#038;p=32772"},"modified":"2026-02-17T11:53:02","modified_gmt":"2026-02-17T14:53:02","slug":"pistola-famae-modelo-volcano-f-cal-9mm-color-negro","status":"publish","type":"product","link":"https:\/\/urbantacs.cl\/en\/product\/pistola-famae-modelo-volcano-f-cal-9mm-color-negro\/","title":{"rendered":"PISTOLA FAMAE MODELO VOLCANO-F CAL 9MM COLOR NEGRO"},"content":{"rendered":"","protected":false},"excerpt":{"rendered":"<p style=\"text-align: justify;\">Pistola\u00a0<strong>VOLCANO-F<\/strong>, es una pistola dise\u00f1ada y fabricada por la Planta de Armamento Menor de las F\u00e1bricas y Maestranzas del Ej\u00e9rcito (FAMAE), siendo una pieza de gran calidad que tiene como principal caracter\u00edstica su centro de gravedad facilitando al tirador volver a apuntar y disparar.<\/p>\n<ul style=\"text-align: justify;\">\n<li>Su ca\u00f1\u00f3n es de 112,5 mm. y cuenta con 6 estr\u00edas tipo poligonal<\/li>\n<li>Ranuras en ambos lados de la empu\u00f1adura, dando mayor ergonom\u00eda<\/li>\n<li>Cargador flexible con capacidad para realizar 16 tiros<\/li>\n<li>Picatinny inferior para montaje de accesoriosCalibre<\/li>\n<li>Calibre 9mm parabellum<\/li>\n<li>211 mm de largo total<\/li>\n<li>131 mm de alto<\/li>\n<li>34 mm de ancho<\/li>\n<li>Capacidad de 16+1<\/li>\n<li>2 Cargadores<\/li>\n<\/ul>\n<p style=\"text-align: justify;\"><strong>Este producto est\u00e1 controlado por la ley y no se puede agregar al carro de compras.<\/strong><br \/>\n<strong>Para adquirir este producto, usted debe\u00a0<a href=\"https:\/\/www.target.cl\/index.php?main_page=contact_us&amp;pid=1990&amp;to=1\">contactarnos<\/a>\u00a0para formalizar el proceso.<\/strong><\/p>","protected":false},"featured_media":32771,"comment_status":"open","ping_status":"closed","template":"","meta":[],"product_brand":[],"product_cat":[47,68,45],"product_tag":[],"class_list":{"0":"post-32772","1":"product","2":"type-product","3":"status-publish","4":"has-post-thumbnail","6":"product_cat-armas-cortas","7":"product_cat-famae","8":"product_cat-pistolas","10":"first","11":"onbackorder","12":"shipping-taxable","13":"purchasable","14":"product-type-simple"},"_links":{"self":[{"href":"https:\/\/urbantacs.cl\/en\/wp-json\/wp\/v2\/product\/32772","targetHints":{"allow":["GET"]}}],"collection":[{"href":"https:\/\/urbantacs.cl\/en\/wp-json\/wp\/v2\/product"}],"about":[{"href":"https:\/\/urbantacs.cl\/en\/wp-json\/wp\/v2\/types\/product"}],"replies":[{"embeddable":true,"href":"https:\/\/urbantacs.cl\/en\/wp-json\/wp\/v2\/comments?post=32772"}],"wp:featuredmedia":[{"embeddable":true,"href":"https:\/\/urbantacs.cl\/en\/wp-json\/wp\/v2\/media\/32771"}],"wp:attachment":[{"href":"https:\/\/urbantacs.cl\/en\/wp-json\/wp\/v2\/media?parent=32772"}],"wp:term":[{"taxonomy":"product_brand","embeddable":true,"href":"https:\/\/urbantacs.cl\/en\/wp-json\/wp\/v2\/product_brand?post=32772"},{"taxonomy":"product_cat","embeddable":true,"href":"https:\/\/urbantacs.cl\/en\/wp-json\/wp\/v2\/product_cat?post=32772"},{"taxonomy":"product_tag","embeddable":true,"href":"https:\/\/urbantacs.cl\/en\/wp-json\/wp\/v2\/product_tag?post=32772"}],"curies":[{"name":"wp","href":"https:\/\/api.w.org\/{rel}","templated":true}]}}