{"id":32773,"date":"2023-06-02T17:07:26","date_gmt":"2023-06-02T21:07:26","guid":{"rendered":"https:\/\/urbantacs.cl\/?post_type=product&#038;p=32773"},"modified":"2026-02-14T15:33:18","modified_gmt":"2026-02-14T18:33:18","slug":"pistola-tanfoglio-modelo-stock-iii-calibre-9mm","status":"publish","type":"product","link":"https:\/\/urbantacs.cl\/en\/product\/pistola-tanfoglio-modelo-stock-iii-calibre-9mm\/","title":{"rendered":"Pistola Tanfoglio modelo Stock III Calibre 9mm"},"content":{"rendered":"","protected":false},"excerpt":{"rendered":"<p>La Stock 3 es una pistola\u00a0semiautom\u00e1tica de acci\u00f3n simple \/ doble, calibre 9 mm. Presenta un\u00a0armaz\u00f3n de acero\u00a0con\u00a0los paneles laterales de la empu\u00f1adura hechos de madera.\u00a0Tiene un\u00a0buen peso y est\u00e1 muy bien balanceada, lo cual ayuda de gran manera a\u00a0controlar el retroceso y lograr un agarre c\u00f3modo y firme.<\/p>\n<p>La Tanfoglio Stock III tiene una excelente empu\u00f1adura,\u00a0las correas traseras y delanteras son afiladas y agresivas\u00a0para evitar que se resbale ante la sudoraci\u00f3n o la lluvia.\u00a0Adem\u00e1s, el dise\u00f1o de la empu\u00f1adura junto con la cola de castor\u00a0permite un agarre m\u00e1s alto, lo cual contribuye de igual manera al control de retroceso.<\/p>\n<ul>\n<li>Calibre 9mm &#8211; 16 tiros<\/li>\n<li>Largo Total: 227mm<\/li>\n<li>Largo Ca\u00f1on: 121mm<\/li>\n<li>Peso: 1280 grs<\/li>\n<li>Frame: Acero<\/li>\n<li>Cerrojo: Acero<\/li>\n<li>Estrias: Poligonal<\/li>\n<li>Accion: Doble<\/li>\n<li>Seguro: manual<\/li>\n<li>Color: Negro<\/li>\n<li>Miras fija y Alzamira regulable<\/li>\n<li>Ambidiestra (incluye seguro de cargador reversible)<\/li>\n<li>Cachas de Nogal (no met\u00e1licas)<\/li>\n<\/ul>\n<p><strong>Este producto est\u00e1 controlado por la ley y no se puede agregar al carro de compras.<\/strong><br \/>\n<strong>Para adquirir este producto, usted debe\u00a0<a href=\"https:\/\/www.target.cl\/index.php?main_page=contact_us&amp;pid=1990&amp;to=1\">contactarnos<\/a>\u00a0para formalizar el proceso.<\/strong><\/p>","protected":false},"featured_media":32775,"comment_status":"open","ping_status":"closed","template":"","meta":[],"product_brand":[],"product_cat":[47,45,69],"product_tag":[],"class_list":{"0":"post-32773","1":"product","2":"type-product","3":"status-publish","4":"has-post-thumbnail","6":"product_cat-armas-cortas","7":"product_cat-pistolas","8":"product_cat-tanfoglio","10":"first","11":"onbackorder","12":"shipping-taxable","13":"product-type-simple"},"_links":{"self":[{"href":"https:\/\/urbantacs.cl\/en\/wp-json\/wp\/v2\/product\/32773","targetHints":{"allow":["GET"]}}],"collection":[{"href":"https:\/\/urbantacs.cl\/en\/wp-json\/wp\/v2\/product"}],"about":[{"href":"https:\/\/urbantacs.cl\/en\/wp-json\/wp\/v2\/types\/product"}],"replies":[{"embeddable":true,"href":"https:\/\/urbantacs.cl\/en\/wp-json\/wp\/v2\/comments?post=32773"}],"wp:featuredmedia":[{"embeddable":true,"href":"https:\/\/urbantacs.cl\/en\/wp-json\/wp\/v2\/media\/32775"}],"wp:attachment":[{"href":"https:\/\/urbantacs.cl\/en\/wp-json\/wp\/v2\/media?parent=32773"}],"wp:term":[{"taxonomy":"product_brand","embeddable":true,"href":"https:\/\/urbantacs.cl\/en\/wp-json\/wp\/v2\/product_brand?post=32773"},{"taxonomy":"product_cat","embeddable":true,"href":"https:\/\/urbantacs.cl\/en\/wp-json\/wp\/v2\/product_cat?post=32773"},{"taxonomy":"product_tag","embeddable":true,"href":"https:\/\/urbantacs.cl\/en\/wp-json\/wp\/v2\/product_tag?post=32773"}],"curies":[{"name":"wp","href":"https:\/\/api.w.org\/{rel}","templated":true}]}}