{"id":32781,"date":"2023-06-21T22:37:38","date_gmt":"2023-06-22T02:37:38","guid":{"rendered":"https:\/\/urbantacs.cl\/?post_type=product&#038;p=32781"},"modified":"2025-11-27T13:02:44","modified_gmt":"2025-11-27T16:02:44","slug":"pistola-hs-sf19-afde-calibre-9mm","status":"publish","type":"product","link":"https:\/\/urbantacs.cl\/en\/product\/pistola-hs-sf19-afde-calibre-9mm\/","title":{"rendered":"Pistola HS \u2013 SF19 AFDE Calibre 9mm"},"content":{"rendered":"","protected":false},"excerpt":{"rendered":"<p style=\"text-align: justify;\">El SF19 4.5 AFDE presenta un ca\u00f1\u00f3n forjado a martillo con acabado Melonite y una corredera forjada recubierta con un acabado protector Cerakote FDA.\u00a0El marco de pol\u00edmero est\u00e1 en todos los colores AFDE.<br \/>\nLa corredera de redise\u00f1o tiene dientes mejorados en la parte delantera y trasera para facilitar la manipulaci\u00f3n.\u00a0La pistola est\u00e1 equipada con un frente de fibra \u00f3ptica y una mira trasera de bajo perfil.\u00a0Las vistas est\u00e1n dentadas para evitar el deslumbramiento.\u00a0El SF19 4.5 AFDE tiene una palanca de tope deslizante y un ret\u00e9n del cargador completamente ambidiestros, tres sistemas de seguridad: seguridad del percutor, seguridad del agarre y seguridad del gatillo con dos indicadores: estado del percutor e indicador de rec\u00e1mara cargada (tanto visual como t\u00e1ctil).\u00a0Otras caracter\u00edsticas incluyen riel picatinny, estructura de textura agresiva, correas traseras intercambiables (3 tama\u00f1os) y gatillo plano mejorado con reinicio m\u00e1s corto.\u00a0El protector de gatillo ampliado permite una manipulaci\u00f3n m\u00e1s f\u00e1cil del gatillo.<br \/>\nLa pistola viene con cargadores de alta capacidad de acero inoxidable (19+1).<\/p>\n<p>Descripcio\u0301n<\/p>\n<div class=\"page\" title=\"Page 93\">\n<div class=\"layoutArea\">\n<div class=\"column\">\n<p>Ancho 36,5mm<\/p>\n<p>Hecho en Croacia.<\/p>\n<p>Calibre: 9X19<\/p>\n<p>Peso sin cargador: 800g<\/p>\n<p>Cargador: 19 rounds<\/p>\n<p>Largo Total: 192,5mm<\/p>\n<p>Largo Can\u0303o\u0301n: 116,5mm<\/p>\n<p>Alto: 145 mm<\/p>\n<\/div>\n<\/div>\n<\/div>\n<p><strong>Este producto est\u00e1 controlado por la ley y no se puede agregar al carro de compras.<\/strong><br \/>\n<strong>Para adquirir este producto, usted debe\u00a0<a href=\"https:\/\/www.target.cl\/index.php?main_page=contact_us&amp;pid=1990&amp;to=1\">contactarnos<\/a>\u00a0para formalizar el proceso.<\/strong><\/p>","protected":false},"featured_media":32785,"comment_status":"open","ping_status":"closed","template":"","meta":[],"product_brand":[],"product_cat":[47,45,55],"product_tag":[],"class_list":{"0":"post-32781","1":"product","2":"type-product","3":"status-publish","4":"has-post-thumbnail","6":"product_cat-armas-cortas","7":"product_cat-pistolas","8":"product_cat-pringfield-armory","10":"first","11":"outofstock","12":"shipping-taxable","13":"purchasable","14":"product-type-simple"},"_links":{"self":[{"href":"https:\/\/urbantacs.cl\/en\/wp-json\/wp\/v2\/product\/32781","targetHints":{"allow":["GET"]}}],"collection":[{"href":"https:\/\/urbantacs.cl\/en\/wp-json\/wp\/v2\/product"}],"about":[{"href":"https:\/\/urbantacs.cl\/en\/wp-json\/wp\/v2\/types\/product"}],"replies":[{"embeddable":true,"href":"https:\/\/urbantacs.cl\/en\/wp-json\/wp\/v2\/comments?post=32781"}],"wp:featuredmedia":[{"embeddable":true,"href":"https:\/\/urbantacs.cl\/en\/wp-json\/wp\/v2\/media\/32785"}],"wp:attachment":[{"href":"https:\/\/urbantacs.cl\/en\/wp-json\/wp\/v2\/media?parent=32781"}],"wp:term":[{"taxonomy":"product_brand","embeddable":true,"href":"https:\/\/urbantacs.cl\/en\/wp-json\/wp\/v2\/product_brand?post=32781"},{"taxonomy":"product_cat","embeddable":true,"href":"https:\/\/urbantacs.cl\/en\/wp-json\/wp\/v2\/product_cat?post=32781"},{"taxonomy":"product_tag","embeddable":true,"href":"https:\/\/urbantacs.cl\/en\/wp-json\/wp\/v2\/product_tag?post=32781"}],"curies":[{"name":"wp","href":"https:\/\/api.w.org\/{rel}","templated":true}]}}