{"id":32792,"date":"2023-07-25T00:13:27","date_gmt":"2023-07-25T04:13:27","guid":{"rendered":"https:\/\/urbantacs.cl\/?post_type=product&#038;p=32792"},"modified":"2026-02-26T10:31:20","modified_gmt":"2026-02-26T13:31:20","slug":"municion-sellier-bellot-calibre-22lr-hv","status":"publish","type":"product","link":"https:\/\/urbantacs.cl\/en\/product\/municion-sellier-bellot-calibre-22lr-hv\/","title":{"rendered":"MUNICION SELLIER &#038; BELLOT CALIBRE 22LR HV"},"content":{"rendered":"","protected":false},"excerpt":{"rendered":"<p style=\"text-align: justify;\">Sellier &amp; Bellot produce munici\u00f3n fiable y de calidad utilizando \u00fanicamente componentes de alta calidad y es uno de los mayores productores de munici\u00f3n del mundo.\u00a0Su munici\u00f3n es utilizada por cazadores, tiradores competitivos, fuerzas del orden y militares de todo el mundo.\u00a0Las municiones de Sellier &amp; Bellot se cargan de f\u00e1brica, no son corrosivas, est\u00e1n preparadas con boxer y vienen en estuches de lat\u00f3n recargables.\u00a0Las carcasas de lat\u00f3n de S&amp;B se encuentran entre las mejores en t\u00e9rminos de durabilidad y resistencia y, a menudo, se seleccionan entre otras marcas entre los cargadores de potencia.<\/p>\n<p style=\"text-align: justify;\">Munici\u00f3n de percusi\u00f3n anular de rendimiento superior, alta velocidad (High Velocity- HV) y calidad extremadamente precisa de la Rep\u00fablica Checa. Ya sea que su deporte sea la caza o el tiro deportivo, o simplemente sea un entusiasta del tiro en general, siempre puede confiar en la gama de municiones de Sellier &amp; Bellot para obtener los mejores resultados.<\/p>\n<p>&nbsp;<\/p>\n<div class=\"woocommerce-product-details__short-description\">\n<p><strong>Este producto est\u00e1 controlado por la ley y no se puede agregar al carro de compras.<\/strong><br \/>\n<strong>Para adquirir este producto, usted debe\u00a0<a href=\"https:\/\/www.target.cl\/index.php?main_page=contact_us&amp;pid=1990&amp;to=1\">contactarnos<\/a>\u00a0para formalizar el proceso.<\/strong><\/p>\n<\/div>\n<p class=\"stock out-of-stock\">","protected":false},"featured_media":32794,"comment_status":"open","ping_status":"closed","template":"","meta":[],"product_brand":[],"product_cat":[58,38],"product_tag":[],"class_list":{"0":"post-32792","1":"product","2":"type-product","3":"status-publish","4":"has-post-thumbnail","6":"product_cat-cal-22-lr","7":"product_cat-municiones","9":"first","10":"outofstock","11":"shipping-taxable","12":"product-type-simple"},"_links":{"self":[{"href":"https:\/\/urbantacs.cl\/en\/wp-json\/wp\/v2\/product\/32792","targetHints":{"allow":["GET"]}}],"collection":[{"href":"https:\/\/urbantacs.cl\/en\/wp-json\/wp\/v2\/product"}],"about":[{"href":"https:\/\/urbantacs.cl\/en\/wp-json\/wp\/v2\/types\/product"}],"replies":[{"embeddable":true,"href":"https:\/\/urbantacs.cl\/en\/wp-json\/wp\/v2\/comments?post=32792"}],"wp:featuredmedia":[{"embeddable":true,"href":"https:\/\/urbantacs.cl\/en\/wp-json\/wp\/v2\/media\/32794"}],"wp:attachment":[{"href":"https:\/\/urbantacs.cl\/en\/wp-json\/wp\/v2\/media?parent=32792"}],"wp:term":[{"taxonomy":"product_brand","embeddable":true,"href":"https:\/\/urbantacs.cl\/en\/wp-json\/wp\/v2\/product_brand?post=32792"},{"taxonomy":"product_cat","embeddable":true,"href":"https:\/\/urbantacs.cl\/en\/wp-json\/wp\/v2\/product_cat?post=32792"},{"taxonomy":"product_tag","embeddable":true,"href":"https:\/\/urbantacs.cl\/en\/wp-json\/wp\/v2\/product_tag?post=32792"}],"curies":[{"name":"wp","href":"https:\/\/api.w.org\/{rel}","templated":true}]}}