{"id":32804,"date":"2023-09-30T22:51:14","date_gmt":"2023-10-01T01:51:14","guid":{"rendered":"https:\/\/urbantacs.cl\/?post_type=product&#038;p=32804"},"modified":"2026-02-11T16:28:16","modified_gmt":"2026-02-11T19:28:16","slug":"pistola-crossman","status":"publish","type":"product","link":"https:\/\/urbantacs.cl\/en\/product\/pistola-crossman\/","title":{"rendered":"PISTOLA CROSSMAN"},"content":{"rendered":"","protected":false},"excerpt":{"rendered":"<p>Pistola RAM Stronghold P7 para defensa personal En calibre .50 Para balas de goma Alimentado por CO2 Crosman 17-SHP7<\/p>\n<p>La pistola RAM Stronghold P7 de Crosman en calibre .50, alimentada por un cartucho de CO2, puede disparar balas de goma, balas de caucho-metal, balas de pimienta, balas de p\u00f3lvora o bolas de pintura . El cargador contiene 7 balas. El esqueleto est\u00e1 hecho de metal y la cerradura y el forro de imitaci\u00f3n est\u00e1n hechos de pol\u00edmero. La textura pronunciada de los revestimientos del mango proporciona un agarre estable.<\/p>\n<p>Est\u00e1 alimentado por un cartucho de CO2 con un sistema de seguridad.<\/p>\n<p>El suministro de cartucho de CO2 aplicado ubicado en la empu\u00f1adura de la pistola est\u00e1 protegido por el sistema Quick Cap Puncture. Esto le permite almacenar y transportar un arma cargada lista para usar, ya que la tapa se perfora al golpear la parte inferior de la tapa.<\/p>\n<p>Cuenta con instrumentos de observaci\u00f3n y un riel de montaje RIS.<\/p>\n<p>La pistola ha sido equipada por el fabricante con instrumentos b\u00e1sicos de punter\u00eda: miras de hierro delanteras y traseras. Esto se complementa con un riel de montaje RIS ubicado debajo del ca\u00f1\u00f3n que permite montar linternas t\u00e1cticas o dispositivos de punter\u00eda l\u00e1ser . Adem\u00e1s, la pistola est\u00e1 equipada con un gatillo doble para proteger contra disparos accidentales.<\/p>\n<p>&nbsp;<\/p>\n<p>Caracter\u00edsticas:<\/p>\n<ul>\n<li>Pistola de autodefensa para balas de goma<\/li>\n<li>Alimentado por un cartucho de CO2<\/li>\n<li>Calibre .50 (12,7 mm)<\/li>\n<li>Revista con una capacidad de 7 balas<\/li>\n<li>Munici\u00f3n vers\u00e1til: balas de goma, balas de goma y metal, balas de p\u00f3lvora, balas de pimienta, balas de pintura<\/li>\n<li>Equipado con sistema Quick Break Cap<\/li>\n<li>Leng\u00fceta de doble gatillo que act\u00faa como seguridad<\/li>\n<li>Equipado con riel de montaje RIS<\/li>\n<li>Disponible sin permiso<\/li>\n<li>No incluye municiones<\/li>\n<\/ul>","protected":false},"featured_media":32805,"comment_status":"open","ping_status":"closed","template":"","meta":[],"product_brand":[],"product_cat":[66],"product_tag":[],"class_list":{"0":"post-32804","1":"product","2":"type-product","3":"status-publish","4":"has-post-thumbnail","6":"product_cat-armas-traumaticas","8":"first","9":"outofstock","10":"shipping-taxable","11":"purchasable","12":"product-type-simple"},"_links":{"self":[{"href":"https:\/\/urbantacs.cl\/en\/wp-json\/wp\/v2\/product\/32804","targetHints":{"allow":["GET"]}}],"collection":[{"href":"https:\/\/urbantacs.cl\/en\/wp-json\/wp\/v2\/product"}],"about":[{"href":"https:\/\/urbantacs.cl\/en\/wp-json\/wp\/v2\/types\/product"}],"replies":[{"embeddable":true,"href":"https:\/\/urbantacs.cl\/en\/wp-json\/wp\/v2\/comments?post=32804"}],"wp:featuredmedia":[{"embeddable":true,"href":"https:\/\/urbantacs.cl\/en\/wp-json\/wp\/v2\/media\/32805"}],"wp:attachment":[{"href":"https:\/\/urbantacs.cl\/en\/wp-json\/wp\/v2\/media?parent=32804"}],"wp:term":[{"taxonomy":"product_brand","embeddable":true,"href":"https:\/\/urbantacs.cl\/en\/wp-json\/wp\/v2\/product_brand?post=32804"},{"taxonomy":"product_cat","embeddable":true,"href":"https:\/\/urbantacs.cl\/en\/wp-json\/wp\/v2\/product_cat?post=32804"},{"taxonomy":"product_tag","embeddable":true,"href":"https:\/\/urbantacs.cl\/en\/wp-json\/wp\/v2\/product_tag?post=32804"}],"curies":[{"name":"wp","href":"https:\/\/api.w.org\/{rel}","templated":true}]}}