{"id":32837,"date":"2024-04-29T23:38:12","date_gmt":"2024-04-30T03:38:12","guid":{"rendered":"https:\/\/urbantacs.cl\/?post_type=product&#038;p=32837"},"modified":"2026-04-16T12:14:56","modified_gmt":"2026-04-16T16:14:56","slug":"carabina-rossi-modelo-puma-cal-38-spl-357-mag-20-10-tiros-pavonado","status":"publish","type":"product","link":"https:\/\/urbantacs.cl\/en\/product\/carabina-rossi-modelo-puma-cal-38-spl-357-mag-20-10-tiros-pavonado\/","title":{"rendered":"CARABINA ROSSI MODELO PUMA CAL 38 SPL \/ 357 MAG 20&#8243; 10 TIROS PAVONADO"},"content":{"rendered":"","protected":false},"excerpt":{"rendered":"<p style=\"text-align: justify;\">\u00a1Los cl\u00e1sicos nunca mueren!<\/p>\n<p style=\"text-align: justify;\">La legendaria carabina Puma Inspirada en el arma Winchester modelo 92,\u00a0 pavonada de ca\u00f1\u00f3n redondo, calibre .38 SPL \/ 357 Mag, tiene un acabado pavonado\u00a0 y una culata de madera dura, pulida y barnizada . Su modo de acci\u00f3n es de repetici\u00f3n por palanca, cargando as\u00ed nuevos cartuchos en la rec\u00e1mara cuando se acciona la palanca.<\/p>\n<p style=\"text-align: justify;\">Dispone de bloqueo manual y martillo de bloqueo. Contiene doble cerrojo de bloqueo y percutor flotante. Con su sistema Lever Action y su plataforma \u201cWinchester\u201d te sentir\u00e1s como el mism\u00edsimo Clint Eastwood, incluso con poca pr\u00e1ctica, acertar\u00e1s en cualquier objetivo, gracias al ca\u00f1\u00f3n de 20 pulgadas y su gran capacidad de 10 disparos.<\/p>\n<p style=\"text-align: justify;\">Una vez la adquieras tu \u00fanica duda ser\u00e1 decidir si conservarla como arma de defensa, colecci\u00f3n o ganar premios en campeonatos de tiro al blanco.<\/p>\n<p><strong>Especificaciones tecnicas:<\/strong><\/p>\n<p>\u2013 Fabricante: Rossi \/ Brasil<br \/>\n\u2013 Modelo: Puma<br \/>\n\u2013 Calibre: .38 SPL y 357 Mag<br \/>\n\u2013 Capacidad: 10 disparos<br \/>\n\u2013 Acci\u00f3n: Palanca de control<br \/>\n\u2013 Longitud del ca\u00f1\u00f3n: 20\u201d (508 mm)<br \/>\n\u2013 Longitud total: 945 mm<br \/>\n\u2013 Peso: 2,8 kg<br \/>\n\u2013 Miras: Estilo Buckhorn<br \/>\n\u2013 Stock: Madera Natural<br \/>\n\u2013 Acabado: Pavonado<\/p>\n<p style=\"text-align: justify;\"><strong>Este producto est\u00e1 controlado por la ley y no se puede agregar al carro de compras.<\/strong><br \/>\n<strong>Para adquirir este producto, usted debe\u00a0<a href=\"https:\/\/www.target.cl\/index.php?main_page=contact_us&amp;pid=1990&amp;to=1\">contactarnos<\/a>\u00a0para formalizar el proceso.<\/strong><\/p>","protected":false},"featured_media":32842,"comment_status":"open","ping_status":"closed","template":"","meta":[],"product_brand":[],"product_cat":[96,35,36],"product_tag":[],"class_list":{"0":"post-32837","1":"product","2":"type-product","3":"status-publish","4":"has-post-thumbnail","6":"product_cat-carabinas","7":"product_cat-armamento","8":"product_cat-caza","10":"first","11":"onbackorder","12":"shipping-taxable","13":"purchasable","14":"product-type-simple"},"_links":{"self":[{"href":"https:\/\/urbantacs.cl\/en\/wp-json\/wp\/v2\/product\/32837","targetHints":{"allow":["GET"]}}],"collection":[{"href":"https:\/\/urbantacs.cl\/en\/wp-json\/wp\/v2\/product"}],"about":[{"href":"https:\/\/urbantacs.cl\/en\/wp-json\/wp\/v2\/types\/product"}],"replies":[{"embeddable":true,"href":"https:\/\/urbantacs.cl\/en\/wp-json\/wp\/v2\/comments?post=32837"}],"wp:featuredmedia":[{"embeddable":true,"href":"https:\/\/urbantacs.cl\/en\/wp-json\/wp\/v2\/media\/32842"}],"wp:attachment":[{"href":"https:\/\/urbantacs.cl\/en\/wp-json\/wp\/v2\/media?parent=32837"}],"wp:term":[{"taxonomy":"product_brand","embeddable":true,"href":"https:\/\/urbantacs.cl\/en\/wp-json\/wp\/v2\/product_brand?post=32837"},{"taxonomy":"product_cat","embeddable":true,"href":"https:\/\/urbantacs.cl\/en\/wp-json\/wp\/v2\/product_cat?post=32837"},{"taxonomy":"product_tag","embeddable":true,"href":"https:\/\/urbantacs.cl\/en\/wp-json\/wp\/v2\/product_tag?post=32837"}],"curies":[{"name":"wp","href":"https:\/\/api.w.org\/{rel}","templated":true}]}}