{"id":32849,"date":"2024-05-08T23:46:35","date_gmt":"2024-05-09T03:46:35","guid":{"rendered":"https:\/\/urbantacs.cl\/?post_type=product&#038;p=32849"},"modified":"2026-02-14T15:30:56","modified_gmt":"2026-02-14T18:30:56","slug":"sig-sauer-p226-x-five-9mm","status":"publish","type":"product","link":"https:\/\/urbantacs.cl\/en\/product\/sig-sauer-p226-x-five-9mm\/","title":{"rendered":"SIG SAUER P226 X FIVE 9MM"},"content":{"rendered":"","protected":false},"excerpt":{"rendered":"<p>La P226-XFIVE r\u00e1pidamente se hizo conocida en todo el mundo como la pistola de tiro definitiva. Ahora SIG <a class=\"gls gls-53\" href=\"https:\/\/www.sigsauer.com\/glossary\/custom-works\/\" target=\"_blank\" rel=\"noopener\" data-tlite=\"The SIG SAUER Custom Works division manufactures and builds bespoke handguns for customers interested in a variety of parts, accessories, and personalization's tailored specifically for the shooter.\">Custom Works<\/a> recupera el mismo rendimiento y precisi\u00f3n legendarios con un P226-XFIVE completamente nuevo. Basada en la venerable plataforma P226, esta pistola de acci\u00f3n simple de 9 mm est\u00e1 dise\u00f1ada para brindar el m\u00e1ximo rendimiento con un ca\u00f1\u00f3n de 5 pulgadas y un marco de acero inoxidable que brinda una acci\u00f3n suave e impecable y una precisi\u00f3n inigualable. El P226-XFIVE se puede adaptar a las preferencias de cualquier tirador con un gatillo totalmente ajustable para tirar del peso, sobrerrecorrido y una zapata del gatillo que es extra\u00edble y ajustable para la longitud del tiro. La placa de mira trasera ajustable estilo Dawson se puede quitar para montar directamente una \u00f3ptica que utilice el espacio PRO est\u00e1ndar. El P226-XFIVE es un lanzamiento de producci\u00f3n de Custom Works y viene con tres cargadores de acero de 20 rondas con almohadillas de base de aleaci\u00f3n.<\/p>\n<p>&nbsp;<\/p>\n<p>Especificaciones t\u00e9cnicas:<\/p>\n<ul>\n<li><span style=\"vertical-align: inherit;\"><span style=\"vertical-align: inherit;\">Calibre: 9 mm<\/span><\/span><\/li>\n<li>Capacidad del cargador: 20 Tiros<\/li>\n<li>Cantidad de cargadores: 3 Cargadores<\/li>\n<li>Sistema de disparo: Semiautom\u00e1tico<\/li>\n<li><span style=\"vertical-align: inherit;\"><span style=\"vertical-align: inherit;\">Largo total: 220 mm<\/span><\/span><\/li>\n<li>Largo del ca\u00f1\u00f3n: 5&#8243;<\/li>\n<li>Acci\u00f3n: SA<\/li>\n<li>Peso: 1310 g<\/li>\n<li><span style=\"vertical-align: inherit;\"><span style=\"vertical-align: inherit;\">Color: Inox<\/span><\/span><\/li>\n<\/ul>\n<p><strong>Este producto est\u00e1 controlado por la ley y no se puede agregar al carro de compras.<\/strong><br \/>\n<strong>Para adquirir este producto, usted debe\u00a0<a href=\"https:\/\/www.target.cl\/index.php?main_page=contact_us&amp;pid=1990&amp;to=1\">contactarnos<\/a>\u00a0para formalizar el proceso.<\/strong><\/p>","protected":false},"featured_media":32850,"comment_status":"open","ping_status":"closed","template":"","meta":[],"product_brand":[],"product_cat":[47,45,78],"product_tag":[],"class_list":{"0":"post-32849","1":"product","2":"type-product","3":"status-publish","4":"has-post-thumbnail","6":"product_cat-armas-cortas","7":"product_cat-pistolas","8":"product_cat-sig-sauer","10":"first","11":"onbackorder","12":"shipping-taxable","13":"purchasable","14":"product-type-simple"},"_links":{"self":[{"href":"https:\/\/urbantacs.cl\/en\/wp-json\/wp\/v2\/product\/32849","targetHints":{"allow":["GET"]}}],"collection":[{"href":"https:\/\/urbantacs.cl\/en\/wp-json\/wp\/v2\/product"}],"about":[{"href":"https:\/\/urbantacs.cl\/en\/wp-json\/wp\/v2\/types\/product"}],"replies":[{"embeddable":true,"href":"https:\/\/urbantacs.cl\/en\/wp-json\/wp\/v2\/comments?post=32849"}],"wp:featuredmedia":[{"embeddable":true,"href":"https:\/\/urbantacs.cl\/en\/wp-json\/wp\/v2\/media\/32850"}],"wp:attachment":[{"href":"https:\/\/urbantacs.cl\/en\/wp-json\/wp\/v2\/media?parent=32849"}],"wp:term":[{"taxonomy":"product_brand","embeddable":true,"href":"https:\/\/urbantacs.cl\/en\/wp-json\/wp\/v2\/product_brand?post=32849"},{"taxonomy":"product_cat","embeddable":true,"href":"https:\/\/urbantacs.cl\/en\/wp-json\/wp\/v2\/product_cat?post=32849"},{"taxonomy":"product_tag","embeddable":true,"href":"https:\/\/urbantacs.cl\/en\/wp-json\/wp\/v2\/product_tag?post=32849"}],"curies":[{"name":"wp","href":"https:\/\/api.w.org\/{rel}","templated":true}]}}