{"id":32854,"date":"2024-05-09T00:03:29","date_gmt":"2024-05-09T04:03:29","guid":{"rendered":"https:\/\/urbantacs.cl\/?post_type=product&#038;p=32854"},"modified":"2026-02-17T11:19:41","modified_gmt":"2026-02-17T14:19:41","slug":"pistola-sig-sauer-p320-m17-9mm","status":"publish","type":"product","link":"https:\/\/urbantacs.cl\/en\/product\/pistola-sig-sauer-p320-m17-9mm\/","title":{"rendered":"PISTOLA SIG SAUER P320 M17 9MM"},"content":{"rendered":"","protected":false},"excerpt":{"rendered":"<p style=\"text-align: justify;\"><em>La misma innovaci\u00f3n y versatilidad que la M17 del Ej\u00e9rcito de EE.UU. en una versi\u00f3n civil.<\/em><\/p>\n<p style=\"text-align: justify;\">Despu\u00e9s de uno de los procesos de revisi\u00f3n m\u00e1s rigurosos y altamente competitivos en la historia de las armas de fuego militares, la SIG SAUER M17 recibi\u00f3 el contrato Modular Handgun System (MHS) para el Ej\u00e9rcito de los EE.UU. La M17 es una plataforma basada en P320 y fue seleccionado por su modularidad \u00fanica e innovadora, rendimiento sin concesiones y capacidad inigualable. El P320-M17 sigue de cerca las especificaciones de la M17 del Ej\u00e9rcito de EE.UU.<\/p>\n<p style=\"text-align: justify;\"><em>\u201cFue un verdadero honor para SIG SAUER ser elegido como la elecci\u00f3n del Ej\u00e9rcito de los EE. UU. Con el M17. Cuando se anunci\u00f3 la selecci\u00f3n, el inter\u00e9s de los civiles en la pistola fue inmediato\u00bb<\/em>, dijo Tom Taylor, director de marketing y vicepresidente ejecutivo de SIG SAUER, Inc.<em>\u00a0\u00abEstamos orgullosos de llevar esta P320-M17 al mercado para conocer a la poblaci\u00f3n civil sustancial el inter\u00e9s y la gran demanda de poseer la pistola que usa el Ej\u00e9rcito, as\u00ed como las otras ramas del Ej\u00e9rcito de los Estados Unidos \u00ab.<\/em><\/p>\n<p style=\"text-align: justify;\">La pistola presenta una corredera de acero inoxidable recubierta de PVD color Coyote con el mismo corte \u00f3ptico que se especifica en el contrato de MHS, y controles negros como las pistolas que se env\u00edan actualmente al Ej\u00e9rcito de los EE.UU. Viene equipada\u00a0con mira delantera SIGLITE y mira nocturna trasera\u00a0extra\u00edble. La P320-M17 cuenta con un m\u00f3dulo de agarre Coyote-Tan de longitud de transporte, disponible en tres tama\u00f1os, y viene de serie con seguro manual.<\/p>\n<p>&nbsp;<\/p>\n<h2 id=\"caracteristicas\">Caracter\u00edsticas<\/h2>\n<ul>\n<li><strong>Modelo:<\/strong>\u00a0P320 M17<\/li>\n<li><strong>Calibre:<\/strong>\u00a09 mm<\/li>\n<li><strong>Cargador:<\/strong>\u00a02 unidades de 21 disparos y 1 unidad de 17 disparos<\/li>\n<li><strong>Funcionamiento:<\/strong>\u00a0Semiautom\u00e1tico<\/li>\n<li><strong>Acci\u00f3n:<\/strong>\u00a0Strike-Fired (percusi\u00f3n)<\/li>\n<li><strong>Grip:<\/strong>\u00a0Pol\u00edmero<\/li>\n<li><strong>Ca\u00f1\u00f3n:<\/strong>\u00a0Acero de carbono<\/li>\n<li><strong>Miras:<\/strong>\u00a0traseras night sight, delantera Siglite<\/li>\n<li><strong>Material del marco y de la corredera:\u00a0<\/strong>Acero inoxidable<\/li>\n<li><strong>Acabado de la corredera:<\/strong>\u00a0Coyote PVD<\/li>\n<li><\/li>\n<\/ul>\n<div class=\"woocommerce-product-details__short-description\">\n<p><strong>Este producto est\u00e1 controlado por la ley y no se puede agregar al carro de compras.<\/strong><br \/>\n<strong>Para adquirir este producto, usted debe\u00a0<a href=\"https:\/\/www.target.cl\/index.php?main_page=contact_us&amp;pid=1990&amp;to=1\">contactarnos<\/a>\u00a0para formalizar el proceso.<\/strong><\/p>\n<\/div>\n<div class=\"wishlist-btn-wrapper\"><\/div>","protected":false},"featured_media":32855,"comment_status":"open","ping_status":"closed","template":"","meta":[],"product_brand":[],"product_cat":[47,45,78],"product_tag":[],"class_list":{"0":"post-32854","1":"product","2":"type-product","3":"status-publish","4":"has-post-thumbnail","6":"product_cat-armas-cortas","7":"product_cat-pistolas","8":"product_cat-sig-sauer","10":"first","11":"outofstock","12":"shipping-taxable","13":"purchasable","14":"product-type-simple"},"_links":{"self":[{"href":"https:\/\/urbantacs.cl\/en\/wp-json\/wp\/v2\/product\/32854","targetHints":{"allow":["GET"]}}],"collection":[{"href":"https:\/\/urbantacs.cl\/en\/wp-json\/wp\/v2\/product"}],"about":[{"href":"https:\/\/urbantacs.cl\/en\/wp-json\/wp\/v2\/types\/product"}],"replies":[{"embeddable":true,"href":"https:\/\/urbantacs.cl\/en\/wp-json\/wp\/v2\/comments?post=32854"}],"wp:featuredmedia":[{"embeddable":true,"href":"https:\/\/urbantacs.cl\/en\/wp-json\/wp\/v2\/media\/32855"}],"wp:attachment":[{"href":"https:\/\/urbantacs.cl\/en\/wp-json\/wp\/v2\/media?parent=32854"}],"wp:term":[{"taxonomy":"product_brand","embeddable":true,"href":"https:\/\/urbantacs.cl\/en\/wp-json\/wp\/v2\/product_brand?post=32854"},{"taxonomy":"product_cat","embeddable":true,"href":"https:\/\/urbantacs.cl\/en\/wp-json\/wp\/v2\/product_cat?post=32854"},{"taxonomy":"product_tag","embeddable":true,"href":"https:\/\/urbantacs.cl\/en\/wp-json\/wp\/v2\/product_tag?post=32854"}],"curies":[{"name":"wp","href":"https:\/\/api.w.org\/{rel}","templated":true}]}}