{"id":32858,"date":"2024-05-09T00:14:32","date_gmt":"2024-05-09T04:14:32","guid":{"rendered":"https:\/\/urbantacs.cl\/?post_type=product&#038;p=32858"},"modified":"2026-02-14T16:06:30","modified_gmt":"2026-02-14T19:06:30","slug":"pistola-sig-sauer-p320-nitron-full-9mm","status":"publish","type":"product","link":"https:\/\/urbantacs.cl\/en\/product\/pistola-sig-sauer-p320-nitron-full-9mm\/","title":{"rendered":"PISTOLA SIG SAUER P320 NITRON FULL 9MM"},"content":{"rendered":"","protected":false},"excerpt":{"rendered":"<p style=\"text-align: justify;\">El P320 Full-Size ofrece un gatillo suave y n\u00edtido para hacer que cualquier tirador sea m\u00e1s preciso, un derribo intuitivo de 3 puntos y una modularidad inigualable para adaptarse a cualquier tirador y cualquier situaci\u00f3n. Su marco de tama\u00f1o completo es ideal para tiro al blanco, defensa local y cualquier escenario donde la capacidad de tiro y la precisi\u00f3n de la mira sean la m\u00e1xima prioridad. Esta pistola modular con percutor cuenta con una empu\u00f1adura de tama\u00f1o completo, corredera de longitud completa y miras de contraste de acero de 3 puntos. C\u00e1mara en lugar de 9 mm. Las caracter\u00edsticas\u00a0<a class=\"gls gls-182\" href=\"https:\/\/www.sigsauer.com\/glossary\/safety\/\" target=\"_blank\" rel=\"noopener\" data-tlite=\"A safety is generally a mechanical system that prevents the gun from releasing the hammer or striker to activate the primer of a cartridge, thus expelling a projectile without a deliberate pull of the trigger.\">de seguridad<\/a>\u00a0incluyen un seguro de percutor y un seguro de desconexi\u00f3n.<\/p>\n<p><strong>Detalles<\/strong><\/p>\n<p>Calibre: 9mm<br \/>\nCargadores incluidos: Cargadores (2) 17rd Steel<br \/>\nMira tritium: Steel 3-dot Contrast Sights<br \/>\nLongitud total: 8.0 in (203 mm)<br \/>\nAncho total: 1.4 in (36 mm)<br \/>\nAltura total: 5.5 in (140 mm)<br \/>\nLongitud del ca\u00f1o: 4.7 in (119 mm)<br \/>\nPeso: 29.5 oz (836 g)<br \/>\nRadio de mira: 6.6 in (168 mm)<br \/>\nMecanismo del gatillo: Striker<br \/>\nTipo de grip : N\/A<br \/>\nMaterial del ca\u00f1o: Acero al carbono<br \/>\nTerminaci\u00f3n del frame: Acero inoxidable<br \/>\nTerminaci\u00f3n de corredera: Nitron<br \/>\nMaterial corredera: Acero inoxidable<\/p>\n<p>&nbsp;<\/p>\n<div class=\"woocommerce-product-details__short-description\">\n<p><strong>Este producto est\u00e1 controlado por la ley y no se puede agregar al carro de compras.<\/strong><br \/>\n<strong>Para adquirir este producto, usted debe\u00a0<a href=\"https:\/\/www.target.cl\/index.php?main_page=contact_us&amp;pid=1990&amp;to=1\">contactarnos<\/a>\u00a0para formalizar el proceso.<\/strong><\/p>\n<\/div>\n<div class=\"wishlist-btn-wrapper\"><\/div>","protected":false},"featured_media":32859,"comment_status":"open","ping_status":"closed","template":"","meta":[],"product_brand":[],"product_cat":[47,45,78],"product_tag":[],"class_list":{"0":"post-32858","1":"product","2":"type-product","3":"status-publish","4":"has-post-thumbnail","6":"product_cat-armas-cortas","7":"product_cat-pistolas","8":"product_cat-sig-sauer","10":"first","11":"onbackorder","12":"shipping-taxable","13":"purchasable","14":"product-type-simple"},"_links":{"self":[{"href":"https:\/\/urbantacs.cl\/en\/wp-json\/wp\/v2\/product\/32858","targetHints":{"allow":["GET"]}}],"collection":[{"href":"https:\/\/urbantacs.cl\/en\/wp-json\/wp\/v2\/product"}],"about":[{"href":"https:\/\/urbantacs.cl\/en\/wp-json\/wp\/v2\/types\/product"}],"replies":[{"embeddable":true,"href":"https:\/\/urbantacs.cl\/en\/wp-json\/wp\/v2\/comments?post=32858"}],"wp:featuredmedia":[{"embeddable":true,"href":"https:\/\/urbantacs.cl\/en\/wp-json\/wp\/v2\/media\/32859"}],"wp:attachment":[{"href":"https:\/\/urbantacs.cl\/en\/wp-json\/wp\/v2\/media?parent=32858"}],"wp:term":[{"taxonomy":"product_brand","embeddable":true,"href":"https:\/\/urbantacs.cl\/en\/wp-json\/wp\/v2\/product_brand?post=32858"},{"taxonomy":"product_cat","embeddable":true,"href":"https:\/\/urbantacs.cl\/en\/wp-json\/wp\/v2\/product_cat?post=32858"},{"taxonomy":"product_tag","embeddable":true,"href":"https:\/\/urbantacs.cl\/en\/wp-json\/wp\/v2\/product_tag?post=32858"}],"curies":[{"name":"wp","href":"https:\/\/api.w.org\/{rel}","templated":true}]}}