{"id":32925,"date":"2025-01-06T18:07:29","date_gmt":"2025-01-06T21:07:29","guid":{"rendered":"https:\/\/urbantacs.cl\/?post_type=product&#038;p=32925"},"modified":"2026-02-17T11:29:47","modified_gmt":"2026-02-17T14:29:47","slug":"pistola-echelon-springfield-armory-verde","status":"publish","type":"product","link":"https:\/\/urbantacs.cl\/en\/product\/pistola-echelon-springfield-armory-verde\/","title":{"rendered":"PISTOLA ECHELON SPRINGFIELD ARMORY VERDE"},"content":{"rendered":"","protected":false},"excerpt":{"rendered":"<p style=\"text-align: justify;\">Springfield Armory\u00ae se enorgullece de anunciar el lanzamiento de dos nuevas variantes de color de la pistola Echelon de 9 mm. Ahora disponibles en Desert FDE o Verde OD, estas dos pistolas contin\u00faan la reputaci\u00f3n de la Echelon como arma de mano altamente adaptable, dise\u00f1ada con una ergonom\u00eda superior y construida para soportar las condiciones m\u00e1s duras.<\/p>\n<p style=\"text-align: justify;\">En el coraz\u00f3n de la Echelon se encuentra el Grupo Operativo Central, pendiente de patente. Empleando t\u00e9cnicas de fabricaci\u00f3n de vanguardia, este chasis modular es una pieza totalmente aut\u00f3noma y serializada. El resultado es un sistema que puede moverse f\u00e1cilmente entre los m\u00f3dulos de agarre disponibles en cuesti\u00f3n de segundos.<\/p>","protected":false},"featured_media":32926,"comment_status":"open","ping_status":"closed","template":"","meta":[],"product_brand":[],"product_cat":[47,45,55],"product_tag":[],"class_list":{"0":"post-32925","1":"product","2":"type-product","3":"status-publish","4":"has-post-thumbnail","6":"product_cat-armas-cortas","7":"product_cat-pistolas","8":"product_cat-pringfield-armory","10":"first","11":"outofstock","12":"shipping-taxable","13":"product-type-simple"},"_links":{"self":[{"href":"https:\/\/urbantacs.cl\/en\/wp-json\/wp\/v2\/product\/32925","targetHints":{"allow":["GET"]}}],"collection":[{"href":"https:\/\/urbantacs.cl\/en\/wp-json\/wp\/v2\/product"}],"about":[{"href":"https:\/\/urbantacs.cl\/en\/wp-json\/wp\/v2\/types\/product"}],"replies":[{"embeddable":true,"href":"https:\/\/urbantacs.cl\/en\/wp-json\/wp\/v2\/comments?post=32925"}],"wp:featuredmedia":[{"embeddable":true,"href":"https:\/\/urbantacs.cl\/en\/wp-json\/wp\/v2\/media\/32926"}],"wp:attachment":[{"href":"https:\/\/urbantacs.cl\/en\/wp-json\/wp\/v2\/media?parent=32925"}],"wp:term":[{"taxonomy":"product_brand","embeddable":true,"href":"https:\/\/urbantacs.cl\/en\/wp-json\/wp\/v2\/product_brand?post=32925"},{"taxonomy":"product_cat","embeddable":true,"href":"https:\/\/urbantacs.cl\/en\/wp-json\/wp\/v2\/product_cat?post=32925"},{"taxonomy":"product_tag","embeddable":true,"href":"https:\/\/urbantacs.cl\/en\/wp-json\/wp\/v2\/product_tag?post=32925"}],"curies":[{"name":"wp","href":"https:\/\/api.w.org\/{rel}","templated":true}]}}