{"id":32956,"date":"2025-04-16T09:44:53","date_gmt":"2025-04-16T13:44:53","guid":{"rendered":"https:\/\/urbantacs.cl\/?post_type=product&#038;p=32956"},"modified":"2026-02-14T15:58:50","modified_gmt":"2026-02-14T18:58:50","slug":"pistola-taurus-1911-government-calibre-9-mm","status":"publish","type":"product","link":"https:\/\/urbantacs.cl\/en\/product\/pistola-taurus-1911-government-calibre-9-mm\/","title":{"rendered":"Pistola Taurus 1911 Pavon calibre 9 mm"},"content":{"rendered":"","protected":false},"excerpt":{"rendered":"<p>La TAURUS 1911 es una pistola cl\u00e1sica basada en la plataforma tradicional 1911. Tiene marco de acero forjado, mecanismo de disparo de simple acci\u00f3n, martillo externo, seguro manual y seguro de empu\u00f1adura. Empezando por nuestros propios armazones, correderas y ca\u00f1ones de acero forjados a martillo (no fundidos) de calidad para artiller\u00eda.<\/p>\n<p>Nuestros expertos armeros ajustan y ensamblan a mano cada arma de fuego en nuestra f\u00e1brica de \u00faltima generaci\u00f3n. Ahora disponible en 9 mm, esta arma de fuego agresiva y s\u00f3lida como una roca est\u00e1 lista para usar nada m\u00e1s sacarla de la caja.<\/p>\n<h5>La Taurus 1911 de 9 mm es un arma de fuego imbatible que tambi\u00e9n ofrece una relaci\u00f3n calidad-precio inmejorable.<\/h5>\n<p><strong>Especificaciones t\u00e9cnicas:<\/strong><\/p>\n<ul>\n<li>Calibre : 9 mm<\/li>\n<li>Largo del ca\u00f1\u00f3n: 5&#8243;<\/li>\n<li>Capacidad del cargador: 9 tiros<\/li>\n<li>Acci\u00f3n: SA<\/li>\n<li>Cantidad de cargadores: 2 Cargadores<\/li>\n<li>Color: Pavonado<\/li>\n<\/ul>","protected":false},"featured_media":32960,"comment_status":"open","ping_status":"closed","template":"","meta":[],"product_brand":[],"product_cat":[47,45,54],"product_tag":[],"class_list":{"0":"post-32956","1":"product","2":"type-product","3":"status-publish","4":"has-post-thumbnail","6":"product_cat-armas-cortas","7":"product_cat-pistolas","8":"product_cat-taurus","10":"first","11":"onbackorder","12":"sale","13":"sold-individually","14":"shipping-taxable","15":"purchasable","16":"product-type-simple"},"_links":{"self":[{"href":"https:\/\/urbantacs.cl\/en\/wp-json\/wp\/v2\/product\/32956","targetHints":{"allow":["GET"]}}],"collection":[{"href":"https:\/\/urbantacs.cl\/en\/wp-json\/wp\/v2\/product"}],"about":[{"href":"https:\/\/urbantacs.cl\/en\/wp-json\/wp\/v2\/types\/product"}],"replies":[{"embeddable":true,"href":"https:\/\/urbantacs.cl\/en\/wp-json\/wp\/v2\/comments?post=32956"}],"wp:featuredmedia":[{"embeddable":true,"href":"https:\/\/urbantacs.cl\/en\/wp-json\/wp\/v2\/media\/32960"}],"wp:attachment":[{"href":"https:\/\/urbantacs.cl\/en\/wp-json\/wp\/v2\/media?parent=32956"}],"wp:term":[{"taxonomy":"product_brand","embeddable":true,"href":"https:\/\/urbantacs.cl\/en\/wp-json\/wp\/v2\/product_brand?post=32956"},{"taxonomy":"product_cat","embeddable":true,"href":"https:\/\/urbantacs.cl\/en\/wp-json\/wp\/v2\/product_cat?post=32956"},{"taxonomy":"product_tag","embeddable":true,"href":"https:\/\/urbantacs.cl\/en\/wp-json\/wp\/v2\/product_tag?post=32956"}],"curies":[{"name":"wp","href":"https:\/\/api.w.org\/{rel}","templated":true}]}}