{"id":32962,"date":"2025-04-16T10:00:45","date_gmt":"2025-04-16T14:00:45","guid":{"rendered":"https:\/\/urbantacs.cl\/?post_type=product&#038;p=32962"},"modified":"2026-02-14T15:57:55","modified_gmt":"2026-02-14T18:57:55","slug":"32962","status":"publish","type":"product","link":"https:\/\/urbantacs.cl\/en\/product\/32962\/","title":{"rendered":"TANFOGLIO \u2013 STOCK I XTREME CAL 9MM"},"content":{"rendered":"<div class=\"d-flex justify-content-center\">\n<div class=\"fotorama fotorama1744811327439\" data-nav=\"thumbs\" data-allowfullscreen=\"native\" data-transition=\"crossfade\" data-autoplay=\"true\" data-loop=\"true\">\n<div class=\"fotorama__wrap fotorama__wrap--css3 fotorama__wrap--fade fotorama__wrap--toggle-arrows fotorama__wrap--no-controls\">\n<div class=\"fotorama__stage fotorama__pointer\">\n<div class=\"fotorama__fullscreen-icon\" tabindex=\"0\" role=\"button\"><\/div>\n<div class=\"fotorama__stage__shaft\">\n<div class=\"fotorama__stage__frame fotorama__loaded fotorama__loaded--img fotorama__fade-front\"><\/div>\n<div class=\"fotorama__stage__frame fotorama__loaded fotorama__loaded--img fotorama__fade-rear fotorama__active\"><\/div>\n<\/div>\n<div class=\"fotorama__arr fotorama__arr--next\" tabindex=\"0\" role=\"button\"><\/div>\n<div class=\"fotorama__video-close\"><\/div>\n<\/div>\n<div class=\"fotorama__nav-wrap\">\n<div class=\"fotorama__nav fotorama__nav--thumbs\">\n<div class=\"fotorama__nav__shaft\">\n<div class=\"fotorama__thumb-border\"><\/div>\n<div class=\"fotorama__nav__frame fotorama__nav__frame--thumb\" tabindex=\"0\" role=\"button\">\n<div class=\"fotorama__thumb fotorama__loaded fotorama__loaded--img\"><\/div>\n<\/div>\n<div class=\"fotorama__nav__frame fotorama__nav__frame--thumb\" tabindex=\"0\" role=\"button\">\n<div class=\"fotorama__thumb fotorama__loaded fotorama__loaded--img\"><\/div>\n<\/div>\n<div class=\"fotorama__nav__frame fotorama__nav__frame--thumb fotorama__active\" tabindex=\"0\" role=\"button\">\n<div class=\"fotorama__thumb fotorama__loaded fotorama__loaded--img\"><\/div>\n<\/div>\n<div class=\"fotorama__nav__frame fotorama__nav__frame--thumb\" tabindex=\"0\" role=\"button\">\n<div class=\"fotorama__thumb fotorama__loaded fotorama__loaded--img\"><\/div>\n<\/div>\n<div class=\"fotorama__nav__frame fotorama__nav__frame--thumb\" tabindex=\"0\" role=\"button\">\n<div class=\"fotorama__thumb fotorama__loaded fotorama__loaded--img\"><\/div>\n<\/div>\n<div class=\"fotorama__nav__frame fotorama__nav__frame--thumb\" tabindex=\"0\" role=\"button\">\n<div class=\"fotorama__thumb fotorama__loaded fotorama__loaded--img\"><\/div>\n<\/div>\n<div class=\"fotorama__nav__frame fotorama__nav__frame--thumb\" tabindex=\"0\" role=\"button\">\n<div class=\"fotorama__thumb fotorama__loaded fotorama__loaded--img\"><\/div>\n<\/div>\n<div class=\"fotorama__nav__frame fotorama__nav__frame--thumb\" tabindex=\"0\" role=\"button\">\n<div class=\"fotorama__thumb fotorama__loaded fotorama__loaded--img\"><\/div>\n<\/div>\n<\/div>\n<\/div>\n<\/div>\n<\/div>\n<\/div>\n<\/div>","protected":false},"excerpt":{"rendered":"<p>Puerta de entrada al mundo Xtreme con una pistola con una relaci\u00f3n calidad\/precio excepcional. Nacida para disparar, esta pistola es perfecta para competir. Disponible en Cerakote negro.<\/p>\n<p>Es la versi\u00f3n Xtreme del modelo Stock II, renovada en apariencia, con el mismo esp\u00edritu ganador y fuerte, que est\u00e1 en el origen de Xtreme: para campeones! Una verdadera pistola de competici\u00f3n \u201clista para usar\u201d que puede competir en los niveles m\u00e1s altos sin ninguna modificaci\u00f3n.<\/p>\n<p>&nbsp;<\/p>\n<table class=\"woocommerce-product-attributes shop_attributes\" aria-label=\"Detalles del producto\">\n<tbody>\n<tr class=\"woocommerce-product-attributes-item woocommerce-product-attributes-item--attribute_pa_marca\">\n<th class=\"woocommerce-product-attributes-item__label\" scope=\"row\">Marca<\/th>\n<td class=\"woocommerce-product-attributes-item__value\">Tanfoglio<\/td>\n<\/tr>\n<tr class=\"woocommerce-product-attributes-item woocommerce-product-attributes-item--attribute_pa_calibre\">\n<th class=\"woocommerce-product-attributes-item__label\" scope=\"row\">Calibre<\/th>\n<td class=\"woocommerce-product-attributes-item__value\">9 mm<\/td>\n<\/tr>\n<tr class=\"woocommerce-product-attributes-item woocommerce-product-attributes-item--attribute_pa_capacidad-del-cargador\">\n<th class=\"woocommerce-product-attributes-item__label\" scope=\"row\">Capacidad del cargador<\/th>\n<td class=\"woocommerce-product-attributes-item__value\">17 tiros<\/td>\n<\/tr>\n<tr class=\"woocommerce-product-attributes-item woocommerce-product-attributes-item--attribute_pa_color\">\n<th class=\"woocommerce-product-attributes-item__label\" scope=\"row\">Color<\/th>\n<td class=\"woocommerce-product-attributes-item__value\">Negro<\/td>\n<\/tr>\n<tr class=\"woocommerce-product-attributes-item woocommerce-product-attributes-item--attribute_pa_largo-canon\">\n<th class=\"woocommerce-product-attributes-item__label\" scope=\"row\">Largo ca\u00f1on<\/th>\n<td class=\"woocommerce-product-attributes-item__value\">121 mm<\/td>\n<\/tr>\n<tr class=\"woocommerce-product-attributes-item woocommerce-product-attributes-item--attribute_pa_largo-total\">\n<th class=\"woocommerce-product-attributes-item__label\" scope=\"row\">Largo total<\/th>\n<td class=\"woocommerce-product-attributes-item__value\">227 mm<\/td>\n<\/tr>\n<tr class=\"woocommerce-product-attributes-item woocommerce-product-attributes-item--attribute_pa_peso\">\n<th class=\"woocommerce-product-attributes-item__label\" scope=\"row\">Peso<\/th>\n<td class=\"woocommerce-product-attributes-item__value\">1260 g<\/td>\n<\/tr>\n<tr class=\"woocommerce-product-attributes-item woocommerce-product-attributes-item--attribute_cantidad-de-cargadores\">\n<th class=\"woocommerce-product-attributes-item__label\" scope=\"row\">Cantidad de cargadores<\/th>\n<td class=\"woocommerce-product-attributes-item__value\">2<\/td>\n<\/tr>\n<tr class=\"woocommerce-product-attributes-item woocommerce-product-attributes-item--attribute_pa_tipo\">\n<th class=\"woocommerce-product-attributes-item__label\" scope=\"row\">Tipo<\/th>\n<td class=\"woocommerce-product-attributes-item__value\">Pistola<\/td>\n<\/tr>\n<tr class=\"woocommerce-product-attributes-item woocommerce-product-attributes-item--attribute_pa_accion\">\n<th class=\"woocommerce-product-attributes-item__label\" scope=\"row\">Acci\u00f3n<\/th>\n<td class=\"woocommerce-product-attributes-item__value\">D.A<\/td>\n<\/tr>\n<\/tbody>\n<\/table>","protected":false},"featured_media":32966,"comment_status":"open","ping_status":"closed","template":"","meta":[],"product_brand":[],"product_cat":[47,45,69],"product_tag":[],"class_list":{"0":"post-32962","1":"product","2":"type-product","3":"status-publish","4":"has-post-thumbnail","6":"product_cat-armas-cortas","7":"product_cat-pistolas","8":"product_cat-tanfoglio","10":"first","11":"onbackorder","12":"shipping-taxable","13":"purchasable","14":"product-type-simple"},"_links":{"self":[{"href":"https:\/\/urbantacs.cl\/en\/wp-json\/wp\/v2\/product\/32962","targetHints":{"allow":["GET"]}}],"collection":[{"href":"https:\/\/urbantacs.cl\/en\/wp-json\/wp\/v2\/product"}],"about":[{"href":"https:\/\/urbantacs.cl\/en\/wp-json\/wp\/v2\/types\/product"}],"replies":[{"embeddable":true,"href":"https:\/\/urbantacs.cl\/en\/wp-json\/wp\/v2\/comments?post=32962"}],"wp:featuredmedia":[{"embeddable":true,"href":"https:\/\/urbantacs.cl\/en\/wp-json\/wp\/v2\/media\/32966"}],"wp:attachment":[{"href":"https:\/\/urbantacs.cl\/en\/wp-json\/wp\/v2\/media?parent=32962"}],"wp:term":[{"taxonomy":"product_brand","embeddable":true,"href":"https:\/\/urbantacs.cl\/en\/wp-json\/wp\/v2\/product_brand?post=32962"},{"taxonomy":"product_cat","embeddable":true,"href":"https:\/\/urbantacs.cl\/en\/wp-json\/wp\/v2\/product_cat?post=32962"},{"taxonomy":"product_tag","embeddable":true,"href":"https:\/\/urbantacs.cl\/en\/wp-json\/wp\/v2\/product_tag?post=32962"}],"curies":[{"name":"wp","href":"https:\/\/api.w.org\/{rel}","templated":true}]}}