{"id":32968,"date":"2025-04-16T10:08:31","date_gmt":"2025-04-16T14:08:31","guid":{"rendered":"https:\/\/urbantacs.cl\/?post_type=product&#038;p=32968"},"modified":"2026-02-14T15:57:10","modified_gmt":"2026-02-14T18:57:10","slug":"stock-i-tanfoglio-cal-9mm","status":"publish","type":"product","link":"https:\/\/urbantacs.cl\/en\/product\/stock-i-tanfoglio-cal-9mm\/","title":{"rendered":"Stock I \u2013 Tanfoglio &#8211; Cal. 9mm"},"content":{"rendered":"","protected":false},"excerpt":{"rendered":"<p>Modelo b\u00e1sico de la serie Stock: permite al ne\u00f3fito de acercarse al tiro deportivo con agilidad y al tirador m\u00e1s experto al fin de competir con peculiaridades nuevas y pesos m\u00e1s ligeros. (I.P.S.C. Production Division e I.D.P.A.)<\/p>\n<p>&nbsp;<\/p>\n<table class=\"woocommerce-product-attributes shop_attributes\" aria-label=\"Detalles del producto\">\n<tbody>\n<tr class=\"woocommerce-product-attributes-item woocommerce-product-attributes-item--attribute_pa_marca\">\n<th class=\"woocommerce-product-attributes-item__label\" scope=\"row\">Marca<\/th>\n<td class=\"woocommerce-product-attributes-item__value\">Tanfoglio<\/td>\n<\/tr>\n<tr class=\"woocommerce-product-attributes-item woocommerce-product-attributes-item--attribute_pa_calibre\">\n<th class=\"woocommerce-product-attributes-item__label\" scope=\"row\">Calibre<\/th>\n<td class=\"woocommerce-product-attributes-item__value\">9 mm<\/td>\n<\/tr>\n<tr class=\"woocommerce-product-attributes-item woocommerce-product-attributes-item--attribute_pa_largo-canon\">\n<th class=\"woocommerce-product-attributes-item__label\" scope=\"row\">Largo ca\u00f1on<\/th>\n<td class=\"woocommerce-product-attributes-item__value\">113 mm<\/td>\n<\/tr>\n<tr class=\"woocommerce-product-attributes-item woocommerce-product-attributes-item--attribute_pa_largo-total\">\n<th class=\"woocommerce-product-attributes-item__label\" scope=\"row\">Largo total<\/th>\n<td class=\"woocommerce-product-attributes-item__value\">214 mm<\/td>\n<\/tr>\n<tr class=\"woocommerce-product-attributes-item woocommerce-product-attributes-item--attribute_pa_accion\">\n<th class=\"woocommerce-product-attributes-item__label\" scope=\"row\">Acci\u00f3n<\/th>\n<td class=\"woocommerce-product-attributes-item__value\">D.A.<\/td>\n<\/tr>\n<tr class=\"woocommerce-product-attributes-item woocommerce-product-attributes-item--attribute_pa_capacidad-del-cargador\">\n<th class=\"woocommerce-product-attributes-item__label\" scope=\"row\">Capacidad del cargador<\/th>\n<td class=\"woocommerce-product-attributes-item__value\">16 tiros<\/td>\n<\/tr>\n<tr class=\"woocommerce-product-attributes-item woocommerce-product-attributes-item--attribute_pa_peso\">\n<th class=\"woocommerce-product-attributes-item__label\" scope=\"row\">Peso<\/th>\n<td class=\"woocommerce-product-attributes-item__value\">1190 g<\/td>\n<\/tr>\n<tr class=\"woocommerce-product-attributes-item woocommerce-product-attributes-item--attribute_cantidad-de-cargadores\">\n<th class=\"woocommerce-product-attributes-item__label\" scope=\"row\">Cantidad de Cargadores<\/th>\n<td class=\"woocommerce-product-attributes-item__value\">2<\/td>\n<\/tr>\n<tr class=\"woocommerce-product-attributes-item woocommerce-product-attributes-item--attribute_pa_tipo\">\n<th class=\"woocommerce-product-attributes-item__label\" scope=\"row\">Tipo<\/th>\n<td class=\"woocommerce-product-attributes-item__value\">Pistola<\/td>\n<\/tr>\n<tr class=\"woocommerce-product-attributes-item woocommerce-product-attributes-item--attribute_pa_color\">\n<th class=\"woocommerce-product-attributes-item__label\" scope=\"row\">Color<\/th>\n<td class=\"woocommerce-product-attributes-item__value\">Negro<\/td>\n<\/tr>\n<\/tbody>\n<\/table>","protected":false},"featured_media":32970,"comment_status":"open","ping_status":"closed","template":"","meta":[],"product_brand":[],"product_cat":[47,45,69],"product_tag":[],"class_list":{"0":"post-32968","1":"product","2":"type-product","3":"status-publish","4":"has-post-thumbnail","6":"product_cat-armas-cortas","7":"product_cat-pistolas","8":"product_cat-tanfoglio","10":"first","11":"onbackorder","12":"shipping-taxable","13":"purchasable","14":"product-type-simple"},"_links":{"self":[{"href":"https:\/\/urbantacs.cl\/en\/wp-json\/wp\/v2\/product\/32968","targetHints":{"allow":["GET"]}}],"collection":[{"href":"https:\/\/urbantacs.cl\/en\/wp-json\/wp\/v2\/product"}],"about":[{"href":"https:\/\/urbantacs.cl\/en\/wp-json\/wp\/v2\/types\/product"}],"replies":[{"embeddable":true,"href":"https:\/\/urbantacs.cl\/en\/wp-json\/wp\/v2\/comments?post=32968"}],"wp:featuredmedia":[{"embeddable":true,"href":"https:\/\/urbantacs.cl\/en\/wp-json\/wp\/v2\/media\/32970"}],"wp:attachment":[{"href":"https:\/\/urbantacs.cl\/en\/wp-json\/wp\/v2\/media?parent=32968"}],"wp:term":[{"taxonomy":"product_brand","embeddable":true,"href":"https:\/\/urbantacs.cl\/en\/wp-json\/wp\/v2\/product_brand?post=32968"},{"taxonomy":"product_cat","embeddable":true,"href":"https:\/\/urbantacs.cl\/en\/wp-json\/wp\/v2\/product_cat?post=32968"},{"taxonomy":"product_tag","embeddable":true,"href":"https:\/\/urbantacs.cl\/en\/wp-json\/wp\/v2\/product_tag?post=32968"}],"curies":[{"name":"wp","href":"https:\/\/api.w.org\/{rel}","templated":true}]}}