{"id":32974,"date":"2025-04-16T10:36:51","date_gmt":"2025-04-16T14:36:51","guid":{"rendered":"https:\/\/urbantacs.cl\/?post_type=product&#038;p=32974"},"modified":"2026-02-14T23:23:14","modified_gmt":"2026-02-15T02:23:14","slug":"carabina-smith-wesson-modelo-1854-madera-tradicional-calibre-44-magnum-9rd","status":"publish","type":"product","link":"https:\/\/urbantacs.cl\/en\/product\/carabina-smith-wesson-modelo-1854-madera-tradicional-calibre-44-magnum-9rd\/","title":{"rendered":"Carabina Smith &#038; Wesson, modelo 1854 madera Tradicional, calibre .44 Magnum, 9Rd."},"content":{"rendered":"","protected":false},"excerpt":{"rendered":"<h2>Rifle palanquero Smith &amp; Wesson 1854 &#8211; 44 Rem Mag (PROXIMAMENTE)<\/h2>\n<p style=\"text-align: justify;\">Smith &amp; Wesson presenta la serie modelo 1854 de rifles de palanca. Un cl\u00e1sico americano redefinido para el usuario moderno. Este rifle de palanca combina a la perfecci\u00f3n en ingenier\u00eda de precisi\u00f3n y un dise\u00f1o atemporal con caracter\u00edsticas modernas, incluidas ranuras M-LOK\u00ae en guardamanos y un carril Picatinny para montaje de \u00f3ptica.<\/p>\n<p style=\"text-align: justify;\">El modelo 1854 es la primera incursi\u00f3n de Smith &amp; Wesson en el mundo de las acciones de palanca modernas, pero ha estado durante a\u00f1os desarrollando esta arma desde cero, perfeccionando la acci\u00f3n, enfrent\u00e1ndola a la competencia y realizando rigurosas pruebas de resistencia para brindar un arma de la calidad de Smith &amp; Wesson.<\/p>\n<p style=\"text-align: justify;\">La caracter\u00edstica destacada del modelo 1854 es su suave acci\u00f3n. Consistente en su ligereza, la \u00fatil palanca de gran tama\u00f1o se mueve casi sin esfuerzo hacia adelante, amartillando el martillo sin problemas, expulsando una bala gastada y tomando una nueva del tubo. Lo mismo ocurre cuando se tira suavemente de la palanca hacia su posici\u00f3n, sin encontrar resistencia mientras se levanta una nueva bala del 44 Magnum hacia la rec\u00e1mara. Finalmente, el chasquido n\u00edtido cuando la palanca vuelve a su posici\u00f3n le da la orden de que el rifle est\u00e1 cargado y listo para el siguiente disparo. El gatillo plano permite al dedo tener una ubicaci\u00f3n segura y firme, y el disparador tiene un peso aproximado de 5 libras (2,27 Kg.).<\/p>\n<p><strong>Caracter\u00edsticas:<\/strong><\/p>\n<p>Armaz\u00f3n forjado de acero inoxidable 416 de gran durabilidad y resistencia a la corrosi\u00f3n.<br \/>\nCa\u00f1\u00f3n roscado (paso de hilo 11\/16&#8243;-24) fabricado en acero inoxidable 410, con estriado de 8 ranuras con paso de estr\u00eda hacia la derecha de 1:20&#8243;.<br \/>\nCulata de Nogal\u00a0con paneles de agarre texturizados.<br \/>\nGuardamanos de madera M-LOK\u00ae con paneles de agarre texturizados.<br \/>\nCulata y guardamanos f\u00e1cilmente intercambiables y compatibles con patrones de orificios Marlin 1894.<br \/>\nPalanca con lazo sobredimensionado.<br \/>\nPunto de mira desmontable con punto dorado.<br \/>\nCarril Picatinny, compatible en su parte posterior con un mira tipo \u201cghost ring\u201d XS\u00ae, que proporciona una superficie de montaje perfecta para una gran variedad de \u00f3pticas.<br \/>\nCargador tubular, con puerta de carga ubicada en el armaz\u00f3n, con capacidad para 9 balas.<br \/>\nEquipado con soportes para anillas portafusil.<\/p>\n<table id=\"kAHtgligwoTsZrbMYy\" class=\"table table-striped table-bordered\" role=\"presentation\">\n<tbody>\n<tr>\n<td>Acci\u00f3n<\/td>\n<td>Palanca<\/td>\n<\/tr>\n<tr>\n<td>Capacidad<\/td>\n<td>9+1<\/td>\n<\/tr>\n<tr>\n<td>Calibre<\/td>\n<td><a href=\"https:\/\/www.budsgunshop.com\/search.php\/caliber\/10000571-44+remington+mag\" aria-label=\"Ver este calibre en la b\u00fasqueda\">44 Remington Mag<\/a><\/td>\n<\/tr>\n<tr>\n<td>Longitud del ca\u00f1\u00f3n<\/td>\n<td>19.25<\/td>\n<\/tr>\n<tr>\n<td>Seguridad<\/td>\n<td>Perno transversal<\/td>\n<\/tr>\n<tr>\n<td>Material de stock<\/td>\n<td>Madera (Nogal)<\/td>\n<\/tr>\n<tr>\n<td>Tipo de art\u00edculo<\/td>\n<td>Rifle<\/td>\n<\/tr>\n<\/tbody>\n<\/table>","protected":false},"featured_media":32975,"comment_status":"open","ping_status":"closed","template":"","meta":[],"product_brand":[],"product_cat":[96,35,36],"product_tag":[],"class_list":{"0":"post-32974","1":"product","2":"type-product","3":"status-publish","4":"has-post-thumbnail","6":"product_cat-carabinas","7":"product_cat-armamento","8":"product_cat-caza","10":"first","11":"onbackorder","12":"shipping-taxable","13":"product-type-simple"},"_links":{"self":[{"href":"https:\/\/urbantacs.cl\/en\/wp-json\/wp\/v2\/product\/32974","targetHints":{"allow":["GET"]}}],"collection":[{"href":"https:\/\/urbantacs.cl\/en\/wp-json\/wp\/v2\/product"}],"about":[{"href":"https:\/\/urbantacs.cl\/en\/wp-json\/wp\/v2\/types\/product"}],"replies":[{"embeddable":true,"href":"https:\/\/urbantacs.cl\/en\/wp-json\/wp\/v2\/comments?post=32974"}],"wp:featuredmedia":[{"embeddable":true,"href":"https:\/\/urbantacs.cl\/en\/wp-json\/wp\/v2\/media\/32975"}],"wp:attachment":[{"href":"https:\/\/urbantacs.cl\/en\/wp-json\/wp\/v2\/media?parent=32974"}],"wp:term":[{"taxonomy":"product_brand","embeddable":true,"href":"https:\/\/urbantacs.cl\/en\/wp-json\/wp\/v2\/product_brand?post=32974"},{"taxonomy":"product_cat","embeddable":true,"href":"https:\/\/urbantacs.cl\/en\/wp-json\/wp\/v2\/product_cat?post=32974"},{"taxonomy":"product_tag","embeddable":true,"href":"https:\/\/urbantacs.cl\/en\/wp-json\/wp\/v2\/product_tag?post=32974"}],"curies":[{"name":"wp","href":"https:\/\/api.w.org\/{rel}","templated":true}]}}