{"id":32981,"date":"2025-04-16T11:00:34","date_gmt":"2025-04-16T15:00:34","guid":{"rendered":"https:\/\/urbantacs.cl\/?post_type=product&#038;p=32981"},"modified":"2026-02-14T15:56:36","modified_gmt":"2026-02-14T18:56:36","slug":"pistola-kmr-precision-arms-modelo-w-02-umbra-or-calibre-9mm-canon-45-capacidad-17rd-proximamente","status":"publish","type":"product","link":"https:\/\/urbantacs.cl\/en\/product\/pistola-kmr-precision-arms-modelo-w-02-umbra-or-calibre-9mm-canon-45-capacidad-17rd-proximamente\/","title":{"rendered":"Pistola KMR Precision Arms, Modelo W-02 UMBRA OR, calibre 9mm, ca\u00f1\u00f3n 4,5\u201d, Capacidad 17rd (PROXIMAMENTE)"},"content":{"rendered":"","protected":false},"excerpt":{"rendered":"<h1 class=\"product_title entry-title wd-entities-title\">Polavtomatska pi\u0161tola KMR<\/h1>\n<p>Pistola equipada con los complementos KMR y sistema de estabilizaci\u00f3n del ca\u00f1\u00f3n BRS. Adecuada para el uso de tiro deportivo y de ocio.<\/p>\n<p><strong>Peque\u00f1a, pero potente<\/strong><span lang=\"ES\">. Ha o\u00eddo bien, estamos hablando de la KMR W-02 UMBRA. Con esta pistola compacta no pasar\u00e1 desapercibido en las competiciones, al contrario, podr\u00e1 sorprender.<br \/>\nLa pistola est\u00e1 dotada de los complementos KMR y la estabilizaci\u00f3n del ca\u00f1\u00f3n BRS y eso significa dar en el blanco.<\/span><\/p>\n<p>Este modelo no est\u00e1 dise\u00f1ado s\u00f3lo para uso en el tiro deportivo, sino para todo tirador apasionado. \u00a1Con esta pistola siempre estar\u00e1 LISTO PARA COMPETIR!<\/p>\n<div class=\"bt_bb_icon bt_bb_color_scheme_4 bt_bb_style_borderless bt_bb_shape_circle bt_bb_target_self bt_bb_text_size_normal bt_bb_icon_padding_regular bt_bb_size_small bt_bb_align_inherit\" data-bb-version=\"4.9.1\" data-bt-override-class=\"{&quot;bt_bb_size_&quot;:{&quot;current_class&quot;:&quot;bt_bb_size_small&quot;,&quot;xxl&quot;:&quot;small&quot;},&quot;bt_bb_align_&quot;:{&quot;current_class&quot;:&quot;bt_bb_align_inherit&quot;,&quot;xxl&quot;:&quot;inherit&quot;}}\"><span class=\"bt_bb_icon_holder\" data-ico-fontawesome5regular=\"\uf058\">Ca\u00f1\u00f3n pesado, estriado y nitrurado de 4,5\u2033<\/span><\/div>\n<div class=\"bt_bb_icon bt_bb_color_scheme_4 bt_bb_style_borderless bt_bb_shape_circle bt_bb_target_self bt_bb_text_size_normal bt_bb_icon_padding_regular bt_bb_size_small bt_bb_align_inherit\" data-bb-version=\"4.9.1\" data-bt-override-class=\"{&quot;bt_bb_size_&quot;:{&quot;current_class&quot;:&quot;bt_bb_size_small&quot;,&quot;xxl&quot;:&quot;small&quot;},&quot;bt_bb_align_&quot;:{&quot;current_class&quot;:&quot;bt_bb_align_inherit&quot;,&quot;xxl&quot;:&quot;inherit&quot;}}\"><span class=\"bt_bb_icon_holder\" data-ico-fontawesome5regular=\"\uf058\">BRS \u2013 Sistema de Anillo de Ca\u00f1\u00f3n \u2013 Sistema de Estabilizaci\u00f3n del Ca\u00f1\u00f3n en la Corredera<\/span><\/div>\n<div class=\"bt_bb_icon bt_bb_color_scheme_4 bt_bb_style_borderless bt_bb_shape_circle bt_bb_target_self bt_bb_text_size_normal bt_bb_icon_padding_regular bt_bb_size_small bt_bb_align_inherit\" data-bb-version=\"4.9.1\" data-bt-override-class=\"{&quot;bt_bb_size_&quot;:{&quot;current_class&quot;:&quot;bt_bb_size_small&quot;,&quot;xxl&quot;:&quot;small&quot;},&quot;bt_bb_align_&quot;:{&quot;current_class&quot;:&quot;bt_bb_align_inherit&quot;,&quot;xxl&quot;:&quot;inherit&quot;}}\"><span class=\"bt_bb_icon_holder\" data-ico-fontawesome5regular=\"\uf058\">Marco y corredera de acero, mecanizados por CNC a partir de una pieza s\u00f3lida<\/span><\/div>\n<div class=\"bt_bb_icon bt_bb_color_scheme_4 bt_bb_style_borderless bt_bb_shape_circle bt_bb_target_self bt_bb_text_size_normal bt_bb_icon_padding_regular bt_bb_size_small bt_bb_align_inherit\" data-bb-version=\"4.9.1\" data-bt-override-class=\"{&quot;bt_bb_size_&quot;:{&quot;current_class&quot;:&quot;bt_bb_size_small&quot;,&quot;xxl&quot;:&quot;small&quot;},&quot;bt_bb_align_&quot;:{&quot;current_class&quot;:&quot;bt_bb_align_inherit&quot;,&quot;xxl&quot;:&quot;inherit&quot;}}\"><span class=\"bt_bb_icon_holder\" data-ico-fontawesome5regular=\"\uf058\">Marco y corredera nitrurados \u2013 negros<\/span><\/div>\n<div class=\"bt_bb_icon bt_bb_color_scheme_4 bt_bb_style_borderless bt_bb_shape_circle bt_bb_target_self bt_bb_text_size_normal bt_bb_icon_padding_regular bt_bb_size_small bt_bb_align_inherit\" data-bb-version=\"4.9.1\" data-bt-override-class=\"{&quot;bt_bb_size_&quot;:{&quot;current_class&quot;:&quot;bt_bb_size_small&quot;,&quot;xxl&quot;:&quot;small&quot;},&quot;bt_bb_align_&quot;:{&quot;current_class&quot;:&quot;bt_bb_align_inherit&quot;,&quot;xxl&quot;:&quot;inherit&quot;}}\"><span class=\"bt_bb_icon_holder\" data-ico-fontawesome5regular=\"\uf058\">Interfaz preparada para \u00f3ptica (OR)<\/span><\/div>\n<div class=\"bt_bb_icon bt_bb_color_scheme_4 bt_bb_style_borderless bt_bb_shape_circle bt_bb_target_self bt_bb_text_size_normal bt_bb_icon_padding_regular bt_bb_size_small bt_bb_align_inherit\" data-bb-version=\"4.9.1\" data-bt-override-class=\"{&quot;bt_bb_size_&quot;:{&quot;current_class&quot;:&quot;bt_bb_size_small&quot;,&quot;xxl&quot;:&quot;small&quot;},&quot;bt_bb_align_&quot;:{&quot;current_class&quot;:&quot;bt_bb_align_inherit&quot;,&quot;xxl&quot;:&quot;inherit&quot;}}\"><span class=\"bt_bb_icon_holder\" data-ico-fontawesome5regular=\"\uf058\">Mira frontal de fibra \u00f3ptica (1 mm)<\/span><\/div>\n<div class=\"bt_bb_icon bt_bb_color_scheme_4 bt_bb_style_borderless bt_bb_shape_circle bt_bb_target_self bt_bb_text_size_normal bt_bb_icon_padding_regular bt_bb_size_small bt_bb_align_inherit\" data-bb-version=\"4.9.1\" data-bt-override-class=\"{&quot;bt_bb_size_&quot;:{&quot;current_class&quot;:&quot;bt_bb_size_small&quot;,&quot;xxl&quot;:&quot;small&quot;},&quot;bt_bb_align_&quot;:{&quot;current_class&quot;:&quot;bt_bb_align_inherit&quot;,&quot;xxl&quot;:&quot;inherit&quot;}}\"><span class=\"bt_bb_icon_holder\" data-ico-fontawesome5regular=\"\uf058\">Mira trasera OR totalmente ajustable<\/span><\/div>\n<div class=\"bt_bb_icon bt_bb_color_scheme_4 bt_bb_style_borderless bt_bb_shape_circle bt_bb_target_self bt_bb_text_size_normal bt_bb_icon_padding_regular bt_bb_size_small bt_bb_align_inherit\" data-bb-version=\"4.9.1\" data-bt-override-class=\"{&quot;bt_bb_size_&quot;:{&quot;current_class&quot;:&quot;bt_bb_size_small&quot;,&quot;xxl&quot;:&quot;small&quot;},&quot;bt_bb_align_&quot;:{&quot;current_class&quot;:&quot;bt_bb_align_inherit&quot;,&quot;xxl&quot;:&quot;inherit&quot;}}\"><span class=\"bt_bb_icon_holder\" data-ico-fontawesome5regular=\"\uf058\">Mecanismo de activaci\u00f3n SA\/DA<\/span><\/div>\n<div class=\"bt_bb_icon bt_bb_color_scheme_4 bt_bb_style_borderless bt_bb_shape_circle bt_bb_target_self bt_bb_text_size_normal bt_bb_icon_padding_regular bt_bb_size_small bt_bb_align_inherit\" data-bb-version=\"4.9.1\" data-bt-override-class=\"{&quot;bt_bb_size_&quot;:{&quot;current_class&quot;:&quot;bt_bb_size_small&quot;,&quot;xxl&quot;:&quot;small&quot;},&quot;bt_bb_align_&quot;:{&quot;current_class&quot;:&quot;bt_bb_align_inherit&quot;,&quot;xxl&quot;:&quot;inherit&quot;}}\"><span class=\"bt_bb_icon_holder\" data-ico-fontawesome5regular=\"\uf058\">Gatillo SA\/DA dentado de acero con recorrido ajustable (negro)<\/span><\/div>\n<div data-bb-version=\"4.9.1\" data-bt-override-class=\"{&quot;bt_bb_size_&quot;:{&quot;current_class&quot;:&quot;bt_bb_size_small&quot;,&quot;xxl&quot;:&quot;small&quot;},&quot;bt_bb_align_&quot;:{&quot;current_class&quot;:&quot;bt_bb_align_inherit&quot;,&quot;xxl&quot;:&quot;inherit&quot;}}\">\n<div class=\"bt_bb_icon bt_bb_color_scheme_4 bt_bb_style_borderless bt_bb_shape_circle bt_bb_target_self bt_bb_text_size_normal bt_bb_icon_padding_regular bt_bb_size_small bt_bb_align_inherit\" data-bb-version=\"4.9.1\" data-bt-override-class=\"{&quot;bt_bb_size_&quot;:{&quot;current_class&quot;:&quot;bt_bb_size_small&quot;,&quot;xxl&quot;:&quot;small&quot;},&quot;bt_bb_align_&quot;:{&quot;current_class&quot;:&quot;bt_bb_align_inherit&quot;,&quot;xxl&quot;:&quot;inherit&quot;}}\"><span class=\"bt_bb_icon_holder\" data-ico-fontawesome5regular=\"\uf058\">Reinicio corto<\/span><\/div>\n<div class=\"bt_bb_icon bt_bb_color_scheme_4 bt_bb_style_borderless bt_bb_shape_circle bt_bb_target_self bt_bb_text_size_normal bt_bb_icon_padding_regular bt_bb_size_small bt_bb_align_inherit\" data-bb-version=\"4.9.1\" data-bt-override-class=\"{&quot;bt_bb_size_&quot;:{&quot;current_class&quot;:&quot;bt_bb_size_small&quot;,&quot;xxl&quot;:&quot;small&quot;},&quot;bt_bb_align_&quot;:{&quot;current_class&quot;:&quot;bt_bb_align_inherit&quot;,&quot;xxl&quot;:&quot;inherit&quot;}}\"><span class=\"bt_bb_icon_holder\" data-ico-fontawesome5regular=\"\uf058\">Martillo de competici\u00f3n SA\/DA<\/span><\/div>\n<div class=\"bt_bb_icon bt_bb_color_scheme_4 bt_bb_style_borderless bt_bb_shape_circle bt_bb_target_self bt_bb_text_size_normal bt_bb_icon_padding_regular bt_bb_size_small bt_bb_align_inherit\" data-bb-version=\"4.9.1\" data-bt-override-class=\"{&quot;bt_bb_size_&quot;:{&quot;current_class&quot;:&quot;bt_bb_size_small&quot;,&quot;xxl&quot;:&quot;small&quot;},&quot;bt_bb_align_&quot;:{&quot;current_class&quot;:&quot;bt_bb_align_inherit&quot;,&quot;xxl&quot;:&quot;inherit&quot;}}\"><span class=\"bt_bb_icon_holder\" data-ico-fontawesome5regular=\"\uf058\">Seguridad manual izquierda extendida<\/span><\/div>\n<div class=\"bt_bb_icon bt_bb_color_scheme_4 bt_bb_style_borderless bt_bb_shape_circle bt_bb_target_self bt_bb_text_size_normal bt_bb_icon_padding_regular bt_bb_size_small bt_bb_align_inherit\" data-bb-version=\"4.9.1\" data-bt-override-class=\"{&quot;bt_bb_size_&quot;:{&quot;current_class&quot;:&quot;bt_bb_size_small&quot;,&quot;xxl&quot;:&quot;small&quot;},&quot;bt_bb_align_&quot;:{&quot;current_class&quot;:&quot;bt_bb_align_inherit&quot;,&quot;xxl&quot;:&quot;inherit&quot;}}\"><span class=\"bt_bb_icon_holder\" data-ico-fontawesome5regular=\"\uf058\">Seguridad manual plana derecha<\/span><\/div>\n<div class=\"bt_bb_icon bt_bb_color_scheme_4 bt_bb_style_borderless bt_bb_shape_circle bt_bb_target_self bt_bb_text_size_normal bt_bb_icon_padding_regular bt_bb_size_small bt_bb_align_inherit\" data-bb-version=\"4.9.1\" data-bt-override-class=\"{&quot;bt_bb_size_&quot;:{&quot;current_class&quot;:&quot;bt_bb_size_small&quot;,&quot;xxl&quot;:&quot;small&quot;},&quot;bt_bb_align_&quot;:{&quot;current_class&quot;:&quot;bt_bb_align_inherit&quot;,&quot;xxl&quot;:&quot;inherit&quot;}}\"><span class=\"bt_bb_icon_holder\" data-ico-fontawesome5regular=\"\uf058\">Pu\u00f1os WAVES de duraluminio, negros<\/span><\/div>\n<div class=\"bt_bb_icon bt_bb_color_scheme_4 bt_bb_style_borderless bt_bb_shape_circle bt_bb_target_self bt_bb_text_size_normal bt_bb_icon_padding_regular bt_bb_size_small bt_bb_align_inherit\" data-bb-version=\"4.9.1\" data-bt-override-class=\"{&quot;bt_bb_size_&quot;:{&quot;current_class&quot;:&quot;bt_bb_size_small&quot;,&quot;xxl&quot;:&quot;small&quot;},&quot;bt_bb_align_&quot;:{&quot;current_class&quot;:&quot;bt_bb_align_inherit&quot;,&quot;xxl&quot;:&quot;inherit&quot;}}\"><span class=\"bt_bb_icon_holder\" data-ico-fontawesome5regular=\"\uf058\">Bot\u00f3n de liberaci\u00f3n del cargador de duraluminio ajustable (negro)<\/span><\/div>\n<div class=\"bt_bb_icon bt_bb_color_scheme_4 bt_bb_style_borderless bt_bb_shape_circle bt_bb_target_self bt_bb_text_size_normal bt_bb_icon_padding_regular bt_bb_size_small bt_bb_align_inherit\" data-bb-version=\"4.9.1\" data-bt-override-class=\"{&quot;bt_bb_size_&quot;:{&quot;current_class&quot;:&quot;bt_bb_size_small&quot;,&quot;xxl&quot;:&quot;small&quot;},&quot;bt_bb_align_&quot;:{&quot;current_class&quot;:&quot;bt_bb_align_inherit&quot;,&quot;xxl&quot;:&quot;inherit&quot;}}\"><span class=\"bt_bb_icon_holder\" data-ico-fontawesome5regular=\"\uf058\">Cargador 9\u00d719, 9\u00d721 con capacidad de 17 rnds<\/span><\/div>\n<div class=\"bt_bb_icon bt_bb_color_scheme_4 bt_bb_style_borderless bt_bb_shape_circle bt_bb_target_self bt_bb_text_size_normal bt_bb_icon_padding_regular bt_bb_size_small bt_bb_align_inherit\" data-bb-version=\"4.9.1\" data-bt-override-class=\"{&quot;bt_bb_size_&quot;:{&quot;current_class&quot;:&quot;bt_bb_size_small&quot;,&quot;xxl&quot;:&quot;small&quot;},&quot;bt_bb_align_&quot;:{&quot;current_class&quot;:&quot;bt_bb_align_inherit&quot;,&quot;xxl&quot;:&quot;inherit&quot;}}\"><span class=\"bt_bb_icon_holder\" data-ico-fontawesome5regular=\"\uf058\">Revista \u2013 3x<\/span><\/div>\n<div data-bb-version=\"4.9.1\" data-bt-override-class=\"{&quot;bt_bb_size_&quot;:{&quot;current_class&quot;:&quot;bt_bb_size_small&quot;,&quot;xxl&quot;:&quot;small&quot;},&quot;bt_bb_align_&quot;:{&quot;current_class&quot;:&quot;bt_bb_align_inherit&quot;,&quot;xxl&quot;:&quot;inherit&quot;}}\"><\/div>\n<div class=\"bt_bb_icon bt_bb_color_scheme_4 bt_bb_style_borderless bt_bb_shape_circle bt_bb_target_self bt_bb_text_size_normal bt_bb_icon_padding_regular bt_bb_size_small bt_bb_align_inherit\" data-bb-version=\"4.9.1\" data-bt-override-class=\"{&quot;bt_bb_size_&quot;:{&quot;current_class&quot;:&quot;bt_bb_size_small&quot;,&quot;xxl&quot;:&quot;small&quot;},&quot;bt_bb_align_&quot;:{&quot;current_class&quot;:&quot;bt_bb_align_inherit&quot;,&quot;xxl&quot;:&quot;inherit&quot;}}\"><span class=\"bt_bb_icon_holder\" data-ico-fontawesome5regular=\"\uf058\">Estuche para pistola KMR, kit de limpieza, aceite KMR, herramienta para montar el ca\u00f1\u00f3n, resorte principal de 14 lb, resortes de retroceso de 11 lb, resortes de retroceso de 13 lb, juego de amortiguadores, llaves hexagonales, fijador de roscas, tarjeta de garant\u00eda, manual del usuario.<\/span><\/div>\n<\/div>","protected":false},"featured_media":32982,"comment_status":"open","ping_status":"closed","template":"","meta":[],"product_brand":[],"product_cat":[47,79,45],"product_tag":[],"class_list":{"0":"post-32981","1":"product","2":"type-product","3":"status-publish","4":"has-post-thumbnail","6":"product_cat-armas-cortas","7":"product_cat-kmr","8":"product_cat-pistolas","10":"first","11":"onbackorder","12":"shipping-taxable","13":"product-type-simple"},"_links":{"self":[{"href":"https:\/\/urbantacs.cl\/en\/wp-json\/wp\/v2\/product\/32981","targetHints":{"allow":["GET"]}}],"collection":[{"href":"https:\/\/urbantacs.cl\/en\/wp-json\/wp\/v2\/product"}],"about":[{"href":"https:\/\/urbantacs.cl\/en\/wp-json\/wp\/v2\/types\/product"}],"replies":[{"embeddable":true,"href":"https:\/\/urbantacs.cl\/en\/wp-json\/wp\/v2\/comments?post=32981"}],"wp:featuredmedia":[{"embeddable":true,"href":"https:\/\/urbantacs.cl\/en\/wp-json\/wp\/v2\/media\/32982"}],"wp:attachment":[{"href":"https:\/\/urbantacs.cl\/en\/wp-json\/wp\/v2\/media?parent=32981"}],"wp:term":[{"taxonomy":"product_brand","embeddable":true,"href":"https:\/\/urbantacs.cl\/en\/wp-json\/wp\/v2\/product_brand?post=32981"},{"taxonomy":"product_cat","embeddable":true,"href":"https:\/\/urbantacs.cl\/en\/wp-json\/wp\/v2\/product_cat?post=32981"},{"taxonomy":"product_tag","embeddable":true,"href":"https:\/\/urbantacs.cl\/en\/wp-json\/wp\/v2\/product_tag?post=32981"}],"curies":[{"name":"wp","href":"https:\/\/api.w.org\/{rel}","templated":true}]}}