{"id":32986,"date":"2025-04-16T11:15:48","date_gmt":"2025-04-16T15:15:48","guid":{"rendered":"https:\/\/urbantacs.cl\/?post_type=product&#038;p=32986"},"modified":"2026-02-19T13:55:08","modified_gmt":"2026-02-19T16:55:08","slug":"pistola-springfield-armory-echelon-negra","status":"publish","type":"product","link":"https:\/\/urbantacs.cl\/en\/product\/pistola-springfield-armory-echelon-negra\/","title":{"rendered":"PISTOLA   ECHELON   SPRINGFIELD ARMORY   NEGRA"},"content":{"rendered":"<p>Pistola ECHELON SPRINGFIELD ARMORY, 9mm.<\/p>\n<p>Dos Cargadores, 1 x 17\u00a0 y\u00a0 1 x 20 tiros.<\/p>\n<div>Descargue Manual:\u00a0<a href=\"https:\/\/armas1000.cl\/wp-content\/uploads\/2025\/01\/EchelonSafetyManual_V11_2-SPANISH-VERSION.pdf\">EchelonSafetyManual_V11_2 SPANISH VERSION<\/a><\/div>","protected":false},"excerpt":{"rendered":"<p>La Echelon\u2122 de Springfield Armory establece un nuevo est\u00e1ndar para las pistolas modernas de servicio con percutor. Con numerosas caracter\u00edsticas (patente en tr\u00e1mite), esta pistola modular y altamente adaptable est\u00e1 dise\u00f1ada con un robusto chasis de acero inoxidable y un revolucionario sistema de montaje de \u00f3pticas.<\/p>\n<p>Las dentadas n\u00edtidas y profundamente mecanizadas ofrecen un agarre fuerte en cualquier condici\u00f3n. Al crear un punto de \u00edndice natural, este corte de alivio ayuda a los tiradores que cargan o presionan a verificar su arma de fuego desde el frente de la corredera mientras mantienen las manos alejadas de la acci\u00f3n.<\/p>\n<p>Para mejorar a\u00fan m\u00e1s la capacidad de manipular el arma de fuego, la parte trasera de la corredera est\u00e1 ensanchada para un mayor enganche.<\/p>\n<p>&nbsp;<\/p>\n<p><strong>Importante:<\/strong>\u00a0Para adquirir un arma, se requiere la previa tramitaci\u00f3n de una autorizaci\u00f3n de compra en la Autoridad Fiscalizadora de la Ley de Control de Armas . El arma s\u00f3lo se puede retirar con la autorizaci\u00f3n de compra respectiva.<\/p>","protected":false},"featured_media":32988,"comment_status":"open","ping_status":"closed","template":"","meta":[],"product_brand":[],"product_cat":[47,45,55],"product_tag":[],"class_list":{"0":"post-32986","1":"product","2":"type-product","3":"status-publish","4":"has-post-thumbnail","6":"product_cat-armas-cortas","7":"product_cat-pistolas","8":"product_cat-pringfield-armory","10":"first","11":"outofstock","12":"sale","13":"shipping-taxable","14":"purchasable","15":"product-type-simple"},"_links":{"self":[{"href":"https:\/\/urbantacs.cl\/en\/wp-json\/wp\/v2\/product\/32986","targetHints":{"allow":["GET"]}}],"collection":[{"href":"https:\/\/urbantacs.cl\/en\/wp-json\/wp\/v2\/product"}],"about":[{"href":"https:\/\/urbantacs.cl\/en\/wp-json\/wp\/v2\/types\/product"}],"replies":[{"embeddable":true,"href":"https:\/\/urbantacs.cl\/en\/wp-json\/wp\/v2\/comments?post=32986"}],"wp:featuredmedia":[{"embeddable":true,"href":"https:\/\/urbantacs.cl\/en\/wp-json\/wp\/v2\/media\/32988"}],"wp:attachment":[{"href":"https:\/\/urbantacs.cl\/en\/wp-json\/wp\/v2\/media?parent=32986"}],"wp:term":[{"taxonomy":"product_brand","embeddable":true,"href":"https:\/\/urbantacs.cl\/en\/wp-json\/wp\/v2\/product_brand?post=32986"},{"taxonomy":"product_cat","embeddable":true,"href":"https:\/\/urbantacs.cl\/en\/wp-json\/wp\/v2\/product_cat?post=32986"},{"taxonomy":"product_tag","embeddable":true,"href":"https:\/\/urbantacs.cl\/en\/wp-json\/wp\/v2\/product_tag?post=32986"}],"curies":[{"name":"wp","href":"https:\/\/api.w.org\/{rel}","templated":true}]}}