{"id":32992,"date":"2025-04-16T11:26:19","date_gmt":"2025-04-16T15:26:19","guid":{"rendered":"https:\/\/urbantacs.cl\/?post_type=product&#038;p=32992"},"modified":"2026-02-14T15:54:22","modified_gmt":"2026-02-14T18:54:22","slug":"pistola-sig-sauer-p365-x-macro-9mm","status":"publish","type":"product","link":"https:\/\/urbantacs.cl\/en\/product\/pistola-sig-sauer-p365-x-macro-9mm\/","title":{"rendered":"PISTOLA SIG SAUER P365 X MACRO 9MM"},"content":{"rendered":"","protected":false},"excerpt":{"rendered":"<div class=\"woocommerce-product-details__short-description\">\n<p>La \ud835\udc77365-\ud835\udc7f\ud835\udc74\ud835\udc68\ud835\udc6a\ud835\udc79\ud835\udc76 es m\u00e1s f\u00e1cil de ocultar y m\u00e1s c\u00f3moda de transportar que cualquier otra pistola de 17 cartuchos del mercado.<\/p>\n<p>Con un nuevo e innovador dise\u00f1o de cargador, la \ud835\udc77365-\ud835\udc7f\ud835\udc74\ud835\udc68\ud835\udc6a\ud835\udc79\ud835\udc76 incluye una capacidad de 17 tiros de calibre 9\u00d719 mm en el perfil delgado e ic\u00f3nico de la P365. La \ud835\udc77365-\ud835\udc7f\ud835\udc74\ud835\udc68\ud835\udc6a\ud835\udc79\ud835\udc76 tiene una longitud del ca\u00f1\u00f3n de 3.1\u201d de acero al carbono, viene equipado con una mira XRAY3 d\u00eda\/noche y una plataforma para colocar una mira r\u00e9flex compatible con Sig Sauer ROMEOZero. Esta pistola tiene integrado un compensador que reduce el retroceso del ca\u00f1\u00f3n para tener m\u00e1s control del arma y realizar tiros r\u00e1pidos y precisos. Con su dise\u00f1o delgado de 1\u201d de ancho, la \ud835\udc77365-\ud835\udc7f\ud835\udc74\ud835\udc68\ud835\udc6a\ud835\udc79\ud835\udc76 es m\u00e1s f\u00e1cil de ocultar y m\u00e1s c\u00f3moda de transportar que cualquier otra pistola de 17 cartuchos del mercado.<\/p>\n<\/div>\n<ul>\n<li>M\u00e1s capacidad<\/li>\n<li>M\u00e1s capacidad de tiro<\/li>\n<li>M\u00e1s ocultabilidad<\/li>\n<li>La P365-XMACRO. MACRO significa M\u00c1S<\/li>\n<\/ul>\n<p>.<strong>P365-XMACRO Caracter\u00edsticas:<\/strong><\/p>\n<ul>\n<li>M\u00f3dulo de agarre macro-compacto completamente nuevo con riel est\u00e1ndar 1913<\/li>\n<li>Diapositiva preparada para la \u00f3ptica compensada integralmente<\/li>\n<li>(2) cargadores de acero 17 con cargador r\u00e1pido<\/li>\n<li>Correa trasera intercambiable peque\u00f1a, mediana y grande incluida.<\/li>\n<li>Ca\u00f1\u00f3n de 3.1\u2033<\/li>\n<li>Miras diurnas\/nocturnas XRAY3<\/li>\n<li>Compatible con la mira electr\u00f3nica SIG SAUER ROMEOZero<\/li>\n<\/ul>\n<p><strong>Especificaciones t\u00e9cnicas:<\/strong><\/p>\n<ul>\n<li>Calibre : 9 mm<\/li>\n<li>Capacidad del cargador: 17 tiros<\/li>\n<li>Sistema de disparo: Semiautom\u00e1tico<\/li>\n<li>Largo total: 168 mm<\/li>\n<li>Largo del ca\u00f1\u00f3n: 3,7&#8243;<\/li>\n<li>Cantidad de cargadores: 2 cargadores<\/li>\n<li>Acci\u00f3n : Striker Fire<\/li>\n<li>Peso: 624 g<\/li>\n<\/ul>","protected":false},"featured_media":32993,"comment_status":"open","ping_status":"closed","template":"","meta":[],"product_brand":[],"product_cat":[47,45,78],"product_tag":[],"class_list":{"0":"post-32992","1":"product","2":"type-product","3":"status-publish","4":"has-post-thumbnail","6":"product_cat-armas-cortas","7":"product_cat-pistolas","8":"product_cat-sig-sauer","10":"first","11":"onbackorder","12":"shipping-taxable","13":"purchasable","14":"product-type-simple"},"_links":{"self":[{"href":"https:\/\/urbantacs.cl\/en\/wp-json\/wp\/v2\/product\/32992","targetHints":{"allow":["GET"]}}],"collection":[{"href":"https:\/\/urbantacs.cl\/en\/wp-json\/wp\/v2\/product"}],"about":[{"href":"https:\/\/urbantacs.cl\/en\/wp-json\/wp\/v2\/types\/product"}],"replies":[{"embeddable":true,"href":"https:\/\/urbantacs.cl\/en\/wp-json\/wp\/v2\/comments?post=32992"}],"wp:featuredmedia":[{"embeddable":true,"href":"https:\/\/urbantacs.cl\/en\/wp-json\/wp\/v2\/media\/32993"}],"wp:attachment":[{"href":"https:\/\/urbantacs.cl\/en\/wp-json\/wp\/v2\/media?parent=32992"}],"wp:term":[{"taxonomy":"product_brand","embeddable":true,"href":"https:\/\/urbantacs.cl\/en\/wp-json\/wp\/v2\/product_brand?post=32992"},{"taxonomy":"product_cat","embeddable":true,"href":"https:\/\/urbantacs.cl\/en\/wp-json\/wp\/v2\/product_cat?post=32992"},{"taxonomy":"product_tag","embeddable":true,"href":"https:\/\/urbantacs.cl\/en\/wp-json\/wp\/v2\/product_tag?post=32992"}],"curies":[{"name":"wp","href":"https:\/\/api.w.org\/{rel}","templated":true}]}}