{"id":33015,"date":"2025-11-27T13:37:05","date_gmt":"2025-11-27T16:37:05","guid":{"rendered":"https:\/\/urbantacs.cl\/?post_type=product&#038;p=33015"},"modified":"2026-02-14T15:41:19","modified_gmt":"2026-02-14T18:41:19","slug":"laugo-arms-alien-creator-evolution","status":"publish","type":"product","link":"https:\/\/urbantacs.cl\/en\/product\/laugo-arms-alien-creator-evolution\/","title":{"rendered":"LAUGO ARMS | Alien Creator Evolution"},"content":{"rendered":"","protected":false},"excerpt":{"rendered":"<p>La Alien Creator Evolution marca el comienzo de una nueva era en la pistola Alien de Laugo Arms. Al incorporar las caracter\u00edsticas de dise\u00f1o m\u00e1s solicitadas y desarrollar una innovadora configuraci\u00f3n modular de empu\u00f1adura, Laugo Arms ha potenciado la ya de por s\u00ed potente plataforma Alien.<\/p>\n<p><strong><span dir=\"auto\">CARACTER\u00cdSTICAS<\/span><\/strong><br \/>\n<span dir=\"auto\">\u25aa \u00c1ngulo de empu\u00f1adura | El nuevo \u00e1ngulo de empu\u00f1adura de la Creator se adapta a los tiradores que prefieren un punto de mira al estilo tradicional de la 1911.<\/span><br \/>\n<span dir=\"auto\">\u25aa Bases | Las bases de cargador de perfil bajo permiten un apilamiento m\u00e1s compacto en los portacargadores de las cintas de competici\u00f3n.<\/span><br \/>\n<span dir=\"auto\">\u25aa Estr\u00edas de corredera | Las estr\u00edas de corredera m\u00e1s profundas y un riel superior ventilado aumentan el agarre y ayudan a mejorar la dispersi\u00f3n del calor del ca\u00f1\u00f3n.<\/span><br \/>\n<span dir=\"auto\">\u25aa Modificaci\u00f3n de empu\u00f1adura | Con un solo tornillo, la empu\u00f1adura del Creator se puede reconfigurar en los cuatro lados para adaptarse a la mano del tirador.<\/span><\/p>\n<div><strong><span dir=\"auto\">CONTENIDO COMPLETO DEL KIT<\/span><\/strong><br \/>\n<span dir=\"auto\">\u25aa Pistola Laugo Arms Alien<\/span><br \/>\n<span dir=\"auto\">\u25aa ACABADO: Gris\/Negro<\/span><br \/>\n<span dir=\"auto\">\u25aa Tres (3) cargadores de 17 rondas (tambi\u00e9n est\u00e1n disponibles cargadores de 10 rondas de capacidad limitada)<\/span><br \/>\n<span dir=\"auto\">\u25aa Riel superior con mira de hierro de fibra \u00f3ptica est\u00e1ndar<\/span><br \/>\n<span dir=\"auto\">\u25aa Riel superior \u00f3ptico con mira de punto rojo Laugo<\/span><br \/>\n<span dir=\"auto\">\u25aa Cargador de aluminio<\/span><br \/>\n<span dir=\"auto\">\u25aa Funda Elornis y sistema de montaje ajustable<\/span><br \/>\n<span dir=\"auto\">\u25aa Suministros de limpieza<\/span><br \/>\n<span dir=\"auto\">\u25aa Kit de herramientas<\/span><br \/>\n<span dir=\"auto\">\u25aa Inserto de c\u00e1mara de entrenamiento de fuego seco<\/span><br \/>\n<span dir=\"auto\">\u25aa Estuche r\u00edgido personalizado &#8211; Grande<\/span><\/div>\n<div><span dir=\"auto\">Categor\u00eda: B semiautom\u00e1tica<\/span><\/div>\n<p><span dir=\"auto\">Tipo: Pistola<\/span><br \/>\n<span dir=\"auto\">Calibre: 9mmLuger<\/span><\/p>","protected":false},"featured_media":33020,"comment_status":"open","ping_status":"closed","template":"","meta":[],"product_brand":[],"product_cat":[81,80,45],"product_tag":[],"class_list":{"0":"post-33015","1":"product","2":"type-product","3":"status-publish","4":"has-post-thumbnail","6":"product_cat-laugo-arms","7":"product_cat-lugo","8":"product_cat-pistolas","10":"first","11":"instock","12":"shipping-taxable","13":"purchasable","14":"product-type-simple"},"_links":{"self":[{"href":"https:\/\/urbantacs.cl\/en\/wp-json\/wp\/v2\/product\/33015","targetHints":{"allow":["GET"]}}],"collection":[{"href":"https:\/\/urbantacs.cl\/en\/wp-json\/wp\/v2\/product"}],"about":[{"href":"https:\/\/urbantacs.cl\/en\/wp-json\/wp\/v2\/types\/product"}],"replies":[{"embeddable":true,"href":"https:\/\/urbantacs.cl\/en\/wp-json\/wp\/v2\/comments?post=33015"}],"wp:featuredmedia":[{"embeddable":true,"href":"https:\/\/urbantacs.cl\/en\/wp-json\/wp\/v2\/media\/33020"}],"wp:attachment":[{"href":"https:\/\/urbantacs.cl\/en\/wp-json\/wp\/v2\/media?parent=33015"}],"wp:term":[{"taxonomy":"product_brand","embeddable":true,"href":"https:\/\/urbantacs.cl\/en\/wp-json\/wp\/v2\/product_brand?post=33015"},{"taxonomy":"product_cat","embeddable":true,"href":"https:\/\/urbantacs.cl\/en\/wp-json\/wp\/v2\/product_cat?post=33015"},{"taxonomy":"product_tag","embeddable":true,"href":"https:\/\/urbantacs.cl\/en\/wp-json\/wp\/v2\/product_tag?post=33015"}],"curies":[{"name":"wp","href":"https:\/\/api.w.org\/{rel}","templated":true}]}}