{"id":33043,"date":"2026-02-12T11:07:13","date_gmt":"2026-02-12T14:07:13","guid":{"rendered":"https:\/\/urbantacs.cl\/?post_type=product&#038;p=33043"},"modified":"2026-02-17T11:08:38","modified_gmt":"2026-02-17T14:08:38","slug":"revolver-smith-wesson-modelo-19-performance-center-calibre-357-magnum-capacidad-6-rd","status":"publish","type":"product","link":"https:\/\/urbantacs.cl\/en\/product\/revolver-smith-wesson-modelo-19-performance-center-calibre-357-magnum-capacidad-6-rd\/","title":{"rendered":"Revolver Smith &#038; Wesson, Modelo 19 Performance Center, calibre .357 Magnum, capacidad 6 Rd."},"content":{"rendered":"<p>Revolver Smith &amp; Wesson, Modelo 19 Performance Center, calibre .357 Magnum, capacidad 6 Rd.\u00a0 \u00a0 Ca\u00f1on 3&#8243;<\/p>","protected":false},"excerpt":{"rendered":"<div class=\"styles_specsItem__Aajl7\"><span class=\"styles_specsItemName__cQkdo\"><span dir=\"auto\">Ancho:\u00a0<\/span><\/span><span class=\"styles_specsItemValue__BBFRP styles_lowercaseOnes__3MFjv\"><span dir=\"auto\">1,45\u201d<\/span><\/span><\/div>\n<div class=\"styles_specsItem__Aajl7\"><span class=\"styles_specsItemName__cQkdo\"><span dir=\"auto\">Longitud:\u00a0<\/span><\/span><span class=\"styles_specsItemValue__BBFRP styles_lowercaseOnes__3MFjv\"><span dir=\"auto\">8\u201d\u00a0<\/span><\/span><\/div>\n<div class=\"styles_specsItem__Aajl7\"><span class=\"styles_specsItemName__cQkdo\"><span dir=\"auto\">Altura:\u00a0<\/span><\/span><span class=\"styles_specsItemValue__BBFRP styles_lowercaseOnes__3MFjv\"><span dir=\"auto\">5,85\u201d<\/span><\/span><\/div>\n<div class=\"styles_specsItem__Aajl7\"><span class=\"styles_specsItemName__cQkdo\"><span dir=\"auto\">Peso:\u00a0<\/span><\/span><span class=\"styles_specsItemValue__BBFRP styles_lowercaseOnes__3MFjv\"><span dir=\"auto\">34.5\u00a0<\/span><span dir=\"auto\">onzas<\/span><\/span><\/div>\n<div class=\"styles_specsItem__Aajl7\"><span class=\"styles_specsItemName__cQkdo\"><span dir=\"auto\">CALIBRE:\u00a0<\/span><\/span><span class=\"styles_specsItemValue__BBFRP\"><span dir=\"auto\">357 MAGNUM<\/span><\/span><\/div>\n<div class=\"styles_specsItem__Aajl7\"><span class=\"styles_specsItemName__cQkdo\"><span dir=\"auto\">TAMA\u00d1O:\u00a0<\/span><\/span><span class=\"styles_specsItemValue__BBFRP\"><span dir=\"auto\">MEDIO<\/span><\/span><\/div>\n<div class=\"styles_specsItem__Aajl7\"><span class=\"styles_specsItemName__cQkdo\"><span dir=\"auto\">CAPACIDAD:\u00a0<\/span><\/span><span class=\"styles_specsItemValue__BBFRP\"><span dir=\"auto\">6 Rd<\/span><\/span><\/div>\n<div class=\"styles_specsItem__Aajl7\"><span class=\"styles_specsItemName__cQkdo\"><span dir=\"auto\">ACCI\u00d3N<\/span><\/span><span class=\"styles_specsItemValue__BBFRP\"><span dir=\"auto\">:\u00a0 SIMPLE\/DOBLE<\/span><\/span><\/div>\n<div class=\"styles_specsItem__Aajl7\"><span class=\"styles_specsItemName__cQkdo\"><span dir=\"auto\">LONGITUD DEL CA\u00d1\u00d3N:\u00a0<\/span><\/span><span class=\"styles_specsItemValue__BBFRP\"><span dir=\"auto\">3\u201d<\/span><\/span><\/div>\n<div class=\"styles_specsItem__Aajl7\"><span class=\"styles_specsItemName__cQkdo\"><span dir=\"auto\">AGARRE:\u00a0<\/span><\/span><span class=\"styles_specsItemValue__BBFRP\"><span dir=\"auto\">MADERA\/SINT\u00c9TICO<\/span><\/span><\/div>\n<div class=\"styles_specsItem__Aajl7\"><span class=\"styles_specsItemName__cQkdo\"><span dir=\"auto\">MIRAS:\u00a0<\/span><\/span><span class=\"styles_specsItemValue__BBFRP\"><span dir=\"auto\">VISIONES NOCTURNAS<\/span><\/span><\/div>\n<div class=\"styles_specsItem__Aajl7\"><span class=\"styles_specsItemName__cQkdo\"><span dir=\"auto\">\u00d3PTICA LISTA:\u00a0<\/span><\/span><span class=\"styles_specsItemValue__BBFRP\"><span dir=\"auto\">NO<\/span><\/span><\/div>\n<div class=\"styles_specsItem__Aajl7\"><span class=\"styles_specsItemName__cQkdo\"><span dir=\"auto\">SEGURIDAD:\u00a0<\/span><\/span><span class=\"styles_specsItemValue__BBFRP\"><span dir=\"auto\">NINGUNO<\/span><\/span><\/div>\n<div class=\"styles_specsItem__Aajl7\"><span class=\"styles_specsItemName__cQkdo\"><span dir=\"auto\">COLOR\/ACABADO:\u00a0<\/span><\/span><span class=\"styles_specsItemValue__BBFRP\"><span dir=\"auto\">NEGRO<\/span><\/span><\/div>\n<div class=\"styles_specsItem__Aajl7\"><span class=\"styles_specsItemName__cQkdo\"><span dir=\"auto\">CA\u00d1\u00d3N ROSCADO:\u00a0<\/span><\/span><span class=\"styles_specsItemValue__BBFRP\"><span dir=\"auto\">NO<\/span><\/span><\/div>\n<div class=\"styles_specsItem__Aajl7\"><span class=\"styles_specsItemName__cQkdo\"><span dir=\"auto\">MATERIAL DEL CA\u00d1\u00d3N:\u00a0<\/span><\/span><span class=\"styles_specsItemValue__BBFRP\"><span dir=\"auto\">ACERO INOXIDABLE<\/span><\/span><\/div>\n<div class=\"styles_specsItem__Aajl7\"><span class=\"styles_specsItemName__cQkdo\"><span dir=\"auto\">MARCO:\u00a0<\/span><\/span><span class=\"styles_specsItemValue__BBFRP\"><span dir=\"auto\">ACERO CARBONO<\/span><\/span><\/div>\n<div class=\"styles_specsItem__Aajl7\"><span class=\"styles_specsItemName__cQkdo\"><span dir=\"auto\">L\u00c1SER:\u00a0<\/span><\/span><span class=\"styles_specsItemValue__BBFRP\"><span dir=\"auto\">NO<\/span><\/span><\/div>\n<div class=\"styles_specsItem__Aajl7\"><span class=\"styles_specsItemName__cQkdo\"><span dir=\"auto\">GATILLO DE 10 LB:\u00a0<\/span><\/span><span class=\"styles_specsItemValue__BBFRP\"><span dir=\"auto\">S\u00cd<\/span><\/span><\/div>\n<div class=\"styles_specsItem__Aajl7\"><span class=\"styles_specsItemName__cQkdo\"><span dir=\"auto\">MODELO:\u00a0<\/span><\/span><span class=\"styles_specsItemValue__BBFRP\"><span dir=\"auto\">19<\/span><\/span><\/div>\n<div><\/div>\n<div>\n<p><span dir=\"auto\">El regreso del Modelo 19 K-Comp.<\/span><br \/>\n<span dir=\"auto\">El Performance Center Modelo 19 Carry Comp est\u00e1 dise\u00f1ado para porte oculto e incluye una mira nocturna frontal de tritio, cachas de bota personalizadas de madera y sint\u00e9tico, y un ca\u00f1\u00f3n ventilado PowerPort\u2122 de 3\u2033 para controlar el retroceso. El rev\u00f3lver cuenta con un tope de sobrerrecorrido del gatillo y una acci\u00f3n optimizada por Performance Center para una acci\u00f3n doble suave y un gatillo de acci\u00f3n simple ligero.<\/span><\/p>\n<\/div>","protected":false},"featured_media":33044,"comment_status":"open","ping_status":"closed","template":"","meta":[],"product_brand":[],"product_cat":[47,91,51],"product_tag":[],"class_list":{"0":"post-33043","1":"product","2":"type-product","3":"status-publish","4":"has-post-thumbnail","6":"product_cat-armas-cortas","7":"product_cat-revolver","8":"product_cat-smith-wesson-armas-cortas","10":"first","11":"onbackorder","12":"shipping-taxable","13":"purchasable","14":"product-type-simple"},"_links":{"self":[{"href":"https:\/\/urbantacs.cl\/en\/wp-json\/wp\/v2\/product\/33043","targetHints":{"allow":["GET"]}}],"collection":[{"href":"https:\/\/urbantacs.cl\/en\/wp-json\/wp\/v2\/product"}],"about":[{"href":"https:\/\/urbantacs.cl\/en\/wp-json\/wp\/v2\/types\/product"}],"replies":[{"embeddable":true,"href":"https:\/\/urbantacs.cl\/en\/wp-json\/wp\/v2\/comments?post=33043"}],"wp:featuredmedia":[{"embeddable":true,"href":"https:\/\/urbantacs.cl\/en\/wp-json\/wp\/v2\/media\/33044"}],"wp:attachment":[{"href":"https:\/\/urbantacs.cl\/en\/wp-json\/wp\/v2\/media?parent=33043"}],"wp:term":[{"taxonomy":"product_brand","embeddable":true,"href":"https:\/\/urbantacs.cl\/en\/wp-json\/wp\/v2\/product_brand?post=33043"},{"taxonomy":"product_cat","embeddable":true,"href":"https:\/\/urbantacs.cl\/en\/wp-json\/wp\/v2\/product_cat?post=33043"},{"taxonomy":"product_tag","embeddable":true,"href":"https:\/\/urbantacs.cl\/en\/wp-json\/wp\/v2\/product_tag?post=33043"}],"curies":[{"name":"wp","href":"https:\/\/api.w.org\/{rel}","templated":true}]}}