{"id":33104,"date":"2026-02-12T17:14:15","date_gmt":"2026-02-12T20:14:15","guid":{"rendered":"https:\/\/urbantacs.cl\/?post_type=product&#038;p=33104"},"modified":"2026-02-23T09:48:51","modified_gmt":"2026-02-23T12:48:51","slug":"torniquete-de-rescate-rhino-rescue","status":"publish","type":"product","link":"https:\/\/urbantacs.cl\/en\/product\/torniquete-de-rescate-rhino-rescue\/","title":{"rendered":"Torniquete de Rescate Rhino Rescue"},"content":{"rendered":"<h1 class=\"nome-produto titulo cor-secundaria\">Torniquete de Resgate Laranja APH Profissional &#8211; Rhino Rescue<\/h1>","protected":false},"excerpt":{"rendered":"<div class=\"elementor-element elementor-element-3074118 elementor-widget elementor-widget-woocommerce-product-title elementor-page-title elementor-widget-heading\" data-id=\"3074118\" data-element_type=\"widget\" data-e-type=\"widget\" data-widget_type=\"woocommerce-product-title.default\">\n<div class=\"elementor-widget-container\">\n<h1 class=\"product_title entry-title elementor-heading-title elementor-size-default\">TORNIQUETE T\u00c1CTICO RHINORESCUE\u2122 torniquete prehospitalario<\/h1>\n<\/div>\n<\/div>\n<div class=\"elementor-element elementor-element-9671c40 elementor-widget elementor-widget-wl-single-product-short-description\" data-id=\"9671c40\" data-element_type=\"widget\" data-e-type=\"widget\" data-widget_type=\"wl-single-product-short-description.default\">\n<div class=\"elementor-widget-container\">\n<div class=\"woocommerce-product-details__short-description\">\n<p>TORNIQUETE T\u00c1CTICO RHINORESCUE\u2122:\u00a0 torniquete prehospitalario r\u00e1pido, seguro y eficaz<\/p>\n<p>Torniquete aplicable con una mano<\/p>\n<p>Dise\u00f1o de hebilla de bucle \u00fanico para una f\u00e1cil operaci\u00f3n individual. Ideal para hemorragias de extremidades potencialmente mortales sin asistencia.<\/p>\n<p>Clip de molinete en forma de V<\/p>\n<\/div>\n<\/div>\n<\/div>","protected":false},"featured_media":33105,"comment_status":"open","ping_status":"closed","template":"","meta":[],"product_brand":[],"product_cat":[43],"product_tag":[],"class_list":{"0":"post-33104","1":"product","2":"type-product","3":"status-publish","4":"has-post-thumbnail","6":"product_cat-accesorios","8":"first","9":"instock","10":"shipping-taxable","11":"purchasable","12":"product-type-simple"},"_links":{"self":[{"href":"https:\/\/urbantacs.cl\/en\/wp-json\/wp\/v2\/product\/33104","targetHints":{"allow":["GET"]}}],"collection":[{"href":"https:\/\/urbantacs.cl\/en\/wp-json\/wp\/v2\/product"}],"about":[{"href":"https:\/\/urbantacs.cl\/en\/wp-json\/wp\/v2\/types\/product"}],"replies":[{"embeddable":true,"href":"https:\/\/urbantacs.cl\/en\/wp-json\/wp\/v2\/comments?post=33104"}],"wp:featuredmedia":[{"embeddable":true,"href":"https:\/\/urbantacs.cl\/en\/wp-json\/wp\/v2\/media\/33105"}],"wp:attachment":[{"href":"https:\/\/urbantacs.cl\/en\/wp-json\/wp\/v2\/media?parent=33104"}],"wp:term":[{"taxonomy":"product_brand","embeddable":true,"href":"https:\/\/urbantacs.cl\/en\/wp-json\/wp\/v2\/product_brand?post=33104"},{"taxonomy":"product_cat","embeddable":true,"href":"https:\/\/urbantacs.cl\/en\/wp-json\/wp\/v2\/product_cat?post=33104"},{"taxonomy":"product_tag","embeddable":true,"href":"https:\/\/urbantacs.cl\/en\/wp-json\/wp\/v2\/product_tag?post=33104"}],"curies":[{"name":"wp","href":"https:\/\/api.w.org\/{rel}","templated":true}]}}