{"id":33114,"date":"2026-02-13T09:39:44","date_gmt":"2026-02-13T12:39:44","guid":{"rendered":"https:\/\/urbantacs.cl\/?post_type=product&#038;p=33114"},"modified":"2026-03-11T00:00:08","modified_gmt":"2026-03-11T03:00:08","slug":"cartuchos-fiocchi-cal-12-no-5","status":"publish","type":"product","link":"https:\/\/urbantacs.cl\/en\/product\/cartuchos-fiocchi-cal-12-no-5\/","title":{"rendered":"CARTUCHOS  fiocchi CAL 12 N\u00ba 5"},"content":{"rendered":"","protected":false},"excerpt":{"rendered":"<p>Cartucho fabricado en Italia \u00a0ideal para quienes requieren un tiro r\u00e1pido y suave. Ideal\u00a0 para cazar.<\/p>\n<p>Calibre 12<\/p>\n<p>Munici\u00f3n 28 Gr carga<\/p>\n<p>Velocidad 410 M\/S<\/p>\n<p>Largo VAINA 70 mm<\/p>\n<p>Perdigon 2,8 mm<\/p>\n<p>&nbsp;<\/p>\n<p><strong>IMPORTANTE:<\/strong>\u00a0Este es un producto sometido a control por la Direcci\u00f3n General de Movilizaci\u00f3n Nacional (DGMN), antes de comprar aseg\u00farese de cumplir con todos los requisitos y requerimientos establecidos en la ley N\u00b017.798 de control de armas.<\/p>","protected":false},"featured_media":33115,"comment_status":"open","ping_status":"closed","template":"","meta":[],"product_brand":[],"product_cat":[60,38,36],"product_tag":[],"class_list":{"0":"post-33114","1":"product","2":"type-product","3":"status-publish","4":"has-post-thumbnail","6":"product_cat-cal-12","7":"product_cat-municiones","8":"product_cat-caza","10":"first","11":"instock","12":"shipping-taxable","13":"purchasable","14":"product-type-simple"},"_links":{"self":[{"href":"https:\/\/urbantacs.cl\/en\/wp-json\/wp\/v2\/product\/33114","targetHints":{"allow":["GET"]}}],"collection":[{"href":"https:\/\/urbantacs.cl\/en\/wp-json\/wp\/v2\/product"}],"about":[{"href":"https:\/\/urbantacs.cl\/en\/wp-json\/wp\/v2\/types\/product"}],"replies":[{"embeddable":true,"href":"https:\/\/urbantacs.cl\/en\/wp-json\/wp\/v2\/comments?post=33114"}],"wp:featuredmedia":[{"embeddable":true,"href":"https:\/\/urbantacs.cl\/en\/wp-json\/wp\/v2\/media\/33115"}],"wp:attachment":[{"href":"https:\/\/urbantacs.cl\/en\/wp-json\/wp\/v2\/media?parent=33114"}],"wp:term":[{"taxonomy":"product_brand","embeddable":true,"href":"https:\/\/urbantacs.cl\/en\/wp-json\/wp\/v2\/product_brand?post=33114"},{"taxonomy":"product_cat","embeddable":true,"href":"https:\/\/urbantacs.cl\/en\/wp-json\/wp\/v2\/product_cat?post=33114"},{"taxonomy":"product_tag","embeddable":true,"href":"https:\/\/urbantacs.cl\/en\/wp-json\/wp\/v2\/product_tag?post=33114"}],"curies":[{"name":"wp","href":"https:\/\/api.w.org\/{rel}","templated":true}]}}