{"id":33118,"date":"2026-02-13T10:28:51","date_gmt":"2026-02-13T13:28:51","guid":{"rendered":"https:\/\/urbantacs.cl\/?post_type=product&#038;p=33118"},"modified":"2026-02-23T09:47:53","modified_gmt":"2026-02-23T12:47:53","slug":"protector-electronico-auditivo-champion-27-db","status":"publish","type":"product","link":"https:\/\/urbantacs.cl\/en\/product\/protector-electronico-auditivo-champion-27-db\/","title":{"rendered":"Protector Electronico Auditivo Champion   27 DB"},"content":{"rendered":"","protected":false},"excerpt":{"rendered":"<p>OREJERAS ELECTR\u00d3NICAS CHAMPION<br \/>\nDisfrute de disparos seguros con las nuevas orejeras con amortiguaci\u00f3n de sonido de Champion\u00ae. Estas c\u00f3modas y elegantes orejeras brindan una protecci\u00f3n auditiva superior a la vez que siguen siendo ligeras y c\u00f3modas para el tirador. Reducen los niveles de ruido da\u00f1inos y proporcionan un ajuste c\u00f3modo para esos largos d\u00edas de disparos o cacer\u00eda. No dejes que tu pasi\u00f3n por los disparos da\u00f1e tu audici\u00f3n: conf\u00eda en la protecci\u00f3n Champion cuando est\u00e9s en el campo de tiro.<\/p>\n<p>ESPECIFICACIONES DEL PRODUCTO<br \/>\nReducci\u00f3n de ruido para una protecci\u00f3n auditiva superior<br \/>\nPlegable para un f\u00e1cil almacenamiento<br \/>\nAjustable para un mejor ajuste<br \/>\nOrejeras electr\u00f3nicas para amplificar sonidos silenciosos y proteger contra niveles de ruido da\u00f1inos<\/p>","protected":false},"featured_media":33119,"comment_status":"open","ping_status":"closed","template":"","meta":[],"product_brand":[],"product_cat":[85,43],"product_tag":[],"class_list":{"0":"post-33118","1":"product","2":"type-product","3":"status-publish","4":"has-post-thumbnail","6":"product_cat-seguridad","7":"product_cat-accesorios","9":"first","10":"instock","11":"sale","12":"shipping-taxable","13":"purchasable","14":"product-type-simple"},"_links":{"self":[{"href":"https:\/\/urbantacs.cl\/en\/wp-json\/wp\/v2\/product\/33118","targetHints":{"allow":["GET"]}}],"collection":[{"href":"https:\/\/urbantacs.cl\/en\/wp-json\/wp\/v2\/product"}],"about":[{"href":"https:\/\/urbantacs.cl\/en\/wp-json\/wp\/v2\/types\/product"}],"replies":[{"embeddable":true,"href":"https:\/\/urbantacs.cl\/en\/wp-json\/wp\/v2\/comments?post=33118"}],"wp:featuredmedia":[{"embeddable":true,"href":"https:\/\/urbantacs.cl\/en\/wp-json\/wp\/v2\/media\/33119"}],"wp:attachment":[{"href":"https:\/\/urbantacs.cl\/en\/wp-json\/wp\/v2\/media?parent=33118"}],"wp:term":[{"taxonomy":"product_brand","embeddable":true,"href":"https:\/\/urbantacs.cl\/en\/wp-json\/wp\/v2\/product_brand?post=33118"},{"taxonomy":"product_cat","embeddable":true,"href":"https:\/\/urbantacs.cl\/en\/wp-json\/wp\/v2\/product_cat?post=33118"},{"taxonomy":"product_tag","embeddable":true,"href":"https:\/\/urbantacs.cl\/en\/wp-json\/wp\/v2\/product_tag?post=33118"}],"curies":[{"name":"wp","href":"https:\/\/api.w.org\/{rel}","templated":true}]}}