{"id":33133,"date":"2026-02-13T11:31:20","date_gmt":"2026-02-13T14:31:20","guid":{"rendered":"https:\/\/urbantacs.cl\/?post_type=product&#038;p=33133"},"modified":"2026-03-23T11:30:09","modified_gmt":"2026-03-23T14:30:09","slug":"gas-pimienta-sabre-19-gr","status":"publish","type":"product","link":"https:\/\/urbantacs.cl\/en\/product\/gas-pimienta-sabre-19-gr\/","title":{"rendered":"GAS PIMIENTA   SABRE   19 Gr"},"content":{"rendered":"<p>TIPO PRENDEDOR<\/p>","protected":false},"excerpt":{"rendered":"<p>Se dispara a una distancia de 3 metros y genera un \u00e1rea de cono de gran alcance. Los residuos generan un color reactivo ultravioleta, lo que ayuda a identificar al delincuente posteriormente. Este gas produce una sensaci\u00f3n de irritaci\u00f3n en los ojos, provoca l\u00e1grimas, cierre de ojos involuntariamente, tos y dificultad para respirar, dejando al sospechoso inhabilitado de manera NO letal. Este tipo de productos es usado por fuerzas policiales a lo largo del mundo y ahora est\u00e1 siendo bastamente utilizado por civiles para su defensa personal. Este modelo trae un clip para colgarlo al cintur\u00f3n, bolsillo de la camisa u otro.<\/p>\n<p>ELEMENTO CONTROLADO, COMPRA ESTE PRODUCTO DEBE CONTAR CON CEDULAD DE IDENTIDAD O PASAPORTE VIGENTE, EL CUAL SER\u00c1 REQUERIDO AL MOMENTO DE SU COMPRA<\/p>","protected":false},"featured_media":33134,"comment_status":"open","ping_status":"closed","template":"","meta":[],"product_brand":[],"product_cat":[85],"product_tag":[],"class_list":{"0":"post-33133","1":"product","2":"type-product","3":"status-publish","4":"has-post-thumbnail","6":"product_cat-seguridad","8":"first","9":"instock","10":"shipping-taxable","11":"purchasable","12":"product-type-simple"},"_links":{"self":[{"href":"https:\/\/urbantacs.cl\/en\/wp-json\/wp\/v2\/product\/33133","targetHints":{"allow":["GET"]}}],"collection":[{"href":"https:\/\/urbantacs.cl\/en\/wp-json\/wp\/v2\/product"}],"about":[{"href":"https:\/\/urbantacs.cl\/en\/wp-json\/wp\/v2\/types\/product"}],"replies":[{"embeddable":true,"href":"https:\/\/urbantacs.cl\/en\/wp-json\/wp\/v2\/comments?post=33133"}],"wp:featuredmedia":[{"embeddable":true,"href":"https:\/\/urbantacs.cl\/en\/wp-json\/wp\/v2\/media\/33134"}],"wp:attachment":[{"href":"https:\/\/urbantacs.cl\/en\/wp-json\/wp\/v2\/media?parent=33133"}],"wp:term":[{"taxonomy":"product_brand","embeddable":true,"href":"https:\/\/urbantacs.cl\/en\/wp-json\/wp\/v2\/product_brand?post=33133"},{"taxonomy":"product_cat","embeddable":true,"href":"https:\/\/urbantacs.cl\/en\/wp-json\/wp\/v2\/product_cat?post=33133"},{"taxonomy":"product_tag","embeddable":true,"href":"https:\/\/urbantacs.cl\/en\/wp-json\/wp\/v2\/product_tag?post=33133"}],"curies":[{"name":"wp","href":"https:\/\/api.w.org\/{rel}","templated":true}]}}