{"id":33141,"date":"2026-02-13T11:52:12","date_gmt":"2026-02-13T14:52:12","guid":{"rendered":"https:\/\/urbantacs.cl\/?post_type=product&#038;p=33141"},"modified":"2026-02-23T09:46:11","modified_gmt":"2026-02-23T12:46:11","slug":"ballesta-jag-ii-pro-071mp-175lb","status":"publish","type":"product","link":"https:\/\/urbantacs.cl\/en\/product\/ballesta-jag-ii-pro-071mp-175lb\/","title":{"rendered":"Ballesta JAG II Pro 071MP\/175lb"},"content":{"rendered":"<p>Incluye mira y 03 flechas<\/p>","protected":false},"excerpt":{"rendered":"<p>Ballesta compuesta; robusto nivel de entrada, estupenda para tiradores principiantes y avanzados. Una excelente combinaci\u00f3n entre peso y velocidad, con pestillos en rango por debajo de 340 fps. La hoja compacta y t\u00e1cticamente configurada, est\u00e1 debidamente balanceada y es f\u00e1cil de acarrear.<\/p>\n<p><strong>ESPECIFICACIONES T\u00c9CNICAS<\/strong><br \/>\nVelocidad: 340 fps<br \/>\nAmplitud martillada:14\u201d<br \/>\nDesmartillada:17\u201d<br \/>\nPeso: 175 LBS<br \/>\nPeso neto del arco: 3 kilos<br \/>\nResistencia: 12.5\u201d<br \/>\nLongitud: 33.5\u2033 \u2013 36\u201d<br \/>\nMANGO: Refuerzo compuesto. Ajustable<\/p>\n<p><strong>AGARRE:<\/strong>\u00a0Contundente textura estilo pistola A2<br \/>\n<strong>GATILLO:<\/strong>\u00a0Seguridad antidisparo, tracci\u00f3n menor a 3.5lbs.<br \/>\n<strong>CA\u00d1\u00d3N:<\/strong>\u00a0Ca\u00f1\u00f3n con riel de aluminio compuesto<br \/>\n<strong>CADENA OBTURADORA:<\/strong>\u00a0Cadena desaceleradora y amortiguaci\u00f3n de vibraci\u00f3n<br \/>\n<strong>SET DE LEVAS:<\/strong>\u00a0Levas de fundici\u00f3n<br \/>\n<strong>TUBO ELEVADOR:<\/strong>\u00a0Fundici\u00f3n aluminio<br \/>\n<strong>EXTREMOS:<\/strong>\u00a0Fibra de vidrio de compresi\u00f3n durable<\/p>","protected":false},"featured_media":33142,"comment_status":"open","ping_status":"closed","template":"","meta":[],"product_brand":[],"product_cat":[36],"product_tag":[],"class_list":{"0":"post-33141","1":"product","2":"type-product","3":"status-publish","4":"has-post-thumbnail","6":"product_cat-caza","8":"first","9":"instock","10":"shipping-taxable","11":"purchasable","12":"product-type-simple"},"_links":{"self":[{"href":"https:\/\/urbantacs.cl\/en\/wp-json\/wp\/v2\/product\/33141","targetHints":{"allow":["GET"]}}],"collection":[{"href":"https:\/\/urbantacs.cl\/en\/wp-json\/wp\/v2\/product"}],"about":[{"href":"https:\/\/urbantacs.cl\/en\/wp-json\/wp\/v2\/types\/product"}],"replies":[{"embeddable":true,"href":"https:\/\/urbantacs.cl\/en\/wp-json\/wp\/v2\/comments?post=33141"}],"wp:featuredmedia":[{"embeddable":true,"href":"https:\/\/urbantacs.cl\/en\/wp-json\/wp\/v2\/media\/33142"}],"wp:attachment":[{"href":"https:\/\/urbantacs.cl\/en\/wp-json\/wp\/v2\/media?parent=33141"}],"wp:term":[{"taxonomy":"product_brand","embeddable":true,"href":"https:\/\/urbantacs.cl\/en\/wp-json\/wp\/v2\/product_brand?post=33141"},{"taxonomy":"product_cat","embeddable":true,"href":"https:\/\/urbantacs.cl\/en\/wp-json\/wp\/v2\/product_cat?post=33141"},{"taxonomy":"product_tag","embeddable":true,"href":"https:\/\/urbantacs.cl\/en\/wp-json\/wp\/v2\/product_tag?post=33141"}],"curies":[{"name":"wp","href":"https:\/\/api.w.org\/{rel}","templated":true}]}}