{"id":33160,"date":"2026-02-13T13:39:25","date_gmt":"2026-02-13T16:39:25","guid":{"rendered":"https:\/\/urbantacs.cl\/?post_type=product&#038;p=33160"},"modified":"2026-02-13T17:33:47","modified_gmt":"2026-02-13T20:33:47","slug":"municion-calibre-9-mm-hollow-point-marca-magtech-pc","status":"publish","type":"product","link":"https:\/\/urbantacs.cl\/en\/product\/municion-calibre-9-mm-hollow-point-marca-magtech-pc\/","title":{"rendered":"MUNICION CALIBRE 9 mm HOLLOW POINT,  MARCA MAGTECH  (9C)"},"content":{"rendered":"<ul>\n<li>Munici\u00f3n Magtech<\/li>\n<li>Calibre 9 mm Luger<\/li>\n<li>Punta JHP\u00a0(Jacketed Hollow Point)<\/li>\n<li>De 115\u00a0grains<\/li>\n<li>Caja de 50 unidades<\/li>\n<\/ul>","protected":false},"excerpt":{"rendered":"<p>Munici\u00f3n Calibre 9mm, Magtech H.P.\u00a0 (9C), 115 Grains<br \/>\nCaja de 50 unidades<br \/>\n(venta sujeta a cumplimiento de legislaci\u00f3n vigente)<\/p>\n<p>&nbsp;<\/p>\n<p><strong>IMPORTANTE:<\/strong>\u00a0Este es un producto sometido a control por la Direcci\u00f3n General de Movilizaci\u00f3n Nacional (DGMN), antes de comprar aseg\u00farese de cumplir con todos los requisitos y requerimientos establecidos en la ley N\u00b017.798 de control de armas.<\/p>","protected":false},"featured_media":33162,"comment_status":"open","ping_status":"closed","template":"","meta":[],"product_brand":[],"product_cat":[64,38],"product_tag":[],"class_list":{"0":"post-33160","1":"product","2":"type-product","3":"status-publish","4":"has-post-thumbnail","6":"product_cat-cal-9-mm","7":"product_cat-municiones","9":"first","10":"instock","11":"shipping-taxable","12":"purchasable","13":"product-type-simple"},"_links":{"self":[{"href":"https:\/\/urbantacs.cl\/en\/wp-json\/wp\/v2\/product\/33160","targetHints":{"allow":["GET"]}}],"collection":[{"href":"https:\/\/urbantacs.cl\/en\/wp-json\/wp\/v2\/product"}],"about":[{"href":"https:\/\/urbantacs.cl\/en\/wp-json\/wp\/v2\/types\/product"}],"replies":[{"embeddable":true,"href":"https:\/\/urbantacs.cl\/en\/wp-json\/wp\/v2\/comments?post=33160"}],"wp:featuredmedia":[{"embeddable":true,"href":"https:\/\/urbantacs.cl\/en\/wp-json\/wp\/v2\/media\/33162"}],"wp:attachment":[{"href":"https:\/\/urbantacs.cl\/en\/wp-json\/wp\/v2\/media?parent=33160"}],"wp:term":[{"taxonomy":"product_brand","embeddable":true,"href":"https:\/\/urbantacs.cl\/en\/wp-json\/wp\/v2\/product_brand?post=33160"},{"taxonomy":"product_cat","embeddable":true,"href":"https:\/\/urbantacs.cl\/en\/wp-json\/wp\/v2\/product_cat?post=33160"},{"taxonomy":"product_tag","embeddable":true,"href":"https:\/\/urbantacs.cl\/en\/wp-json\/wp\/v2\/product_tag?post=33160"}],"curies":[{"name":"wp","href":"https:\/\/api.w.org\/{rel}","templated":true}]}}