{"id":33163,"date":"2026-02-13T13:49:01","date_gmt":"2026-02-13T16:49:01","guid":{"rendered":"https:\/\/urbantacs.cl\/?post_type=product&#038;p=33163"},"modified":"2026-02-26T09:53:20","modified_gmt":"2026-02-26T12:53:20","slug":"municion-calibre-9mm-115-gr","status":"publish","type":"product","link":"https:\/\/urbantacs.cl\/en\/product\/municion-calibre-9mm-115-gr\/","title":{"rendered":"Munici\u00f3n Calibre 9mm   115 GR  Magtech"},"content":{"rendered":"<p><strong>Peso de la bala:<\/strong> 115 gr<br \/>\n<strong>Estilo de bala:<\/strong>\u00a0Full Metal Jacket (FMJ)<br \/>\n<strong>Velocidad:<\/strong>\u00a01135 fps<br \/>\n<strong>Energ\u00eda:<\/strong>\u00a0330 ft. lbs.<br \/>\nMunici\u00f3n de tiro deportivo<\/p>\n<p><strong>IMPORTANTE:<\/strong>\u00a0Este es un producto sometido a control por la Direcci\u00f3n General de Movilizaci\u00f3n Nacional (DGMN), antes de comprar aseg\u00farese de cumplir con todos los requisitos y requerimientos establecidos en la ley N\u00b017.798 de control de armas.<\/p>","protected":false},"excerpt":{"rendered":"<p>Los proyectiles Full Metal Jacket son la opci\u00f3n ideal para entrenamiento, tiro al blanco y uso general en el campo. La munici\u00f3n Magtech FMJ ofrece un rendimiento confiable y preciso en el campo de tiro.<\/p>\n<p>&nbsp;<\/p>\n<p>(venta sujeta a cumplimiento de legislaci\u00f3n vigente)<\/p>\n<p>&nbsp;<\/p>\n<p><strong>Este producto est\u00e1 controlado por la ley y no se puede agregar al carro de compras.<\/strong><br \/>\n<strong>Para adquirir este producto, usted debe\u00a0<a href=\"https:\/\/www.target.cl\/index.php?main_page=contact_us&amp;pid=1990&amp;to=1\">contactarnos<\/a>\u00a0para formalizar el proceso.<\/strong><\/p>","protected":false},"featured_media":33164,"comment_status":"open","ping_status":"closed","template":"","meta":[],"product_brand":[],"product_cat":[64,38],"product_tag":[],"class_list":{"0":"post-33163","1":"product","2":"type-product","3":"status-publish","4":"has-post-thumbnail","6":"product_cat-cal-9-mm","7":"product_cat-municiones","9":"first","10":"instock","11":"shipping-taxable","12":"purchasable","13":"product-type-simple"},"_links":{"self":[{"href":"https:\/\/urbantacs.cl\/en\/wp-json\/wp\/v2\/product\/33163","targetHints":{"allow":["GET"]}}],"collection":[{"href":"https:\/\/urbantacs.cl\/en\/wp-json\/wp\/v2\/product"}],"about":[{"href":"https:\/\/urbantacs.cl\/en\/wp-json\/wp\/v2\/types\/product"}],"replies":[{"embeddable":true,"href":"https:\/\/urbantacs.cl\/en\/wp-json\/wp\/v2\/comments?post=33163"}],"wp:featuredmedia":[{"embeddable":true,"href":"https:\/\/urbantacs.cl\/en\/wp-json\/wp\/v2\/media\/33164"}],"wp:attachment":[{"href":"https:\/\/urbantacs.cl\/en\/wp-json\/wp\/v2\/media?parent=33163"}],"wp:term":[{"taxonomy":"product_brand","embeddable":true,"href":"https:\/\/urbantacs.cl\/en\/wp-json\/wp\/v2\/product_brand?post=33163"},{"taxonomy":"product_cat","embeddable":true,"href":"https:\/\/urbantacs.cl\/en\/wp-json\/wp\/v2\/product_cat?post=33163"},{"taxonomy":"product_tag","embeddable":true,"href":"https:\/\/urbantacs.cl\/en\/wp-json\/wp\/v2\/product_tag?post=33163"}],"curies":[{"name":"wp","href":"https:\/\/api.w.org\/{rel}","templated":true}]}}