{"id":33169,"date":"2026-02-13T16:24:57","date_gmt":"2026-02-13T19:24:57","guid":{"rendered":"https:\/\/urbantacs.cl\/?post_type=product&#038;p=33169"},"modified":"2026-04-07T12:00:26","modified_gmt":"2026-04-07T16:00:26","slug":"magtech-45-auto-fmj-230-gr-50-und","status":"publish","type":"product","link":"https:\/\/urbantacs.cl\/en\/product\/magtech-45-auto-fmj-230-gr-50-und\/","title":{"rendered":"MAGTECH .45 AUTO FMJ 230 GR | 50 UND"},"content":{"rendered":"<ul>\n<li>Calibre: .45 ACP Auto<\/li>\n<li>Peso: 230 Grain<\/li>\n<li>Tipo de bala: Full metal jacket FMJ<\/li>\n<li>Tipo de casquillo: Bronce<\/li>\n<li>Caja: 50 balas<\/li>\n<\/ul>\n<p><b>Ballistics Information:<\/b><\/p>\n<ul>\n<li>Velocidad: 255 mts\/seg<\/li>\n<li>Energia: 358 ft. lbs.<\/li>\n<\/ul>","protected":false},"excerpt":{"rendered":"<p><strong>IMPORTANTE:<\/strong>\u00a0Este es un producto sometido a control por la Direcci\u00f3n General de Movilizaci\u00f3n Nacional (DGMN), antes de comprar aseg\u00farese de cumplir con todos los requisitos y requerimientos establecidos en la ley N\u00b017.798 de control de armas.<\/p>","protected":false},"featured_media":33170,"comment_status":"open","ping_status":"closed","template":"","meta":[],"product_brand":[],"product_cat":[86,38],"product_tag":[],"class_list":{"0":"post-33169","1":"product","2":"type-product","3":"status-publish","4":"has-post-thumbnail","6":"product_cat-cal-45","7":"product_cat-municiones","9":"first","10":"instock","11":"sale","12":"shipping-taxable","13":"purchasable","14":"product-type-simple"},"_links":{"self":[{"href":"https:\/\/urbantacs.cl\/en\/wp-json\/wp\/v2\/product\/33169","targetHints":{"allow":["GET"]}}],"collection":[{"href":"https:\/\/urbantacs.cl\/en\/wp-json\/wp\/v2\/product"}],"about":[{"href":"https:\/\/urbantacs.cl\/en\/wp-json\/wp\/v2\/types\/product"}],"replies":[{"embeddable":true,"href":"https:\/\/urbantacs.cl\/en\/wp-json\/wp\/v2\/comments?post=33169"}],"wp:featuredmedia":[{"embeddable":true,"href":"https:\/\/urbantacs.cl\/en\/wp-json\/wp\/v2\/media\/33170"}],"wp:attachment":[{"href":"https:\/\/urbantacs.cl\/en\/wp-json\/wp\/v2\/media?parent=33169"}],"wp:term":[{"taxonomy":"product_brand","embeddable":true,"href":"https:\/\/urbantacs.cl\/en\/wp-json\/wp\/v2\/product_brand?post=33169"},{"taxonomy":"product_cat","embeddable":true,"href":"https:\/\/urbantacs.cl\/en\/wp-json\/wp\/v2\/product_cat?post=33169"},{"taxonomy":"product_tag","embeddable":true,"href":"https:\/\/urbantacs.cl\/en\/wp-json\/wp\/v2\/product_tag?post=33169"}],"curies":[{"name":"wp","href":"https:\/\/api.w.org\/{rel}","templated":true}]}}