{"id":33184,"date":"2026-02-13T17:09:52","date_gmt":"2026-02-13T20:09:52","guid":{"rendered":"https:\/\/urbantacs.cl\/?post_type=product&#038;p=33184"},"modified":"2026-02-13T17:32:12","modified_gmt":"2026-02-13T20:32:12","slug":"municion-magtech-32-auto-765","status":"publish","type":"product","link":"https:\/\/urbantacs.cl\/en\/product\/municion-magtech-32-auto-765\/","title":{"rendered":"Municion  Magtech .32 Auto (7,65)"},"content":{"rendered":"","protected":false},"excerpt":{"rendered":"<p>Caja de 50 balas Magtech .32 Auto (7,65).<\/p>\n<h4>Especificaciones<\/h4>\n<ul>\n<li><strong>Marca:<\/strong>\u00a0Magtech.<\/li>\n<li><strong>Modelo:<\/strong>\u00a032A.<\/li>\n<li><strong>Calibre:<\/strong>\u00a0.32 Auto.<\/li>\n<li><strong>Tipo de Bala:<\/strong>\u00a0FMC.<\/li>\n<li><strong>Peso:<\/strong>\u00a071 gr.<\/li>\n<li><strong>Velocidad:<\/strong>\u00a0276 m\/s.<\/li>\n<li><strong>Energ\u00eda:<\/strong>\u00a0175 J.<\/li>\n<li><strong>Rango Medio de la Trayectoria:<\/strong>\u00a04,3 cm @ 50 m.<\/li>\n<li><strong>Cantidad:<\/strong>\u00a050 Unidades.<\/li>\n<\/ul>\n<p><strong>IMPORTANTE:<\/strong>\u00a0Este es un producto sometido a control por la Direcci\u00f3n General de Movilizaci\u00f3n Nacional (DGMN), antes de comprar aseg\u00farese de cumplir con todos los requisitos y requerimientos establecidos en la ley N\u00b017.798 de control de armas.<\/p>","protected":false},"featured_media":33185,"comment_status":"open","ping_status":"closed","template":"","meta":[],"product_brand":[],"product_cat":[88,38],"product_tag":[],"class_list":{"0":"post-33184","1":"product","2":"type-product","3":"status-publish","4":"has-post-thumbnail","6":"product_cat-32-auto-7-65","7":"product_cat-municiones","9":"first","10":"instock","11":"shipping-taxable","12":"purchasable","13":"product-type-simple"},"_links":{"self":[{"href":"https:\/\/urbantacs.cl\/en\/wp-json\/wp\/v2\/product\/33184","targetHints":{"allow":["GET"]}}],"collection":[{"href":"https:\/\/urbantacs.cl\/en\/wp-json\/wp\/v2\/product"}],"about":[{"href":"https:\/\/urbantacs.cl\/en\/wp-json\/wp\/v2\/types\/product"}],"replies":[{"embeddable":true,"href":"https:\/\/urbantacs.cl\/en\/wp-json\/wp\/v2\/comments?post=33184"}],"wp:featuredmedia":[{"embeddable":true,"href":"https:\/\/urbantacs.cl\/en\/wp-json\/wp\/v2\/media\/33185"}],"wp:attachment":[{"href":"https:\/\/urbantacs.cl\/en\/wp-json\/wp\/v2\/media?parent=33184"}],"wp:term":[{"taxonomy":"product_brand","embeddable":true,"href":"https:\/\/urbantacs.cl\/en\/wp-json\/wp\/v2\/product_brand?post=33184"},{"taxonomy":"product_cat","embeddable":true,"href":"https:\/\/urbantacs.cl\/en\/wp-json\/wp\/v2\/product_cat?post=33184"},{"taxonomy":"product_tag","embeddable":true,"href":"https:\/\/urbantacs.cl\/en\/wp-json\/wp\/v2\/product_tag?post=33184"}],"curies":[{"name":"wp","href":"https:\/\/api.w.org\/{rel}","templated":true}]}}