{"id":33189,"date":"2026-02-13T17:22:22","date_gmt":"2026-02-13T20:22:22","guid":{"rendered":"https:\/\/urbantacs.cl\/?post_type=product&#038;p=33189"},"modified":"2026-02-14T15:53:16","modified_gmt":"2026-02-14T18:53:16","slug":"municion-cal-32-swl-magtech-98-gr","status":"publish","type":"product","link":"https:\/\/urbantacs.cl\/en\/product\/municion-cal-32-swl-magtech-98-gr\/","title":{"rendered":"Munici\u00f3n cal .32  S&#038;WL Magtech, 98 Gr"},"content":{"rendered":"<p>.32 Largo<\/p>","protected":false},"excerpt":{"rendered":"<p>Recientemente fabricado por Magtech municiones, este producto es excelente para la pr\u00e1ctica de destino y plinking.<\/p>\n<p>Cada ronda recargable cuenta con una carcasa de lat\u00f3n, una imprimaci\u00f3n boxer, y un propulsor no corrosivo.<\/p>\n<p>Desde 1926, Magtech ha fabricado sus propios componentes, llevando a sus clientes un control de calidad total sobre todas las etapas del proceso de fabricaci\u00f3n, as\u00ed como el producto final. Su objetivo es comercializar las mejores municiones en la industria. Cada cartucho se monta utilizando los componentes de la m\u00e1s alta calidad para una fiabilidad absoluta. Ideal para el tiro recreativo.<\/p>\n<p>Munici\u00f3n de deporte fue dise\u00f1ado para los tiradores en busca de precisi\u00f3n, fiabilidad y rendimiento excepcional, redondo tras ronda.<\/p>\n<p><strong>Informaci\u00f3n T\u00e9cnica<\/strong><\/p>\n<ul>\n<li>Calibre: .32 (Smith &amp; Wesson) Long<\/li>\n<li>Peso: 98 Grain<\/li>\n<li>Tipo de bala: Nariz redonda de plomo (LRN)<\/li>\n<li>Tipo de casquillo: Bronce<\/li>\n<li>Caja: 50 balas<\/li>\n<\/ul>\n<p><b>Ballistics Information:<\/b><\/p>\n<ul>\n<li>Velocidad: 215 mts\/seg<\/li>\n<\/ul>\n<p><strong>IMPORTANTE:<\/strong>\u00a0Este es un producto sometido a control por la Direcci\u00f3n General de Movilizaci\u00f3n Nacional (DGMN), antes de comprar aseg\u00farese de cumplir con todos los requisitos y requerimientos establecidos en la ley N\u00b017.798 de control de armas.<\/p>","protected":false},"featured_media":33190,"comment_status":"open","ping_status":"closed","template":"","meta":[],"product_brand":[],"product_cat":[93,38],"product_tag":[],"class_list":{"0":"post-33189","1":"product","2":"type-product","3":"status-publish","4":"has-post-thumbnail","6":"product_cat-32-swl-largo-municiones","7":"product_cat-municiones","9":"first","10":"instock","11":"shipping-taxable","12":"purchasable","13":"product-type-simple"},"_links":{"self":[{"href":"https:\/\/urbantacs.cl\/en\/wp-json\/wp\/v2\/product\/33189","targetHints":{"allow":["GET"]}}],"collection":[{"href":"https:\/\/urbantacs.cl\/en\/wp-json\/wp\/v2\/product"}],"about":[{"href":"https:\/\/urbantacs.cl\/en\/wp-json\/wp\/v2\/types\/product"}],"replies":[{"embeddable":true,"href":"https:\/\/urbantacs.cl\/en\/wp-json\/wp\/v2\/comments?post=33189"}],"wp:featuredmedia":[{"embeddable":true,"href":"https:\/\/urbantacs.cl\/en\/wp-json\/wp\/v2\/media\/33190"}],"wp:attachment":[{"href":"https:\/\/urbantacs.cl\/en\/wp-json\/wp\/v2\/media?parent=33189"}],"wp:term":[{"taxonomy":"product_brand","embeddable":true,"href":"https:\/\/urbantacs.cl\/en\/wp-json\/wp\/v2\/product_brand?post=33189"},{"taxonomy":"product_cat","embeddable":true,"href":"https:\/\/urbantacs.cl\/en\/wp-json\/wp\/v2\/product_cat?post=33189"},{"taxonomy":"product_tag","embeddable":true,"href":"https:\/\/urbantacs.cl\/en\/wp-json\/wp\/v2\/product_tag?post=33189"}],"curies":[{"name":"wp","href":"https:\/\/api.w.org\/{rel}","templated":true}]}}