{"id":33194,"date":"2026-02-13T17:29:19","date_gmt":"2026-02-13T20:29:19","guid":{"rendered":"https:\/\/urbantacs.cl\/?post_type=product&#038;p=33194"},"modified":"2026-04-07T12:08:44","modified_gmt":"2026-04-07T16:08:44","slug":"municion-magtech-44-40-win-200-gr","status":"publish","type":"product","link":"https:\/\/urbantacs.cl\/en\/product\/municion-magtech-44-40-win-200-gr\/","title":{"rendered":"Municion Magtech  44-40 win   200 Gr"},"content":{"rendered":"","protected":false},"excerpt":{"rendered":"<h4>Especificaciones<\/h4>\n<ul>\n<li><strong>Marca:<\/strong>\u00a0Magtech.<\/li>\n<li><strong>Modelo:<\/strong>\u00a04440A.<\/li>\n<li><strong>Calibre:<\/strong>\u00a0.44-40 Win.<\/li>\n<li><strong>Tipo de Bala:<\/strong>\u00a0L-FLAT.<\/li>\n<li><strong>Peso:<\/strong>\u00a0200 gr.<\/li>\n<li><strong>Velocidad:<\/strong>\u00a0360 m\/s.<\/li>\n<li><strong>Energ\u00eda:<\/strong>\u00a0840 J.<\/li>\n<li><strong>Rango Medio de la Trayectoria:<\/strong>\u00a011 cm @ 100 m.<\/li>\n<li><strong>Cantidad:<\/strong>\u00a050 Unidades.<\/li>\n<\/ul>\n<p><strong>IMPORTANTE:<\/strong>\u00a0Este es un producto sometido a control por la Direcci\u00f3n General de Movilizaci\u00f3n Nacional (DGMN), antes de comprar aseg\u00farese de cumplir con todos los requisitos y requerimientos establecidos en la ley N\u00b017.798 de control de armas.<\/p>","protected":false},"featured_media":33195,"comment_status":"open","ping_status":"closed","template":"","meta":[],"product_brand":[],"product_cat":[90,38],"product_tag":[],"class_list":{"0":"post-33194","1":"product","2":"type-product","3":"status-publish","4":"has-post-thumbnail","6":"product_cat-44-40-win","7":"product_cat-municiones","9":"first","10":"instock","11":"shipping-taxable","12":"purchasable","13":"product-type-simple"},"_links":{"self":[{"href":"https:\/\/urbantacs.cl\/en\/wp-json\/wp\/v2\/product\/33194","targetHints":{"allow":["GET"]}}],"collection":[{"href":"https:\/\/urbantacs.cl\/en\/wp-json\/wp\/v2\/product"}],"about":[{"href":"https:\/\/urbantacs.cl\/en\/wp-json\/wp\/v2\/types\/product"}],"replies":[{"embeddable":true,"href":"https:\/\/urbantacs.cl\/en\/wp-json\/wp\/v2\/comments?post=33194"}],"wp:featuredmedia":[{"embeddable":true,"href":"https:\/\/urbantacs.cl\/en\/wp-json\/wp\/v2\/media\/33195"}],"wp:attachment":[{"href":"https:\/\/urbantacs.cl\/en\/wp-json\/wp\/v2\/media?parent=33194"}],"wp:term":[{"taxonomy":"product_brand","embeddable":true,"href":"https:\/\/urbantacs.cl\/en\/wp-json\/wp\/v2\/product_brand?post=33194"},{"taxonomy":"product_cat","embeddable":true,"href":"https:\/\/urbantacs.cl\/en\/wp-json\/wp\/v2\/product_cat?post=33194"},{"taxonomy":"product_tag","embeddable":true,"href":"https:\/\/urbantacs.cl\/en\/wp-json\/wp\/v2\/product_tag?post=33194"}],"curies":[{"name":"wp","href":"https:\/\/api.w.org\/{rel}","templated":true}]}}