{"id":33201,"date":"2026-02-14T16:15:47","date_gmt":"2026-02-14T19:15:47","guid":{"rendered":"https:\/\/urbantacs.cl\/?post_type=product&#038;p=33201"},"modified":"2026-02-14T16:18:33","modified_gmt":"2026-02-14T19:18:33","slug":"pistola-taurus-modelo-th9-verde","status":"publish","type":"product","link":"https:\/\/urbantacs.cl\/en\/product\/pistola-taurus-modelo-th9-verde\/","title":{"rendered":"PISTOLA TAURUS MODELO TH9 VERDE"},"content":{"rendered":"","protected":false},"excerpt":{"rendered":"<p>&nbsp;<\/p>\n<p><strong>mportante:<\/strong>\u00a0Para adquirir un arma, se requiere la previa tramitaci\u00f3n de una autorizaci\u00f3n de compra en la Autoridad Fiscalizadora de la Ley de Control de Armas . El arma s\u00f3lo se puede retirar con la autorizaci\u00f3n de compra respectiva.<\/p>","protected":false},"featured_media":33202,"comment_status":"open","ping_status":"closed","template":"","meta":[],"product_brand":[],"product_cat":[47,45,54],"product_tag":[],"class_list":{"0":"post-33201","1":"product","2":"type-product","3":"status-publish","4":"has-post-thumbnail","6":"product_cat-armas-cortas","7":"product_cat-pistolas","8":"product_cat-taurus","10":"first","11":"onbackorder","12":"sold-individually","13":"shipping-taxable","14":"purchasable","15":"product-type-simple"},"_links":{"self":[{"href":"https:\/\/urbantacs.cl\/en\/wp-json\/wp\/v2\/product\/33201","targetHints":{"allow":["GET"]}}],"collection":[{"href":"https:\/\/urbantacs.cl\/en\/wp-json\/wp\/v2\/product"}],"about":[{"href":"https:\/\/urbantacs.cl\/en\/wp-json\/wp\/v2\/types\/product"}],"replies":[{"embeddable":true,"href":"https:\/\/urbantacs.cl\/en\/wp-json\/wp\/v2\/comments?post=33201"}],"wp:featuredmedia":[{"embeddable":true,"href":"https:\/\/urbantacs.cl\/en\/wp-json\/wp\/v2\/media\/33202"}],"wp:attachment":[{"href":"https:\/\/urbantacs.cl\/en\/wp-json\/wp\/v2\/media?parent=33201"}],"wp:term":[{"taxonomy":"product_brand","embeddable":true,"href":"https:\/\/urbantacs.cl\/en\/wp-json\/wp\/v2\/product_brand?post=33201"},{"taxonomy":"product_cat","embeddable":true,"href":"https:\/\/urbantacs.cl\/en\/wp-json\/wp\/v2\/product_cat?post=33201"},{"taxonomy":"product_tag","embeddable":true,"href":"https:\/\/urbantacs.cl\/en\/wp-json\/wp\/v2\/product_tag?post=33201"}],"curies":[{"name":"wp","href":"https:\/\/api.w.org\/{rel}","templated":true}]}}