{"id":33207,"date":"2026-02-15T19:49:06","date_gmt":"2026-02-15T22:49:06","guid":{"rendered":"https:\/\/urbantacs.cl\/?post_type=product&#038;p=33207"},"modified":"2026-04-17T16:33:24","modified_gmt":"2026-04-17T20:33:24","slug":"gas-pimienta-sabre-tipo-llavero-15-gr","status":"publish","type":"product","link":"https:\/\/urbantacs.cl\/en\/product\/gas-pimienta-sabre-tipo-llavero-15-gr\/","title":{"rendered":"Gas pimienta SABRE Tipo llavero 15 Gr"},"content":{"rendered":"<ul>\n<li>Marca: Sabre.<\/li>\n<li>Modelo: KR-14-OC.<\/li>\n<li>Cantidad: 15 g.<\/li>\n<li>Distancia de disparo: 2,5 m \u2013 3 m.<\/li>\n<li>Disparos: 25 Aprox. de 1 segundo hasta 4 mts<\/li>\n<li>MODELO CON CLIP PARA BOLSILLO Y ARGOLLA PARA LLAVERO<\/li>\n<\/ul>","protected":false},"excerpt":{"rendered":"<p>as pimienta SABRE Tipo llaveroSi\u00e9ntete seguro con 25 r\u00e1fagas (5 veces m\u00e1s que otras marcas) para protegerte contra m\u00faltiples amenazas. Gas pimienta sabre Spray,\u00a0 Dise\u00f1o intuitivo y f\u00e1cil de usar para m\u00e1xima protecci\u00f3n. TINTE MARCADO UV.<\/p>\n<p>LEMENTO CONTROLADO, COMPRA ESTE PRODUCTO DEBE CONTAR CON CEDULAD DE IDENTIDAD O PASAPORTE VIGENTE, EL CUAL SER\u00c1 REQUERIDO AL MOMENTO DE SU COMPRA<\/p>","protected":false},"featured_media":33208,"comment_status":"open","ping_status":"closed","template":"","meta":[],"product_brand":[],"product_cat":[85],"product_tag":[],"class_list":{"0":"post-33207","1":"product","2":"type-product","3":"status-publish","4":"has-post-thumbnail","6":"product_cat-seguridad","8":"first","9":"instock","10":"shipping-taxable","11":"purchasable","12":"product-type-simple"},"_links":{"self":[{"href":"https:\/\/urbantacs.cl\/en\/wp-json\/wp\/v2\/product\/33207","targetHints":{"allow":["GET"]}}],"collection":[{"href":"https:\/\/urbantacs.cl\/en\/wp-json\/wp\/v2\/product"}],"about":[{"href":"https:\/\/urbantacs.cl\/en\/wp-json\/wp\/v2\/types\/product"}],"replies":[{"embeddable":true,"href":"https:\/\/urbantacs.cl\/en\/wp-json\/wp\/v2\/comments?post=33207"}],"wp:featuredmedia":[{"embeddable":true,"href":"https:\/\/urbantacs.cl\/en\/wp-json\/wp\/v2\/media\/33208"}],"wp:attachment":[{"href":"https:\/\/urbantacs.cl\/en\/wp-json\/wp\/v2\/media?parent=33207"}],"wp:term":[{"taxonomy":"product_brand","embeddable":true,"href":"https:\/\/urbantacs.cl\/en\/wp-json\/wp\/v2\/product_brand?post=33207"},{"taxonomy":"product_cat","embeddable":true,"href":"https:\/\/urbantacs.cl\/en\/wp-json\/wp\/v2\/product_cat?post=33207"},{"taxonomy":"product_tag","embeddable":true,"href":"https:\/\/urbantacs.cl\/en\/wp-json\/wp\/v2\/product_tag?post=33207"}],"curies":[{"name":"wp","href":"https:\/\/api.w.org\/{rel}","templated":true}]}}