{"id":33222,"date":"2026-02-15T20:47:11","date_gmt":"2026-02-15T23:47:11","guid":{"rendered":"https:\/\/urbantacs.cl\/?post_type=product&#038;p=33222"},"modified":"2026-03-10T11:32:12","modified_gmt":"2026-03-10T14:32:12","slug":"33222","status":"publish","type":"product","link":"https:\/\/urbantacs.cl\/en\/product\/33222\/","title":{"rendered":"Bast\u00f3n Retr\u00e1ctil  Metalico y Policarbonato"},"content":{"rendered":"<p>Bast\u00f3n defensa personal REGLAMENTARIO revestido con policarbonato<\/p>","protected":false},"excerpt":{"rendered":"<p>Bast\u00f3n Telescopico; fabricado en acero pavonado negro, para seguridad privada y civil, autodefensa, excelente calidad, ideal para llevar en el auto o portar, es discreto, incluye funda con pasador para el cintur\u00f3n, extendido MIDE 50,3 CMS!!, robusto, con un peso de 420 gramos!! S\u00f3lido acero; el s\u00f3lo hecho de accionarlo, con el sonido que emite, disuade al potencial atacante. Ideal para taxistas, guardias de seguridad, camioneros, vigilantes, nocheros, conserjes, conductores y todo quien requiera protecci\u00f3n extra.<\/p>","protected":false},"featured_media":33218,"comment_status":"open","ping_status":"closed","template":"","meta":[],"product_brand":[],"product_cat":[83,85],"product_tag":[],"class_list":{"0":"post-33222","1":"product","2":"type-product","3":"status-publish","4":"has-post-thumbnail","6":"product_cat-defensa","7":"product_cat-seguridad","9":"first","10":"instock","11":"shipping-taxable","12":"purchasable","13":"product-type-simple"},"_links":{"self":[{"href":"https:\/\/urbantacs.cl\/en\/wp-json\/wp\/v2\/product\/33222","targetHints":{"allow":["GET"]}}],"collection":[{"href":"https:\/\/urbantacs.cl\/en\/wp-json\/wp\/v2\/product"}],"about":[{"href":"https:\/\/urbantacs.cl\/en\/wp-json\/wp\/v2\/types\/product"}],"replies":[{"embeddable":true,"href":"https:\/\/urbantacs.cl\/en\/wp-json\/wp\/v2\/comments?post=33222"}],"wp:featuredmedia":[{"embeddable":true,"href":"https:\/\/urbantacs.cl\/en\/wp-json\/wp\/v2\/media\/33218"}],"wp:attachment":[{"href":"https:\/\/urbantacs.cl\/en\/wp-json\/wp\/v2\/media?parent=33222"}],"wp:term":[{"taxonomy":"product_brand","embeddable":true,"href":"https:\/\/urbantacs.cl\/en\/wp-json\/wp\/v2\/product_brand?post=33222"},{"taxonomy":"product_cat","embeddable":true,"href":"https:\/\/urbantacs.cl\/en\/wp-json\/wp\/v2\/product_cat?post=33222"},{"taxonomy":"product_tag","embeddable":true,"href":"https:\/\/urbantacs.cl\/en\/wp-json\/wp\/v2\/product_tag?post=33222"}],"curies":[{"name":"wp","href":"https:\/\/api.w.org\/{rel}","templated":true}]}}