{"id":33236,"date":"2026-02-15T21:09:45","date_gmt":"2026-02-16T00:09:45","guid":{"rendered":"https:\/\/urbantacs.cl\/?post_type=product&#038;p=33236"},"modified":"2026-02-15T21:12:24","modified_gmt":"2026-02-16T00:12:24","slug":"repuesto-honda-resortera","status":"publish","type":"product","link":"https:\/\/urbantacs.cl\/en\/product\/repuesto-honda-resortera\/","title":{"rendered":"REPUESTO HONDA RESORTERA"},"content":{"rendered":"","protected":false},"excerpt":{"rendered":"<p>Banda el\u00e1stica el\u00e1stica Velocity de 2 tiras para cazar catapultas con tirachinas Esta banda el\u00e1stica es \u00fatil para cazar y cazar, ya que cuenta con una bolsa de cuero duradera. Caracter\u00edsticas: tubo de l\u00e1tex de caucho de cuatro tiras, potente y destructivo. Uso de caza y objetivo. Cuero antideslizante. Caucho alto y duradero. Funda de piel y tirador est\u00e1ndar.<\/p>","protected":false},"featured_media":33237,"comment_status":"open","ping_status":"closed","template":"","meta":[],"product_brand":[],"product_cat":[36,43],"product_tag":[],"class_list":{"0":"post-33236","1":"product","2":"type-product","3":"status-publish","4":"has-post-thumbnail","6":"product_cat-caza","7":"product_cat-accesorios","9":"first","10":"outofstock","11":"shipping-taxable","12":"product-type-simple"},"_links":{"self":[{"href":"https:\/\/urbantacs.cl\/en\/wp-json\/wp\/v2\/product\/33236","targetHints":{"allow":["GET"]}}],"collection":[{"href":"https:\/\/urbantacs.cl\/en\/wp-json\/wp\/v2\/product"}],"about":[{"href":"https:\/\/urbantacs.cl\/en\/wp-json\/wp\/v2\/types\/product"}],"replies":[{"embeddable":true,"href":"https:\/\/urbantacs.cl\/en\/wp-json\/wp\/v2\/comments?post=33236"}],"wp:featuredmedia":[{"embeddable":true,"href":"https:\/\/urbantacs.cl\/en\/wp-json\/wp\/v2\/media\/33237"}],"wp:attachment":[{"href":"https:\/\/urbantacs.cl\/en\/wp-json\/wp\/v2\/media?parent=33236"}],"wp:term":[{"taxonomy":"product_brand","embeddable":true,"href":"https:\/\/urbantacs.cl\/en\/wp-json\/wp\/v2\/product_brand?post=33236"},{"taxonomy":"product_cat","embeddable":true,"href":"https:\/\/urbantacs.cl\/en\/wp-json\/wp\/v2\/product_cat?post=33236"},{"taxonomy":"product_tag","embeddable":true,"href":"https:\/\/urbantacs.cl\/en\/wp-json\/wp\/v2\/product_tag?post=33236"}],"curies":[{"name":"wp","href":"https:\/\/api.w.org\/{rel}","templated":true}]}}