{"id":33238,"date":"2026-02-15T21:25:36","date_gmt":"2026-02-16T00:25:36","guid":{"rendered":"https:\/\/urbantacs.cl\/?post_type=product&#038;p=33238"},"modified":"2026-02-23T09:42:50","modified_gmt":"2026-02-23T12:42:50","slug":"protector-auditivo-elect-impact","status":"publish","type":"product","link":"https:\/\/urbantacs.cl\/en\/product\/protector-auditivo-elect-impact\/","title":{"rendered":"PROTECTOR AUDITIVO ELECT. IMPACT"},"content":{"rendered":"<p>CON ESTUCHE Y EN COLORES VERDE Y NEGRO<\/p>","protected":false},"excerpt":{"rendered":"<p>Los protectores auditivos electr\u00f3nicos\u00a0<span data-wiz-uids=\"IcoH6_b\" data-processed=\"true\"><a class=\"GI370e\" href=\"https:\/\/www.google.com\/search?q=Howard+Leight+Impact+Sport&amp;sca_esv=ebc9003c0e8ff0d8&amp;rlz=1C1CHBF_enCL1113CL1113&amp;ei=MGGSadfBH_b21sQPqpqsyQU&amp;ved=2ahUKEwi-lfyB3tySAxUappUCHW-yAXMQgK4QegQIARAB&amp;uact=5&amp;oq=PROTECTOR+AUDITIVO+ELECT.+IMPACT&amp;gs_lp=Egxnd3Mtd2l6LXNlcnAiIFBST1RFQ1RPUiBBVURJVElWTyBFTEVDVC4gSU1QQUNUMgUQIRigAUikDlDSBFjSBHABeACQAQCYAVCgAY4BqgEBMrgBA8gBAPgBAZgCAqACaMICCxAAGIAEGLADGKIEmAMAiAYBkAYFkgcBMqAH0gWyBwExuAdjwgcDMi0yyAcJgAgA&amp;sclient=gws-wiz-serp\" data-ved=\"2ahUKEwi-lfyB3tySAxUappUCHW-yAXMQgK4QegQIARAB\" data-hveid=\"CAEQAQ\" data-processed=\"true\">Howard Leight Impact Sport<\/a><\/span> son orejeras t\u00e1cticas dise\u00f1adas para tiro y entornos ruidosos. Amplifican sonidos ambientales bajos a 82dB para permitir la conversaci\u00f3n, mientras reducen instant\u00e1neamente ruidos peligrosos (disparos). Cuentan con un NRR (\u00cdndice de Reducci\u00f3n de Ruido) de 22 A 27 dB, son compactos, ligeros y tienen entrada de audio.<span class=\"uJ19be notranslate\" data-wiz-uids=\"IcoH6_d,IcoH6_e\" data-processed=\"true\"><span class=\"vKEkVd\" data-animation-atomic=\"\" data-wiz-attrbind=\"class=IcoH6_c\/TKHnVd\" data-processed=\"true\"><span aria-hidden=\"true\" data-processed=\"true\">\u00a0<\/span><\/span><\/span><\/p>","protected":false},"featured_media":33239,"comment_status":"open","ping_status":"closed","template":"","meta":[],"product_brand":[],"product_cat":[85],"product_tag":[],"class_list":{"0":"post-33238","1":"product","2":"type-product","3":"status-publish","4":"has-post-thumbnail","6":"product_cat-seguridad","8":"first","9":"instock","10":"shipping-taxable","11":"purchasable","12":"product-type-simple"},"_links":{"self":[{"href":"https:\/\/urbantacs.cl\/en\/wp-json\/wp\/v2\/product\/33238","targetHints":{"allow":["GET"]}}],"collection":[{"href":"https:\/\/urbantacs.cl\/en\/wp-json\/wp\/v2\/product"}],"about":[{"href":"https:\/\/urbantacs.cl\/en\/wp-json\/wp\/v2\/types\/product"}],"replies":[{"embeddable":true,"href":"https:\/\/urbantacs.cl\/en\/wp-json\/wp\/v2\/comments?post=33238"}],"wp:featuredmedia":[{"embeddable":true,"href":"https:\/\/urbantacs.cl\/en\/wp-json\/wp\/v2\/media\/33239"}],"wp:attachment":[{"href":"https:\/\/urbantacs.cl\/en\/wp-json\/wp\/v2\/media?parent=33238"}],"wp:term":[{"taxonomy":"product_brand","embeddable":true,"href":"https:\/\/urbantacs.cl\/en\/wp-json\/wp\/v2\/product_brand?post=33238"},{"taxonomy":"product_cat","embeddable":true,"href":"https:\/\/urbantacs.cl\/en\/wp-json\/wp\/v2\/product_cat?post=33238"},{"taxonomy":"product_tag","embeddable":true,"href":"https:\/\/urbantacs.cl\/en\/wp-json\/wp\/v2\/product_tag?post=33238"}],"curies":[{"name":"wp","href":"https:\/\/api.w.org\/{rel}","templated":true}]}}