{"id":33243,"date":"2026-02-15T21:33:04","date_gmt":"2026-02-16T00:33:04","guid":{"rendered":"https:\/\/urbantacs.cl\/?post_type=product&#038;p=33243"},"modified":"2026-02-16T09:54:09","modified_gmt":"2026-02-16T12:54:09","slug":"balaclava-diferentes-colores-verde-negra-y-cafe","status":"publish","type":"product","link":"https:\/\/urbantacs.cl\/en\/product\/balaclava-diferentes-colores-verde-negra-y-cafe\/","title":{"rendered":"BALACLAVA DIFERENTES COLORES (VERDE, NEGRA Y CAFE)"},"content":{"rendered":"","protected":false},"excerpt":{"rendered":"<div class=\"Y3BBE\" data-sfc-cp=\"\" data-hveid=\"CAIQAA\" data-complete=\"true\" data-processed=\"true\">Puedes encontrar una variedad de balaclavas (o pasamonta\u00f1as) de colores en diferentes materiales y tonos, desde verde militar a camuflado, ideales para actividades t\u00e1cticas, deportivas o para protegerse del fr\u00edo.<span class=\"uJ19be notranslate\" data-wiz-uids=\"LddKof_e,LddKof_f\" data-complete=\"true\"><span class=\"vKEkVd\" data-animation-atomic=\"\" data-wiz-attrbind=\"class=LddKof_d\/TKHnVd\" data-sae=\"\"><span aria-hidden=\"true\">\u00a0<\/span><button class=\"rBl3me\" tabindex=\"0\" data-amic=\"true\" data-icl-uuid=\"fa28e646-522e-4234-a6a6-c5d6c7ff47a4\" aria-label=\"Ver v\u00ednculos relacionados\" data-wiz-attrbind=\"disabled=LddKof_d\/C5gNJc;aria-label=LddKof_d\/bOjMyf;class=LddKof_d\/UpSNec\" data-ved=\"2ahUKEwjHhLKT4dySAxVFF7kGHWgHFWIQye0OegQIAhAB\"><\/button><\/span><\/span><\/div>\n<div class=\"Fsg96\" data-sfc-cp=\"\" data-complete=\"true\" data-processed=\"true\"><\/div>\n<div class=\"otQkpb\" role=\"heading\" aria-level=\"3\" data-animation-nesting=\"\" data-sfc-cp=\"\" data-complete=\"true\" data-processed=\"true\" data-sae=\"\">Balaclavas T\u00e1cticas y Militares<button class=\"rBl3me\" tabindex=\"0\" data-amic=\"true\" data-icl-uuid=\"c16355dc-7433-4051-92de-37127b84d763\" aria-label=\"Ver v\u00ednculos relacionados\" data-wiz-attrbind=\"disabled=LddKof_l\/C5gNJc;aria-label=LddKof_l\/bOjMyf;class=LddKof_l\/UpSNec\" data-ved=\"2ahUKEwjHhLKT4dySAxVFF7kGHWgHFWIQye0OegQIAxAA\"><\/button><\/div>\n<div class=\"Y3BBE\" data-sfc-cp=\"\" data-hveid=\"CAQQAA\" data-complete=\"true\" data-processed=\"true\">Estas opciones son ideales para uso militar, seguridad, airsoft o motociclismo, enfoc\u00e1ndose en la durabilidad y funcionalidad.<span class=\"uJ19be notranslate\" data-wiz-uids=\"LddKof_q,LddKof_r\" data-complete=\"true\"><span class=\"vKEkVd\" data-animation-atomic=\"\" data-wiz-attrbind=\"class=LddKof_p\/TKHnVd\" data-sae=\"\"><span aria-hidden=\"true\">\u00a0<\/span><button class=\"rBl3me\" tabindex=\"0\" data-amic=\"true\" data-icl-uuid=\"2f1f3910-7c18-4d62-878c-2855c9f53819\" aria-label=\"Ver v\u00ednculos relacionados\" data-wiz-attrbind=\"disabled=LddKof_p\/C5gNJc;aria-label=LddKof_p\/bOjMyf;class=LddKof_p\/UpSNec\" data-ved=\"2ahUKEwjHhLKT4dySAxVFF7kGHWgHFWIQye0OegQIBBAB\"><\/button><\/span><\/span><\/div>\n<p>&nbsp;<\/p>","protected":false},"featured_media":33303,"comment_status":"open","ping_status":"closed","template":"","meta":[],"product_brand":[],"product_cat":[85,36,37,43],"product_tag":[],"class_list":{"0":"post-33243","1":"product","2":"type-product","3":"status-publish","4":"has-post-thumbnail","6":"product_cat-seguridad","7":"product_cat-caza","8":"product_cat-pesca","9":"product_cat-accesorios","11":"first","12":"instock","13":"shipping-taxable","14":"purchasable","15":"product-type-simple"},"_links":{"self":[{"href":"https:\/\/urbantacs.cl\/en\/wp-json\/wp\/v2\/product\/33243","targetHints":{"allow":["GET"]}}],"collection":[{"href":"https:\/\/urbantacs.cl\/en\/wp-json\/wp\/v2\/product"}],"about":[{"href":"https:\/\/urbantacs.cl\/en\/wp-json\/wp\/v2\/types\/product"}],"replies":[{"embeddable":true,"href":"https:\/\/urbantacs.cl\/en\/wp-json\/wp\/v2\/comments?post=33243"}],"wp:featuredmedia":[{"embeddable":true,"href":"https:\/\/urbantacs.cl\/en\/wp-json\/wp\/v2\/media\/33303"}],"wp:attachment":[{"href":"https:\/\/urbantacs.cl\/en\/wp-json\/wp\/v2\/media?parent=33243"}],"wp:term":[{"taxonomy":"product_brand","embeddable":true,"href":"https:\/\/urbantacs.cl\/en\/wp-json\/wp\/v2\/product_brand?post=33243"},{"taxonomy":"product_cat","embeddable":true,"href":"https:\/\/urbantacs.cl\/en\/wp-json\/wp\/v2\/product_cat?post=33243"},{"taxonomy":"product_tag","embeddable":true,"href":"https:\/\/urbantacs.cl\/en\/wp-json\/wp\/v2\/product_tag?post=33243"}],"curies":[{"name":"wp","href":"https:\/\/api.w.org\/{rel}","templated":true}]}}