{"id":33244,"date":"2026-02-15T21:37:57","date_gmt":"2026-02-16T00:37:57","guid":{"rendered":"https:\/\/urbantacs.cl\/?post_type=product&#038;p=33244"},"modified":"2026-02-15T21:40:19","modified_gmt":"2026-02-16T00:40:19","slug":"caja-porta-tiros-escopeta-cytac","status":"publish","type":"product","link":"https:\/\/urbantacs.cl\/en\/product\/caja-porta-tiros-escopeta-cytac\/","title":{"rendered":"CAJA PORTA TIROS ESCOPETA CYTAC"},"content":{"rendered":"","protected":false},"excerpt":{"rendered":"<div class=\"Y3BBE\" data-sfc-cp=\"\" data-hveid=\"CAEQAA\" data-processed=\"true\">La caja pl\u00e1stica celeste porta cartuchos calibre 12 es un accesorio dise\u00f1ado para almacenar y transportar de forma segura munici\u00f3n de escopeta. Existen modelos como los de la marca\u00a0<span data-processed=\"true\"><a class=\"H23r4e\" href=\"https:\/\/asupplybox.cl\/inicio\/119-caja-porta-tiros-escopeta-cytac.html\" target=\"_blank\" rel=\"noopener\" data-processed=\"true\">Cytac<\/a><\/span>\u00a0que incluyen adaptadores para versatilidad con calibres 16ga o 20ga. Son opciones compactas, duraderas y a menudo impermeables para cazadores o tiradores.<span class=\"uJ19be notranslate\" data-wiz-uids=\"T5XmZ_c,T5XmZ_d\" data-processed=\"true\"><span class=\"vKEkVd\" data-animation-atomic=\"\" data-wiz-attrbind=\"class=T5XmZ_b\/TKHnVd\" data-processed=\"true\"><span aria-hidden=\"true\" data-processed=\"true\">\u00a0<\/span><button class=\"rBl3me\" tabindex=\"0\" data-amic=\"true\" data-icl-uuid=\"013d0f02-7f22-417c-b9e4-a0d156b84e31\" aria-label=\"Ver v\u00ednculos relacionados\" data-wiz-attrbind=\"disabled=T5XmZ_b\/C5gNJc;aria-label=T5XmZ_b\/bOjMyf;class=T5XmZ_b\/UpSNec\" data-ved=\"2ahUKEwiJhfbl4dySAxWqG7kGHS4_KewQye0OegQIARAC\" data-processed=\"true\"><\/button><\/span><\/span><\/div>\n<ul class=\"KsbFXc U6u95\" data-processed=\"true\">\n<li data-hveid=\"CAIQAA\" data-processed=\"true\"><span class=\"T286Pc\" data-sfc-cp=\"\" data-processed=\"true\"><strong class=\"Yjhzub\" data-processed=\"true\">Capacidad:<\/strong>\u00a0Suelen albergar c\u00f3modamente 25 cartuchos de caza, aunque los modelos var\u00edan.<\/span><\/li>\n<li data-hveid=\"CAIQAQ\" data-processed=\"true\"><span class=\"T286Pc\" data-sfc-cp=\"\" data-processed=\"true\"><strong class=\"Yjhzub\" data-processed=\"true\">Material:<\/strong>\u00a0Pl\u00e1stico resistente (pol\u00edmero) con cierres seguros.<\/span><\/li>\n<li data-hveid=\"CAIQAg\" data-processed=\"true\"><span class=\"T286Pc\" data-sfc-cp=\"\" data-processed=\"true\"><strong class=\"Yjhzub\" data-processed=\"true\">Compatibilidad:<\/strong>\u00a0Dise\u00f1adas espec\u00edficamente para el calibre 12, que es el m\u00e1s com\u00fan en escopetas.<\/span><\/li>\n<li data-hveid=\"CAIQAw\" data-processed=\"true\"><span class=\"T286Pc\" data-sfc-cp=\"\" data-processed=\"true\"><strong class=\"Yjhzub\" data-processed=\"true\">Funcionalidad:<\/strong>\u00a0Protegen la munici\u00f3n de la humedad y el desgaste durante el transporte.<\/span><span class=\"uJ19be notranslate\" data-wiz-uids=\"T5XmZ_u,T5XmZ_v\" data-processed=\"true\"><span class=\"vKEkVd\" data-animation-atomic=\"\" data-wiz-attrbind=\"class=T5XmZ_t\/TKHnVd\" data-processed=\"true\"><span aria-hidden=\"true\" data-processed=\"true\">\u00a0<\/span><\/span><\/span><\/li>\n<\/ul>","protected":false},"featured_media":33245,"comment_status":"open","ping_status":"closed","template":"","meta":[],"product_brand":[],"product_cat":[85,36,43],"product_tag":[],"class_list":{"0":"post-33244","1":"product","2":"type-product","3":"status-publish","4":"has-post-thumbnail","6":"product_cat-seguridad","7":"product_cat-caza","8":"product_cat-accesorios","10":"first","11":"instock","12":"shipping-taxable","13":"purchasable","14":"product-type-simple"},"_links":{"self":[{"href":"https:\/\/urbantacs.cl\/en\/wp-json\/wp\/v2\/product\/33244","targetHints":{"allow":["GET"]}}],"collection":[{"href":"https:\/\/urbantacs.cl\/en\/wp-json\/wp\/v2\/product"}],"about":[{"href":"https:\/\/urbantacs.cl\/en\/wp-json\/wp\/v2\/types\/product"}],"replies":[{"embeddable":true,"href":"https:\/\/urbantacs.cl\/en\/wp-json\/wp\/v2\/comments?post=33244"}],"wp:featuredmedia":[{"embeddable":true,"href":"https:\/\/urbantacs.cl\/en\/wp-json\/wp\/v2\/media\/33245"}],"wp:attachment":[{"href":"https:\/\/urbantacs.cl\/en\/wp-json\/wp\/v2\/media?parent=33244"}],"wp:term":[{"taxonomy":"product_brand","embeddable":true,"href":"https:\/\/urbantacs.cl\/en\/wp-json\/wp\/v2\/product_brand?post=33244"},{"taxonomy":"product_cat","embeddable":true,"href":"https:\/\/urbantacs.cl\/en\/wp-json\/wp\/v2\/product_cat?post=33244"},{"taxonomy":"product_tag","embeddable":true,"href":"https:\/\/urbantacs.cl\/en\/wp-json\/wp\/v2\/product_tag?post=33244"}],"curies":[{"name":"wp","href":"https:\/\/api.w.org\/{rel}","templated":true}]}}