{"id":33261,"date":"2026-02-15T22:07:39","date_gmt":"2026-02-16T01:07:39","guid":{"rendered":"https:\/\/urbantacs.cl\/?post_type=product&#038;p=33261"},"modified":"2026-02-15T22:07:39","modified_gmt":"2026-02-16T01:07:39","slug":"porta-speedloader-para-revolver-cytac","status":"publish","type":"product","link":"https:\/\/urbantacs.cl\/en\/product\/porta-speedloader-para-revolver-cytac\/","title":{"rendered":"Porta Speedloader para Rev\u00f3lver Cytac"},"content":{"rendered":"<div class=\"Y3BBE\" data-sfc-cp=\"\" data-hveid=\"CAIQAA\" data-complete=\"true\" data-processed=\"true\">l\u00a0<strong class=\"Yjhzub\" data-complete=\"true\">porta speedloader para rev\u00f3lver Cytac de lona negra<\/strong>\u00a0es una\u00a0<strong class=\"Yjhzub\" data-complete=\"true\">funda de nailon duradero<\/strong>\u00a0dise\u00f1ada para un transporte seguro y un acceso r\u00e1pido, con compatibilidad para una variedad de calibres comunes.<span class=\"uJ19be notranslate\" data-wiz-uids=\"rDZ0Ib_f,rDZ0Ib_g\" data-complete=\"true\"><span class=\"vKEkVd\" data-animation-atomic=\"\" data-wiz-attrbind=\"class=rDZ0Ib_e\/TKHnVd\" data-sae=\"\"><span aria-hidden=\"true\">\u00a0<\/span><button class=\"rBl3me\" tabindex=\"0\" data-amic=\"true\" data-icl-uuid=\"146f176b-2dd1-49e2-bef8-51333c165e6f\" aria-label=\"Ver v\u00ednculos relacionados\" data-wiz-attrbind=\"disabled=rDZ0Ib_e\/C5gNJc;aria-label=rDZ0Ib_e\/bOjMyf;class=rDZ0Ib_e\/UpSNec\" data-ved=\"2ahUKEwiJzfS46NySAxV5p5UCHaA_O1QQye0OegQIAhAB\"><\/button><\/span><\/span><\/div>\n<div class=\"Fsg96\" data-sfc-cp=\"\" data-complete=\"true\" data-processed=\"true\"><\/div>\n<div class=\"otQkpb\" role=\"heading\" aria-level=\"3\" data-animation-nesting=\"\" data-sfc-cp=\"\" data-complete=\"true\" data-processed=\"true\" data-sae=\"\">Caracter\u00edsticas Principales<button class=\"rBl3me\" tabindex=\"0\" data-amic=\"true\" data-icl-uuid=\"575d02be-b1e6-4223-88df-8bcb9f025bd0\" aria-label=\"Ver v\u00ednculos relacionados\" data-wiz-attrbind=\"disabled=rDZ0Ib_l\/C5gNJc;aria-label=rDZ0Ib_l\/bOjMyf;class=rDZ0Ib_l\/UpSNec\" data-ved=\"2ahUKEwiJzfS46NySAxV5p5UCHaA_O1QQye0OegQIAxAA\"><\/button><\/div>\n<ul class=\"KsbFXc U6u95\" data-complete=\"true\" data-processed=\"true\">\n<li data-hveid=\"CAQQAA\" data-complete=\"true\" data-sae=\"\"><span class=\"T286Pc\" data-sfc-cp=\"\" data-complete=\"true\"><strong class=\"Yjhzub\" data-complete=\"true\">Material<\/strong>: Est\u00e1 fabricado en\u00a0<strong class=\"Yjhzub\" data-complete=\"true\">nailon 1000D<\/strong>, conocido por ser resistente al agua, ligero y duradero, a diferencia del pol\u00edmero que Cytac usa para otros productos.<\/span><\/li>\n<li data-hveid=\"CAQQAQ\" data-complete=\"true\" data-sae=\"\"><span class=\"T286Pc\" data-sfc-cp=\"\" data-complete=\"true\"><strong class=\"Yjhzub\" data-complete=\"true\">Dise\u00f1o<\/strong>: Cuenta con un\u00a0<strong class=\"Yjhzub\" data-complete=\"true\">cierre de velcro<\/strong>\u00a0que permite un acceso r\u00e1pido y f\u00e1cil al speedloader.<\/span><\/li>\n<li data-hveid=\"CAQQAg\" data-complete=\"true\" data-sae=\"\"><span class=\"T286Pc\" data-sfc-cp=\"\" data-complete=\"true\"><strong class=\"Yjhzub\" data-complete=\"true\">Compatibilidad<\/strong>: El dise\u00f1o es universal y se adapta a la mayor\u00eda de los speedloaders para rev\u00f3lveres de calibres populares como\u00a0<strong class=\"Yjhzub\" data-complete=\"true\">.38, .357, .44 y .45<\/strong>, tanto de 5 como de 7 tiros.<\/span><\/li>\n<li data-hveid=\"CAQQAw\" data-complete=\"true\" data-sae=\"\"><span class=\"T286Pc\" data-sfc-cp=\"\" data-complete=\"true\"><strong class=\"Yjhzub\" data-complete=\"true\">Montaje<\/strong>: Posee una presilla (belt loop) que se ajusta a cinturones de hasta 2.5 pulgadas, manteniendo la funda en su lugar de forma segura.<\/span><\/li>\n<li data-hveid=\"CAQQBA\" data-complete=\"true\" data-sae=\"\"><span class=\"T286Pc\" data-sfc-cp=\"\" data-complete=\"true\"><strong class=\"Yjhzub\" data-complete=\"true\">Modelo<\/strong>: El modelo espec\u00edfico a menudo se identifica como\u00a0<strong class=\"Yjhzub\" data-complete=\"true\">SSP01<\/strong>\u00a0en algunas tiendas.<\/span><span class=\"uJ19be notranslate\" data-wiz-uids=\"rDZ0Ib_19,rDZ0Ib_1a\" data-complete=\"true\"><span class=\"vKEkVd\" data-animation-atomic=\"\" data-wiz-attrbind=\"class=rDZ0Ib_18\/TKHnVd\" data-sae=\"\"><span aria-hidden=\"true\">\u00a0<\/span><button class=\"rBl3me\" tabindex=\"0\" data-amic=\"true\" data-icl-uuid=\"55a6d65b-b982-4fcf-a6e4-9147e239d81e\" aria-label=\"Ver v\u00ednculos relacionados\" data-wiz-attrbind=\"disabled=rDZ0Ib_18\/C5gNJc;aria-label=rDZ0Ib_18\/bOjMyf;class=rDZ0Ib_18\/UpSNec\" data-ved=\"2ahUKEwiJzfS46NySAxV5p5UCHaA_O1QQye0OegQIBBAF\"><\/button><\/span><\/span><\/li>\n<\/ul>\n<div class=\"Fsg96\" data-sfc-cp=\"\" data-complete=\"true\" data-processed=\"true\"><\/div>\n<div class=\"otQkpb\" role=\"heading\" aria-level=\"3\" data-animation-nesting=\"\" data-sfc-cp=\"\" data-complete=\"true\" data-processed=\"true\" data-sae=\"\">Puntos a Considerar<button class=\"rBl3me\" tabindex=\"0\" data-amic=\"true\" data-icl-uuid=\"ccd1c41a-b0ff-4e79-b9be-b4660c012951\" aria-label=\"Ver v\u00ednculos relacionados\" data-wiz-attrbind=\"disabled=rDZ0Ib_1h\/C5gNJc;aria-label=rDZ0Ib_1h\/bOjMyf;class=rDZ0Ib_1h\/UpSNec\" data-ved=\"2ahUKEwiJzfS46NySAxV5p5UCHaA_O1QQye0OegQIBRAA\"><\/button><\/div>\n<ul class=\"KsbFXc U6u95\" data-complete=\"true\" data-processed=\"true\">\n<li data-hveid=\"CAYQAA\" data-complete=\"true\" data-sae=\"\"><span class=\"T286Pc\" data-sfc-cp=\"\" data-complete=\"true\"><strong class=\"Yjhzub\" data-complete=\"true\">Marca<\/strong>: Cytac es una marca reconocida por la fabricaci\u00f3n de accesorios y fundas de alta calidad, aunque es m\u00e1s famosa por sus productos de pol\u00edmero.<\/span><\/li>\n<li data-hveid=\"CAYQAQ\" data-complete=\"true\" data-sae=\"\"><span class=\"T286Pc\" data-sfc-cp=\"\" data-complete=\"true\"><strong class=\"Yjhzub\" data-complete=\"true\">Funcionamiento<\/strong>: El sistema de transporte divide el speedloader sobre el cintur\u00f3n, lo que reduce el volumen y mejora la ocultaci\u00f3n, sin riesgo de que se caiga.<\/span><\/li>\n<li data-hveid=\"CAYQAg\" data-complete=\"true\" data-sae=\"\"><span class=\"T286Pc\" data-sfc-cp=\"\" data-complete=\"true\"><strong class=\"Yjhzub\" data-complete=\"true\">Uso<\/strong>: Es ideal tanto para el porte diario como para competencias de tiro, ofreciendo un balance entre accesibilidad y retenci\u00f3n.<\/span><span class=\"uJ19be notranslate\" data-wiz-uids=\"rDZ0Ib_1v,rDZ0Ib_1w\" data-complete=\"true\"><span class=\"vKEkVd\" data-animation-atomic=\"\" data-wiz-attrbind=\"class=rDZ0Ib_1u\/TKHnVd\" data-sae=\"\"><span aria-hidden=\"true\" aria-owns=\"action-menu-parent-container\">\u00a0<\/span><\/span><\/span><\/li>\n<\/ul>","protected":false},"excerpt":{"rendered":"<p>l\u00a0porta speedloader para rev\u00f3lver Cytac de lona negra\u00a0es una\u00a0funda de nailon duradero\u00a0dise\u00f1ada para un transporte seguro y un acceso r\u00e1pido,<\/p>","protected":false},"featured_media":33262,"comment_status":"open","ping_status":"closed","template":"","meta":[],"product_brand":[],"product_cat":[43],"product_tag":[],"class_list":{"0":"post-33261","1":"product","2":"type-product","3":"status-publish","4":"has-post-thumbnail","6":"product_cat-accesorios","8":"first","9":"instock","10":"shipping-taxable","11":"purchasable","12":"product-type-simple"},"_links":{"self":[{"href":"https:\/\/urbantacs.cl\/en\/wp-json\/wp\/v2\/product\/33261","targetHints":{"allow":["GET"]}}],"collection":[{"href":"https:\/\/urbantacs.cl\/en\/wp-json\/wp\/v2\/product"}],"about":[{"href":"https:\/\/urbantacs.cl\/en\/wp-json\/wp\/v2\/types\/product"}],"replies":[{"embeddable":true,"href":"https:\/\/urbantacs.cl\/en\/wp-json\/wp\/v2\/comments?post=33261"}],"wp:featuredmedia":[{"embeddable":true,"href":"https:\/\/urbantacs.cl\/en\/wp-json\/wp\/v2\/media\/33262"}],"wp:attachment":[{"href":"https:\/\/urbantacs.cl\/en\/wp-json\/wp\/v2\/media?parent=33261"}],"wp:term":[{"taxonomy":"product_brand","embeddable":true,"href":"https:\/\/urbantacs.cl\/en\/wp-json\/wp\/v2\/product_brand?post=33261"},{"taxonomy":"product_cat","embeddable":true,"href":"https:\/\/urbantacs.cl\/en\/wp-json\/wp\/v2\/product_cat?post=33261"},{"taxonomy":"product_tag","embeddable":true,"href":"https:\/\/urbantacs.cl\/en\/wp-json\/wp\/v2\/product_tag?post=33261"}],"curies":[{"name":"wp","href":"https:\/\/api.w.org\/{rel}","templated":true}]}}