{"id":33282,"date":"2026-02-15T22:38:10","date_gmt":"2026-02-16T01:38:10","guid":{"rendered":"https:\/\/urbantacs.cl\/?post_type=product&#038;p=33282"},"modified":"2026-02-18T11:46:32","modified_gmt":"2026-02-18T14:46:32","slug":"correa-porta-fusil-escopeta-amomax-de-dos-puntas","status":"publish","type":"product","link":"https:\/\/urbantacs.cl\/en\/product\/correa-porta-fusil-escopeta-amomax-de-dos-puntas\/","title":{"rendered":"Correa porta fusil \/ escopeta Amomax de dos puntas"},"content":{"rendered":"","protected":false},"excerpt":{"rendered":"<div class=\"Y3BBE\" data-sfc-cp=\"\" data-hveid=\"CAIQAA\" data-complete=\"true\" data-processed=\"true\">La\u00a0<strong class=\"Yjhzub\" data-complete=\"true\">correa negra porta arma larga de 2 puntos Amomax<\/strong>\u00a0(modelos como el AM-DS02BK o AM-DS04BK) es un accesorio t\u00e1ctico fabricado en\u00a0<strong class=\"Yjhzub\" data-complete=\"true\">nylon de alta densidad<\/strong>, dise\u00f1ado para distribuir el peso del arma y permitir un ajuste r\u00e1pido de longitud.<span class=\"uJ19be notranslate\" data-wiz-uids=\"Itelge_f,Itelge_g\" data-complete=\"true\"><span class=\"vKEkVd\" data-animation-atomic=\"\" data-wiz-attrbind=\"class=Itelge_e\/TKHnVd\" data-sae=\"\"><span aria-hidden=\"true\">\u00a0<\/span><button class=\"rBl3me\" tabindex=\"0\" data-amic=\"true\" data-icl-uuid=\"2431491d-0cdc-45d4-bad0-97063ef4ce8c\" aria-label=\"Ver v\u00ednculos relacionados\" data-wiz-attrbind=\"disabled=Itelge_e\/C5gNJc;aria-label=Itelge_e\/bOjMyf;class=Itelge_e\/UpSNec\" data-ved=\"2ahUKEwjs66mr79ySAxWtBbkGHY06CWMQye0OegQIAhAB\"><\/button><\/span><\/span><\/div>\n<div class=\"Fsg96\" data-sfc-cp=\"\" data-complete=\"true\" data-processed=\"true\"><\/div>\n<div class=\"otQkpb\" role=\"heading\" aria-level=\"3\" data-animation-nesting=\"\" data-sfc-cp=\"\" data-complete=\"true\" data-processed=\"true\" data-sae=\"\">Caracter\u00edsticas Principales<button class=\"rBl3me\" tabindex=\"0\" data-amic=\"true\" data-icl-uuid=\"45c1a230-9468-408b-80b3-bcca0f7327a5\" aria-label=\"Ver v\u00ednculos relacionados\" data-wiz-attrbind=\"disabled=Itelge_l\/C5gNJc;aria-label=Itelge_l\/bOjMyf;class=Itelge_l\/UpSNec\" data-ved=\"2ahUKEwjs66mr79ySAxWtBbkGHY06CWMQye0OegQIAxAA\"><\/button><\/div>\n<ul class=\"KsbFXc U6u95\" data-complete=\"true\" data-processed=\"true\">\n<li data-hveid=\"CAQQAA\" data-complete=\"true\" data-sae=\"\"><span class=\"T286Pc\" data-sfc-cp=\"\" data-complete=\"true\"><strong class=\"Yjhzub\" data-complete=\"true\">Material<\/strong>: Est\u00e1 construida con nylon de alta calidad, que es ligero, resistente al desgaste y duradero.<\/span><\/li>\n<li data-hveid=\"CAQQAQ\" data-complete=\"true\" data-sae=\"\"><span class=\"T286Pc\" data-sfc-cp=\"\" data-complete=\"true\"><strong class=\"Yjhzub\" data-complete=\"true\">Dise\u00f1o de Dos Puntos<\/strong>: Se fija al arma en dos puntos distintos, lo que proporciona\u00a0<strong class=\"Yjhzub\" data-complete=\"true\">estabilidad y un transporte c\u00f3modo<\/strong>, dejando las manos libres para otras tareas.<\/span><\/li>\n<li data-hveid=\"CAQQAg\" data-complete=\"true\" data-sae=\"\"><span class=\"T286Pc\" data-sfc-cp=\"\" data-complete=\"true\"><strong class=\"Yjhzub\" data-complete=\"true\">Ajuste R\u00e1pido<\/strong>: Incorpora un sistema de ajuste r\u00e1pido (mediante un lazo o hebilla) que permite al usuario alargar o acortar la correa instant\u00e1neamente para adaptarse a diferentes situaciones t\u00e1cticas o de transporte.<\/span><\/li>\n<li data-hveid=\"CAQQAw\" data-complete=\"true\" data-sae=\"\"><span class=\"T286Pc\" data-sfc-cp=\"\" data-complete=\"true\"><strong class=\"Yjhzub\" data-complete=\"true\">Comodidad<\/strong>: Algunos modelos, como el AM-DS04, incluyen una almohadilla de hombro acolchada de espuma EVA para mayor comodidad durante un uso prolongado, distribuyendo la presi\u00f3n de manera uniforme.<\/span><\/li>\n<li data-hveid=\"CAQQBA\" data-complete=\"true\" data-sae=\"\"><span class=\"T286Pc\" data-sfc-cp=\"\" data-complete=\"true\"><strong class=\"Yjhzub\" data-complete=\"true\">Compatibilidad<\/strong>: Utiliza ganchos estilo HK o ganchos redondos (dependiendo del modelo espec\u00edfico, como AM-DS02 o AM-DS04) para una fijaci\u00f3n segura y vers\u00e1til a la mayor\u00eda de las armas largas compatibles con sistemas de dos puntos.<\/span><\/li>\n<li data-hveid=\"CAQQBQ\" data-complete=\"true\" data-sae=\"\"><span class=\"T286Pc\" data-sfc-cp=\"\" data-complete=\"true\" aria-owns=\"action-menu-parent-container\"><strong class=\"Yjhzub\" data-complete=\"true\">Versatilidad<\/strong>: Puede ser compatible tanto con armas de fuego reales como con r\u00e9plicas de airsoft, siendo una opci\u00f3n popular en el mercado de equipamiento t\u00e1ctico<\/span><\/li>\n<\/ul>","protected":false},"featured_media":33284,"comment_status":"open","ping_status":"closed","template":"","meta":[],"product_brand":[],"product_cat":[43],"product_tag":[],"class_list":{"0":"post-33282","1":"product","2":"type-product","3":"status-publish","4":"has-post-thumbnail","6":"product_cat-accesorios","8":"first","9":"outofstock","10":"shipping-taxable","11":"purchasable","12":"product-type-simple"},"_links":{"self":[{"href":"https:\/\/urbantacs.cl\/en\/wp-json\/wp\/v2\/product\/33282","targetHints":{"allow":["GET"]}}],"collection":[{"href":"https:\/\/urbantacs.cl\/en\/wp-json\/wp\/v2\/product"}],"about":[{"href":"https:\/\/urbantacs.cl\/en\/wp-json\/wp\/v2\/types\/product"}],"replies":[{"embeddable":true,"href":"https:\/\/urbantacs.cl\/en\/wp-json\/wp\/v2\/comments?post=33282"}],"wp:featuredmedia":[{"embeddable":true,"href":"https:\/\/urbantacs.cl\/en\/wp-json\/wp\/v2\/media\/33284"}],"wp:attachment":[{"href":"https:\/\/urbantacs.cl\/en\/wp-json\/wp\/v2\/media?parent=33282"}],"wp:term":[{"taxonomy":"product_brand","embeddable":true,"href":"https:\/\/urbantacs.cl\/en\/wp-json\/wp\/v2\/product_brand?post=33282"},{"taxonomy":"product_cat","embeddable":true,"href":"https:\/\/urbantacs.cl\/en\/wp-json\/wp\/v2\/product_cat?post=33282"},{"taxonomy":"product_tag","embeddable":true,"href":"https:\/\/urbantacs.cl\/en\/wp-json\/wp\/v2\/product_tag?post=33282"}],"curies":[{"name":"wp","href":"https:\/\/api.w.org\/{rel}","templated":true}]}}