{"id":33285,"date":"2026-02-15T22:43:35","date_gmt":"2026-02-16T01:43:35","guid":{"rendered":"https:\/\/urbantacs.cl\/?post_type=product&#038;p=33285"},"modified":"2026-02-18T09:49:57","modified_gmt":"2026-02-18T12:49:57","slug":"cola-de-chancho-para-pistola-revolver","status":"publish","type":"product","link":"https:\/\/urbantacs.cl\/en\/product\/cola-de-chancho-para-pistola-revolver\/","title":{"rendered":"Cola De Chancho Para Pistola \/ Revolver"},"content":{"rendered":"<p>Sistema t\u00e1ctico de misi\u00f3n de un solo punto.<br \/>\nHecho por material de nylon de alta densidad.<br \/>\nLa longitud del estiramiento hace que se ajuste a todas las personas.<br \/>\nAdecuado para la mayor\u00eda de las armas secundarias<br \/>\nMaterial: nylon durable, pl\u00e1stico y gancho mental<\/p>","protected":false},"excerpt":{"rendered":"<p><strong>La \u00abcola de chancho\u00bb verde (o coyote\/negra) es una\u00a0correa t\u00e1ctica de un solo punto, a menudo referida como tipo \u00abkevlar\u00bb o nylon de alta resistencia, dise\u00f1ada para asegurar pistolas u otras armas cortas al chaleco o cintur\u00f3n. Proporciona acceso r\u00e1pido y sujeci\u00f3n firme mediante un cable helicoidal el\u00e1stico, esencial para misiones, entrenamiento o airsoft.\u00a0<\/strong><\/p>","protected":false},"featured_media":33286,"comment_status":"open","ping_status":"closed","template":"","meta":[],"product_brand":[],"product_cat":[43],"product_tag":[],"class_list":{"0":"post-33285","1":"product","2":"type-product","3":"status-publish","4":"has-post-thumbnail","6":"product_cat-accesorios","8":"first","9":"instock","10":"shipping-taxable","11":"purchasable","12":"product-type-simple"},"_links":{"self":[{"href":"https:\/\/urbantacs.cl\/en\/wp-json\/wp\/v2\/product\/33285","targetHints":{"allow":["GET"]}}],"collection":[{"href":"https:\/\/urbantacs.cl\/en\/wp-json\/wp\/v2\/product"}],"about":[{"href":"https:\/\/urbantacs.cl\/en\/wp-json\/wp\/v2\/types\/product"}],"replies":[{"embeddable":true,"href":"https:\/\/urbantacs.cl\/en\/wp-json\/wp\/v2\/comments?post=33285"}],"wp:featuredmedia":[{"embeddable":true,"href":"https:\/\/urbantacs.cl\/en\/wp-json\/wp\/v2\/media\/33286"}],"wp:attachment":[{"href":"https:\/\/urbantacs.cl\/en\/wp-json\/wp\/v2\/media?parent=33285"}],"wp:term":[{"taxonomy":"product_brand","embeddable":true,"href":"https:\/\/urbantacs.cl\/en\/wp-json\/wp\/v2\/product_brand?post=33285"},{"taxonomy":"product_cat","embeddable":true,"href":"https:\/\/urbantacs.cl\/en\/wp-json\/wp\/v2\/product_cat?post=33285"},{"taxonomy":"product_tag","embeddable":true,"href":"https:\/\/urbantacs.cl\/en\/wp-json\/wp\/v2\/product_tag?post=33285"}],"curies":[{"name":"wp","href":"https:\/\/api.w.org\/{rel}","templated":true}]}}