{"id":33289,"date":"2026-02-15T22:48:01","date_gmt":"2026-02-16T01:48:01","guid":{"rendered":"https:\/\/urbantacs.cl\/?post_type=product&#038;p=33289"},"modified":"2026-02-23T09:41:46","modified_gmt":"2026-02-23T12:41:46","slug":"platillo-laporte-standard-naranja-150-un","status":"publish","type":"product","link":"https:\/\/urbantacs.cl\/en\/product\/platillo-laporte-standard-naranja-150-un\/","title":{"rendered":"CAJA  PLATILLOS LAPORTE STANDARD NARANJA | 150 UN"},"content":{"rendered":"<p>Caja de platillos<\/p>","protected":false},"excerpt":{"rendered":"<p>Las cajas de platillos para tiro al vuelo (Skeet)\u00a0contienen discos de arcilla, generalmente de 11 cm de di\u00e1metro y color naranja de alta visibilidad para facilitar su avistamiento. Son fabricados con bordes escalonados y ranuras para evitar el efecto ventosa y garantizar estabilidad, vendidos com\u00fanmente en cajas de 150 unidades.<\/p>\n<ul>\n<li><strong>Platillos (Objetivos):<\/strong>Se utilizan platillos est\u00e1ndar, frecuentemente marca\u00a0<a href=\"https:\/\/elrifle.cl\/producto\/platillo-laporte-standard-naranja-150-un\/\">Laporte<\/a>\u00a0o similares, dise\u00f1ados para romperse al impacto, vendidos en cajas de 150 unidades.<\/li>\n<li><strong>Lanzadores (M\u00e1quinas):<\/strong>Para lanzar los platillos se requieren m\u00e1quinas manuales como la\u00a0<a href=\"https:\/\/reinares.cl\/260\/lanza-platillos\">DoAll Competitor<\/a>\u00a0o autom\u00e1ticas\/port\u00e1tiles tipo\u00a0<a href=\"https:\/\/www.armarket.cl\/producto\/maquina-lanza-platillos-allen-claymaster\/\">Allen Claymaster<\/a>.<\/li>\n<li><strong>Caracter\u00edsticas del campo (Skeet):<\/strong>El tiro al vuelo (Skeet) se practica en un campo semicircular con 8 puestos de tiro y dos casetas (alta y baja).<\/li>\n<li><strong>Componentes:<\/strong>Los platos imitan trayectorias de caza y son de arcilla no t\u00f3xica.<\/li>\n<\/ul>\n<p>Para iniciar, se utilizan lanzadores manuales o m\u00e1quinas autom\u00e1ticas, junto con platillos de arcilla est\u00e1ndar naranja.<\/p>\n<p>&nbsp;<\/p>","protected":false},"featured_media":33290,"comment_status":"open","ping_status":"closed","template":"","meta":[],"product_brand":[],"product_cat":[36,43],"product_tag":[],"class_list":{"0":"post-33289","1":"product","2":"type-product","3":"status-publish","4":"has-post-thumbnail","6":"product_cat-caza","7":"product_cat-accesorios","9":"first","10":"instock","11":"shipping-taxable","12":"purchasable","13":"product-type-simple"},"_links":{"self":[{"href":"https:\/\/urbantacs.cl\/en\/wp-json\/wp\/v2\/product\/33289","targetHints":{"allow":["GET"]}}],"collection":[{"href":"https:\/\/urbantacs.cl\/en\/wp-json\/wp\/v2\/product"}],"about":[{"href":"https:\/\/urbantacs.cl\/en\/wp-json\/wp\/v2\/types\/product"}],"replies":[{"embeddable":true,"href":"https:\/\/urbantacs.cl\/en\/wp-json\/wp\/v2\/comments?post=33289"}],"wp:featuredmedia":[{"embeddable":true,"href":"https:\/\/urbantacs.cl\/en\/wp-json\/wp\/v2\/media\/33290"}],"wp:attachment":[{"href":"https:\/\/urbantacs.cl\/en\/wp-json\/wp\/v2\/media?parent=33289"}],"wp:term":[{"taxonomy":"product_brand","embeddable":true,"href":"https:\/\/urbantacs.cl\/en\/wp-json\/wp\/v2\/product_brand?post=33289"},{"taxonomy":"product_cat","embeddable":true,"href":"https:\/\/urbantacs.cl\/en\/wp-json\/wp\/v2\/product_cat?post=33289"},{"taxonomy":"product_tag","embeddable":true,"href":"https:\/\/urbantacs.cl\/en\/wp-json\/wp\/v2\/product_tag?post=33289"}],"curies":[{"name":"wp","href":"https:\/\/api.w.org\/{rel}","templated":true}]}}