{"id":33295,"date":"2026-02-15T23:18:43","date_gmt":"2026-02-16T02:18:43","guid":{"rendered":"https:\/\/urbantacs.cl\/?post_type=product&#038;p=33295"},"modified":"2026-04-07T10:36:00","modified_gmt":"2026-04-07T14:36:00","slug":"alfombrilla-limpia-pistola-diferentes-marcas","status":"publish","type":"product","link":"https:\/\/urbantacs.cl\/en\/product\/alfombrilla-limpia-pistola-diferentes-marcas\/","title":{"rendered":"Alfombrilla limpia Pistola Diferentes Marcas"},"content":{"rendered":"","protected":false},"excerpt":{"rendered":"<p>Las alfombrillas para limpieza de pistolas\u00a0son superficies duraderas dise\u00f1adas para\u00a0proteger tanto tu arma de fuego de ara\u00f1azos como tu \u00e1rea de trabajo de derrames de productos qu\u00edmicos y aceite. Est\u00e1n fabricadas con materiales absorbentes y antideslizantes para mantener todo organizado.<\/p>\n<p>&nbsp;<\/p>\n<p>Materiales y Caracter\u00edsticas<\/p>\n<p>Las alfombrillas de limpieza suelen estar hechas de materiales de alta calidad para garantizar durabilidad y funcionalidad.<\/p>\n<ul>\n<li>Goma o Silicona: Estos materiales son comunes por ser\u00a0antideslizantes e impermeables, lo que ayuda a contener los l\u00edquidos de limpieza y evita que la alfombrilla se mueva durante el trabajo.<\/li>\n<\/ul>\n<p>&nbsp;<\/p>","protected":false},"featured_media":33297,"comment_status":"open","ping_status":"closed","template":"","meta":[],"product_brand":[],"product_cat":[43],"product_tag":[],"class_list":{"0":"post-33295","1":"product","2":"type-product","3":"status-publish","4":"has-post-thumbnail","6":"product_cat-accesorios","8":"first","9":"instock","10":"shipping-taxable","11":"purchasable","12":"product-type-simple"},"_links":{"self":[{"href":"https:\/\/urbantacs.cl\/en\/wp-json\/wp\/v2\/product\/33295","targetHints":{"allow":["GET"]}}],"collection":[{"href":"https:\/\/urbantacs.cl\/en\/wp-json\/wp\/v2\/product"}],"about":[{"href":"https:\/\/urbantacs.cl\/en\/wp-json\/wp\/v2\/types\/product"}],"replies":[{"embeddable":true,"href":"https:\/\/urbantacs.cl\/en\/wp-json\/wp\/v2\/comments?post=33295"}],"wp:featuredmedia":[{"embeddable":true,"href":"https:\/\/urbantacs.cl\/en\/wp-json\/wp\/v2\/media\/33297"}],"wp:attachment":[{"href":"https:\/\/urbantacs.cl\/en\/wp-json\/wp\/v2\/media?parent=33295"}],"wp:term":[{"taxonomy":"product_brand","embeddable":true,"href":"https:\/\/urbantacs.cl\/en\/wp-json\/wp\/v2\/product_brand?post=33295"},{"taxonomy":"product_cat","embeddable":true,"href":"https:\/\/urbantacs.cl\/en\/wp-json\/wp\/v2\/product_cat?post=33295"},{"taxonomy":"product_tag","embeddable":true,"href":"https:\/\/urbantacs.cl\/en\/wp-json\/wp\/v2\/product_tag?post=33295"}],"curies":[{"name":"wp","href":"https:\/\/api.w.org\/{rel}","templated":true}]}}