{"id":33305,"date":"2026-02-16T11:11:45","date_gmt":"2026-02-16T14:11:45","guid":{"rendered":"https:\/\/urbantacs.cl\/?post_type=product&#038;p=33305"},"modified":"2026-02-23T09:41:05","modified_gmt":"2026-02-23T12:41:05","slug":"shot-timer-modelo-m1a2","status":"publish","type":"product","link":"https:\/\/urbantacs.cl\/en\/product\/shot-timer-modelo-m1a2\/","title":{"rendered":"SHOT  TIMER   MODELO M1A2+"},"content":{"rendered":"<p>Temporizador de disparo M1A2 ideal para\u00a0 IPSC, cron\u00f3metro Digital port\u00e1til, cron\u00f3grafo, temporizador de entrenamiento deportivo,<\/p>","protected":false},"excerpt":{"rendered":"<p><strong><span class=\"gs_tkn\">El\u00a0<\/span><span class=\"gs_tkn\">Cron\u00f3metro de Tiro M1A2+\u00a0<\/span><span class=\"gs_tkn\">es\u00a0<\/span><span class=\"gs_tkn\">un\u00a0<\/span><span class=\"gs_tkn\" data-bm=\"33\">dispositivo\u00a0<\/span>de\u00a0<span class=\"gs_tkn\" data-bm=\"34\">cronometraje\u00a0<\/span>profesional\u00a0<span class=\"gs_tkn\">habilitado por Bluetooth\u00a0<\/span><span class=\"gs_tkn\">para\u00a0<\/span><span class=\"gs_tkn\">tiro\u00a0<\/span><span class=\"gs_tkn\">a deportes,\u00a0<\/span><span class=\"gs_tkn\">entrenamientos\u00a0<\/span><span class=\"gs_tkn\">y\u00a0<\/span><span class=\"gs_tkn\">competiciones,\u00a0<\/span><span class=\"gs_tkn\">dise\u00f1ado\u00a0<\/span><span class=\"gs_tkn\">para\u00a0<\/span><span class=\"gs_tkn\">mejorar\u00a0<\/span><span class=\"gs_tkn\">la precisi\u00f3n\u00a0<\/span><span class=\"gs_tkn\">y\u00a0<\/span><span class=\"gs_tkn\" data-bm=\"35\">las habilidades\u00a0<\/span>de\u00a0<span class=\"gs_tkn\" data-bm=\"36\">cronometraje de forma segura\u00a0<\/span><span class=\"gs_tkn\">Y\u00a0<\/span><span class=\"gs_tkn\">de forma eficiente.<\/span><\/strong><\/p>","protected":false},"featured_media":33306,"comment_status":"open","ping_status":"closed","template":"","meta":[],"product_brand":[],"product_cat":[43],"product_tag":[],"class_list":{"0":"post-33305","1":"product","2":"type-product","3":"status-publish","4":"has-post-thumbnail","6":"product_cat-accesorios","8":"first","9":"instock","10":"shipping-taxable","11":"purchasable","12":"product-type-simple"},"_links":{"self":[{"href":"https:\/\/urbantacs.cl\/en\/wp-json\/wp\/v2\/product\/33305","targetHints":{"allow":["GET"]}}],"collection":[{"href":"https:\/\/urbantacs.cl\/en\/wp-json\/wp\/v2\/product"}],"about":[{"href":"https:\/\/urbantacs.cl\/en\/wp-json\/wp\/v2\/types\/product"}],"replies":[{"embeddable":true,"href":"https:\/\/urbantacs.cl\/en\/wp-json\/wp\/v2\/comments?post=33305"}],"wp:featuredmedia":[{"embeddable":true,"href":"https:\/\/urbantacs.cl\/en\/wp-json\/wp\/v2\/media\/33306"}],"wp:attachment":[{"href":"https:\/\/urbantacs.cl\/en\/wp-json\/wp\/v2\/media?parent=33305"}],"wp:term":[{"taxonomy":"product_brand","embeddable":true,"href":"https:\/\/urbantacs.cl\/en\/wp-json\/wp\/v2\/product_brand?post=33305"},{"taxonomy":"product_cat","embeddable":true,"href":"https:\/\/urbantacs.cl\/en\/wp-json\/wp\/v2\/product_cat?post=33305"},{"taxonomy":"product_tag","embeddable":true,"href":"https:\/\/urbantacs.cl\/en\/wp-json\/wp\/v2\/product_tag?post=33305"}],"curies":[{"name":"wp","href":"https:\/\/api.w.org\/{rel}","templated":true}]}}