{"id":33316,"date":"2026-02-16T11:47:41","date_gmt":"2026-02-16T14:47:41","guid":{"rendered":"https:\/\/urbantacs.cl\/?post_type=product&#038;p=33316"},"modified":"2026-02-24T16:20:52","modified_gmt":"2026-02-24T19:20:52","slug":"kit-de-objetivo-de-cartucho-de-entrenamiento-9mm-laser","status":"publish","type":"product","link":"https:\/\/urbantacs.cl\/en\/product\/kit-de-objetivo-de-cartucho-de-entrenamiento-9mm-laser\/","title":{"rendered":"kit de objetivo de cartucho de entrenamiento 9mm laser"},"content":{"rendered":"<p>Kit de objetivo de bala l\u00e1ser de 9mm, juego de entrenamiento de cartucho l\u00e1ser de 9x19mm, sistema de fuego seco, entrenador de tiro de objetivo l\u00e1ser para pr\u00e1ctica<\/p>","protected":false},"excerpt":{"rendered":"<div class=\"title--wrap--NWOaiSp description--title--NMh4UiD\"><\/div>\n<div class=\"extend--wrap--yXwoDbO\">\n<div class=\"extend--content--VuIQZia\">\n<div>\n<div id=\"product-description\" class=\"description--product-description--Mjtql28\" data-spm=\"1000023\" data-pl=\"product-description\">\n<div data-spm-anchor-id=\"a2g0o.detail.1000023.i0.6f800Yc90Yc9wo\">\n<div id=\"product-description\" class=\"product-description\">\n<div class=\"detailmodule_html\">\n<div class=\"detail-desc-decorate-richtext\">\n<div class=\"detailmodule_text\">\n<p id=\"tl_1\" class=\"detail-desc-decorate-title\">Objetivo l\u00e1ser electr\u00f3nico de fuego seco, puntuaci\u00f3n por inducci\u00f3n infrarroja, objetivo l\u00e1ser, sistema de entrenamiento de incendio seco con respuesta de Flash de sonido<\/p>\n<\/div>\n<div class=\"detailmodule_text\">\n<p id=\"tl_2\" class=\"detail-desc-decorate-title\">&#8212;Caracter\u00edsticas&#8212;<\/p>\n<p id=\"tl_3\" class=\"detail-desc-decorate-content\">\u3010Objetivo de entrenamiento l\u00e1ser\u3011<br \/>\nEl objetivo funciona con la mayor\u00eda de los cartuchos de capacitaci\u00f3n del mercado.El objetivo de entrenamiento le brinda una respuesta de sonido y flash cuando su puntero lo golpea.Perfecto para practicar tus habilidades de punter\u00eda en interiores sin municiones en vivo.Puedes girar el bot\u00f3n de volumen al m\u00ednimo y no habr\u00e1 sonido cuando no quieras molestar a los dem\u00e1s.<\/p>\n<p>\u3010Dif dificultad de 5 grados\u3011<br \/>\nEste objetivo electr\u00f3nico ofrece 5 opciones de grado dif\u00edcil.(Ojo del toro: 55 mm\/40 mm\/7,7 mm\/16,8 mm\/8,5 mm).Simplemente elija la cubierta de pel\u00edcula adecuada para establecer el grado adecuado seg\u00fan sus necesidades, practique altamente sus habilidades de precisi\u00f3n.<\/p>\n<p>\u3010Ajuste de la luminosidad\u3011<br \/>\nLos objetivos electr\u00f3nicos para el entrenamiento de fuego seco tienen un dial de ajuste de luz, puede ajustarlos para que el objetivo funcione en diferentes entornos de luz sin importar si se encuentra en un ambiente tan claro o oscuro.Reduzca el impacto de la luz, mejore la experiencia de uso.<\/p>\n<p>\u3010Recargable\u3011<br \/>\nBater\u00eda recargable incorporada.No es necesario comprar ninguna bater\u00eda cuando la energ\u00eda es baja.Cuenta con un puerto de carga universal tipo C e un indicador de carga, el indicador se vuelve verde cuando est\u00e1 completamente cargado.<\/p>\n<p>\u3010M\u00faltiples formas de instalaci\u00f3n\u3011<br \/>\nNuestro sistema de entrenamiento de incendios secos ofrece m\u00faltiples opciones de instalaci\u00f3n.Le permite colocar un objetivo de entrenador en cualquier escritorio plano, colgarlo en una pared con un orificio en la parte posterior y en una superficie de acero con imanes en la parte posterior.<\/p>\n<\/div>\n<div class=\"detailmodule_text\">\n<p id=\"tl_4\" class=\"detail-desc-decorate-title\">&#8212;Especificaciones&#8212;<\/p>\n<p id=\"tl_5\">Objetivo de entrenamiento:<\/p>\n<\/div>\n<div class=\"detailmodule_text\">\n<p id=\"tl_6\" class=\"detail-desc-decorate-content\">Tipo de art\u00edculo: Objetivo l\u00e1ser de fuego seco<br \/>\nMaterial: ABS + PC + im\u00e1n<br \/>\nTama\u00f1o: 9,6*9,6*2,5 cm\/3,77*3,77*0,98 pulgadas<br \/>\nPeso: alrededor de 220 g<\/p>\n<\/div>\n<div class=\"detailmodule_text\">\n<p id=\"tl_7\">Bala de entrenamiento l\u00e1ser de 9&#215;19 mm:<\/p>\n<\/div>\n<div class=\"detailmodule_text\">\n<p id=\"tl_8\" class=\"detail-desc-decorate-content\">Tipo de l\u00e1ser: L\u00e1ser rojo visible<br \/>\n\u00c1ngulo fuera del eje: 0,1 mrad<br \/>\nConsumo de energ\u00eda: 4,5 VCC<br \/>\nVida \u00fatil: &gt;8000 horas<br \/>\nLongitud de onda del l\u00e1ser: 650 nm<br \/>\nAlcance de visi\u00f3n: 5-100 yardas<br \/>\nTama\u00f1o del punto: 1 pulgada a 25 yardas<br \/>\nConstrucci\u00f3n: Lat\u00f3n, chapado en oro.<br \/>\nPeso: alrededor de 20 g<\/p>\n<\/div>\n<\/div>\n<\/div>\n<\/div>\n<\/div>\n<\/div>\n<\/div>\n<\/div>\n<\/div>","protected":false},"featured_media":33317,"comment_status":"open","ping_status":"closed","template":"","meta":[],"product_brand":[],"product_cat":[64,43],"product_tag":[],"class_list":{"0":"post-33316","1":"product","2":"type-product","3":"status-publish","4":"has-post-thumbnail","6":"product_cat-cal-9-mm","7":"product_cat-accesorios","9":"first","10":"outofstock","11":"shipping-taxable","12":"purchasable","13":"product-type-simple"},"_links":{"self":[{"href":"https:\/\/urbantacs.cl\/en\/wp-json\/wp\/v2\/product\/33316","targetHints":{"allow":["GET"]}}],"collection":[{"href":"https:\/\/urbantacs.cl\/en\/wp-json\/wp\/v2\/product"}],"about":[{"href":"https:\/\/urbantacs.cl\/en\/wp-json\/wp\/v2\/types\/product"}],"replies":[{"embeddable":true,"href":"https:\/\/urbantacs.cl\/en\/wp-json\/wp\/v2\/comments?post=33316"}],"wp:featuredmedia":[{"embeddable":true,"href":"https:\/\/urbantacs.cl\/en\/wp-json\/wp\/v2\/media\/33317"}],"wp:attachment":[{"href":"https:\/\/urbantacs.cl\/en\/wp-json\/wp\/v2\/media?parent=33316"}],"wp:term":[{"taxonomy":"product_brand","embeddable":true,"href":"https:\/\/urbantacs.cl\/en\/wp-json\/wp\/v2\/product_brand?post=33316"},{"taxonomy":"product_cat","embeddable":true,"href":"https:\/\/urbantacs.cl\/en\/wp-json\/wp\/v2\/product_cat?post=33316"},{"taxonomy":"product_tag","embeddable":true,"href":"https:\/\/urbantacs.cl\/en\/wp-json\/wp\/v2\/product_tag?post=33316"}],"curies":[{"name":"wp","href":"https:\/\/api.w.org\/{rel}","templated":true}]}}