{"id":33325,"date":"2026-02-16T14:42:52","date_gmt":"2026-02-16T17:42:52","guid":{"rendered":"https:\/\/urbantacs.cl\/?post_type=product&#038;p=33325"},"modified":"2026-02-26T10:42:35","modified_gmt":"2026-02-26T13:42:35","slug":"rhino-rescue-ifak-kit-de-supervivencia-para-detener-el-sangrado-basico","status":"publish","type":"product","link":"https:\/\/urbantacs.cl\/en\/product\/rhino-rescue-ifak-kit-de-supervivencia-para-detener-el-sangrado-basico\/","title":{"rendered":"Rhino Rescue IFAK Kit  de supervivencia para detener el sangrado B\u00e1sico"},"content":{"rendered":"","protected":false},"excerpt":{"rendered":"<p>Los kits de Primeros Auxilios Rhino Rescue son la asistencia inicial cr\u00edtica que se presta a quienes sufren lesiones o enfermedades. Su objetivo es preservar la vida, evitar que la afecci\u00f3n empeore o favorecer la recuperaci\u00f3n. En situaciones de emergencia, cada segunda cuenta. Una persona media puede desangrarse en menos de 5 minutos, mientras que los primeros intervinientes pueden tardar hasta 7 minutos en llegar. Nuestros kits de control de hemorragias de emergencia est\u00e1n dise\u00f1ados para detener y controlar las hemorragias hasta que llegue la ayuda. Con su tama\u00f1o compacto de 30 cm x 20 cm y un peso de s\u00f3lo 350 g, el paquete m\u00e9dico RHINO est\u00e1 dise\u00f1ado para llevarlo siempre consigo, listo para proporcionar primeros auxilios cruciales en cualquier situaci\u00f3n de emergencia.<\/p>\n<p>Existencia 01 Unidad<\/p>","protected":false},"featured_media":33329,"comment_status":"open","ping_status":"closed","template":"","meta":[],"product_brand":[],"product_cat":[85,43],"product_tag":[],"class_list":{"0":"post-33325","1":"product","2":"type-product","3":"status-publish","4":"has-post-thumbnail","6":"product_cat-seguridad","7":"product_cat-accesorios","9":"first","10":"outofstock","11":"shipping-taxable","12":"product-type-simple"},"_links":{"self":[{"href":"https:\/\/urbantacs.cl\/en\/wp-json\/wp\/v2\/product\/33325","targetHints":{"allow":["GET"]}}],"collection":[{"href":"https:\/\/urbantacs.cl\/en\/wp-json\/wp\/v2\/product"}],"about":[{"href":"https:\/\/urbantacs.cl\/en\/wp-json\/wp\/v2\/types\/product"}],"replies":[{"embeddable":true,"href":"https:\/\/urbantacs.cl\/en\/wp-json\/wp\/v2\/comments?post=33325"}],"wp:featuredmedia":[{"embeddable":true,"href":"https:\/\/urbantacs.cl\/en\/wp-json\/wp\/v2\/media\/33329"}],"wp:attachment":[{"href":"https:\/\/urbantacs.cl\/en\/wp-json\/wp\/v2\/media?parent=33325"}],"wp:term":[{"taxonomy":"product_brand","embeddable":true,"href":"https:\/\/urbantacs.cl\/en\/wp-json\/wp\/v2\/product_brand?post=33325"},{"taxonomy":"product_cat","embeddable":true,"href":"https:\/\/urbantacs.cl\/en\/wp-json\/wp\/v2\/product_cat?post=33325"},{"taxonomy":"product_tag","embeddable":true,"href":"https:\/\/urbantacs.cl\/en\/wp-json\/wp\/v2\/product_tag?post=33325"}],"curies":[{"name":"wp","href":"https:\/\/api.w.org\/{rel}","templated":true}]}}