{"id":33341,"date":"2026-02-17T11:59:39","date_gmt":"2026-02-17T14:59:39","guid":{"rendered":"https:\/\/urbantacs.cl\/?post_type=product&#038;p=33341"},"modified":"2026-02-20T10:25:30","modified_gmt":"2026-02-20T13:25:30","slug":"mochila-tactica-color-roja-molle-militar-senderismo-camping-salvataje","status":"publish","type":"product","link":"https:\/\/urbantacs.cl\/en\/product\/mochila-tactica-color-roja-molle-militar-senderismo-camping-salvataje\/","title":{"rendered":"Mochila T\u00e1ctica  Color Roja Molle Militar Senderismo Camping \/ Rescate medico"},"content":{"rendered":"<p>Tama\u00f1o Mediano<\/p>","protected":false},"excerpt":{"rendered":"<p>Mochila t\u00e1ctica roja, una opci\u00f3n confiable para tus necesidades diarias. Con un dise\u00f1o robusto con m\u00faltiples compartimentos y correas MOLLE para opciones de fijaci\u00f3n vers\u00e1tiles, esta mochila est\u00e1 dise\u00f1ada para la funcionalidad y la comodidad. Ofrece un amplio espacio de almacenamiento, correas ajustables y una construcci\u00f3n duradera. Ideal para aventuras de senderismo, viajes de campamento o como un compa\u00f1ero de viaje confiable.<\/p>\n<p>Deporte\/actividad: camping<br \/>\nMaterial: Nylon<br \/>\nDepartamento: Adultos unisex<br \/>\nMaterial del marco: Nylon<br \/>\nCierre: cremallera<br \/>\nTipo: Bolsa de utilidad<\/p>","protected":false},"featured_media":33342,"comment_status":"open","ping_status":"closed","template":"","meta":[],"product_brand":[],"product_cat":[43],"product_tag":[],"class_list":{"0":"post-33341","1":"product","2":"type-product","3":"status-publish","4":"has-post-thumbnail","6":"product_cat-accesorios","8":"first","9":"instock","10":"shipping-taxable","11":"purchasable","12":"product-type-simple"},"_links":{"self":[{"href":"https:\/\/urbantacs.cl\/en\/wp-json\/wp\/v2\/product\/33341","targetHints":{"allow":["GET"]}}],"collection":[{"href":"https:\/\/urbantacs.cl\/en\/wp-json\/wp\/v2\/product"}],"about":[{"href":"https:\/\/urbantacs.cl\/en\/wp-json\/wp\/v2\/types\/product"}],"replies":[{"embeddable":true,"href":"https:\/\/urbantacs.cl\/en\/wp-json\/wp\/v2\/comments?post=33341"}],"wp:featuredmedia":[{"embeddable":true,"href":"https:\/\/urbantacs.cl\/en\/wp-json\/wp\/v2\/media\/33342"}],"wp:attachment":[{"href":"https:\/\/urbantacs.cl\/en\/wp-json\/wp\/v2\/media?parent=33341"}],"wp:term":[{"taxonomy":"product_brand","embeddable":true,"href":"https:\/\/urbantacs.cl\/en\/wp-json\/wp\/v2\/product_brand?post=33341"},{"taxonomy":"product_cat","embeddable":true,"href":"https:\/\/urbantacs.cl\/en\/wp-json\/wp\/v2\/product_cat?post=33341"},{"taxonomy":"product_tag","embeddable":true,"href":"https:\/\/urbantacs.cl\/en\/wp-json\/wp\/v2\/product_tag?post=33341"}],"curies":[{"name":"wp","href":"https:\/\/api.w.org\/{rel}","templated":true}]}}