{"id":33355,"date":"2026-02-18T12:09:19","date_gmt":"2026-02-18T15:09:19","guid":{"rendered":"https:\/\/urbantacs.cl\/?post_type=product&#038;p=33355"},"modified":"2026-02-18T12:09:19","modified_gmt":"2026-02-18T15:09:19","slug":"panuelo-tactico-shemagh","status":"publish","type":"product","link":"https:\/\/urbantacs.cl\/en\/product\/panuelo-tactico-shemagh\/","title":{"rendered":"PA\u00d1UELO TACTICO SHEMAGH"},"content":{"rendered":"<p>EN COLORES VERDE \/ NEGRO \/ COYOTE<\/p>","protected":false},"excerpt":{"rendered":"<p>Pa\u00f1uelo Shemagh Tipo Palestina Multiuso Bufanda Tactica El Shemagh, tambi\u00e9n conocido como Keffiyeh, es un pa\u00f1uelo tradicional originario de Oriente Medio que ha sido adoptado en todo el mundo por su versatilidad y funcionalidad. Este accesorio es ampliamente utilizado en actividades como airsoft y paintball debido a sus m\u00faltiples beneficios.<\/p>","protected":false},"featured_media":33356,"comment_status":"open","ping_status":"closed","template":"","meta":[],"product_brand":[],"product_cat":[43],"product_tag":[],"class_list":{"0":"post-33355","1":"product","2":"type-product","3":"status-publish","4":"has-post-thumbnail","6":"product_cat-accesorios","8":"first","9":"instock","10":"shipping-taxable","11":"purchasable","12":"product-type-simple"},"_links":{"self":[{"href":"https:\/\/urbantacs.cl\/en\/wp-json\/wp\/v2\/product\/33355","targetHints":{"allow":["GET"]}}],"collection":[{"href":"https:\/\/urbantacs.cl\/en\/wp-json\/wp\/v2\/product"}],"about":[{"href":"https:\/\/urbantacs.cl\/en\/wp-json\/wp\/v2\/types\/product"}],"replies":[{"embeddable":true,"href":"https:\/\/urbantacs.cl\/en\/wp-json\/wp\/v2\/comments?post=33355"}],"wp:featuredmedia":[{"embeddable":true,"href":"https:\/\/urbantacs.cl\/en\/wp-json\/wp\/v2\/media\/33356"}],"wp:attachment":[{"href":"https:\/\/urbantacs.cl\/en\/wp-json\/wp\/v2\/media?parent=33355"}],"wp:term":[{"taxonomy":"product_brand","embeddable":true,"href":"https:\/\/urbantacs.cl\/en\/wp-json\/wp\/v2\/product_brand?post=33355"},{"taxonomy":"product_cat","embeddable":true,"href":"https:\/\/urbantacs.cl\/en\/wp-json\/wp\/v2\/product_cat?post=33355"},{"taxonomy":"product_tag","embeddable":true,"href":"https:\/\/urbantacs.cl\/en\/wp-json\/wp\/v2\/product_tag?post=33355"}],"curies":[{"name":"wp","href":"https:\/\/api.w.org\/{rel}","templated":true}]}}