{"id":33359,"date":"2026-02-19T09:33:13","date_gmt":"2026-02-19T12:33:13","guid":{"rendered":"https:\/\/urbantacs.cl\/?post_type=product&#038;p=33359"},"modified":"2026-03-24T11:47:15","modified_gmt":"2026-03-24T14:47:15","slug":"southstar-by-t-eagle-mira-telescopica-3-9x40-aoir","status":"publish","type":"product","link":"https:\/\/urbantacs.cl\/en\/product\/southstar-by-t-eagle-mira-telescopica-3-9x40-aoir\/","title":{"rendered":"SOUTHSTAR BY T-EAGLE \u2013 MIRA TELESC\u00d3PICA 3-9\u00d740 AOIR"},"content":{"rendered":"","protected":false},"excerpt":{"rendered":"<p>Tiene un tama\u00f1o de tubo de 25 mm de di\u00e1metro. Capaz de ser utilizado con cualquier montura de su elecci\u00f3n. Incluye monturas originales SOUTHSTAR<\/p>\n<p>Incluye tapa<\/p>","protected":false},"featured_media":33360,"comment_status":"open","ping_status":"closed","template":"","meta":[],"product_brand":[],"product_cat":[36,43],"product_tag":[],"class_list":{"0":"post-33359","1":"product","2":"type-product","3":"status-publish","4":"has-post-thumbnail","6":"product_cat-caza","7":"product_cat-accesorios","9":"first","10":"outofstock","11":"shipping-taxable","12":"purchasable","13":"product-type-simple"},"_links":{"self":[{"href":"https:\/\/urbantacs.cl\/en\/wp-json\/wp\/v2\/product\/33359","targetHints":{"allow":["GET"]}}],"collection":[{"href":"https:\/\/urbantacs.cl\/en\/wp-json\/wp\/v2\/product"}],"about":[{"href":"https:\/\/urbantacs.cl\/en\/wp-json\/wp\/v2\/types\/product"}],"replies":[{"embeddable":true,"href":"https:\/\/urbantacs.cl\/en\/wp-json\/wp\/v2\/comments?post=33359"}],"wp:featuredmedia":[{"embeddable":true,"href":"https:\/\/urbantacs.cl\/en\/wp-json\/wp\/v2\/media\/33360"}],"wp:attachment":[{"href":"https:\/\/urbantacs.cl\/en\/wp-json\/wp\/v2\/media?parent=33359"}],"wp:term":[{"taxonomy":"product_brand","embeddable":true,"href":"https:\/\/urbantacs.cl\/en\/wp-json\/wp\/v2\/product_brand?post=33359"},{"taxonomy":"product_cat","embeddable":true,"href":"https:\/\/urbantacs.cl\/en\/wp-json\/wp\/v2\/product_cat?post=33359"},{"taxonomy":"product_tag","embeddable":true,"href":"https:\/\/urbantacs.cl\/en\/wp-json\/wp\/v2\/product_tag?post=33359"}],"curies":[{"name":"wp","href":"https:\/\/api.w.org\/{rel}","templated":true}]}}