{"id":33367,"date":"2026-02-19T09:46:23","date_gmt":"2026-02-19T12:46:23","guid":{"rendered":"https:\/\/urbantacs.cl\/?post_type=product&#038;p=33367"},"modified":"2026-02-20T10:24:58","modified_gmt":"2026-02-20T13:24:58","slug":"aimpoint-acro-c-2-35moa-mira-de-punto-rojo","status":"publish","type":"product","link":"https:\/\/urbantacs.cl\/en\/product\/aimpoint-acro-c-2-35moa-mira-de-punto-rojo\/","title":{"rendered":"AIMPOINT \u2013 ACRO C-2 3,5MOA \u2013 MIRA DE PUNTO ROJO"},"content":{"rendered":"<p><img loading=\"lazy\" decoding=\"async\" class=\"\" src=\"https:\/\/armeriawolf.cl\/wp-content\/uploads\/2024\/11\/Proyecto-nuevo-2024-12-19T115255.536.jpg\" alt=\"Image Zoom\" width=\"296\" height=\"296\" \/><\/p>","protected":false},"excerpt":{"rendered":"<ul>\n<li>La bater\u00eda tiene una duraci\u00f3n de hasta 5 a\u00f1os bajo toda condici\u00f3n!<br \/>\nTama\u00f1o de punto: 3,5 MOA<\/li>\n<li>Marca&#8230;&#8230;..Aimpoint<\/li>\n<li>Modelo &#8230; Acro C-2\u00a0 \u00a03,5\u00a0 MOA<\/li>\n<li>Tipo&#8230;&#8230;..\u00a0 Mira de Punto Rojo<\/li>\n<li>Procedencia.. Suecia<\/li>\n<\/ul>\n<p><strong>IMPORTANTE:<\/strong>\u00a0Este es un producto sometido a control por la Direcci\u00f3n General de Movilizaci\u00f3n Nacional (DGMN), antes de comprar aseg\u00farese de cumplir con todos los requisitos y requerimientos establecidos en la ley N\u00b017.798 de control de armas.<\/p>","protected":false},"featured_media":33370,"comment_status":"open","ping_status":"closed","template":"","meta":[],"product_brand":[],"product_cat":[43],"product_tag":[],"class_list":{"0":"post-33367","1":"product","2":"type-product","3":"status-publish","4":"has-post-thumbnail","6":"product_cat-accesorios","8":"first","9":"instock","10":"shipping-taxable","11":"purchasable","12":"product-type-simple"},"_links":{"self":[{"href":"https:\/\/urbantacs.cl\/en\/wp-json\/wp\/v2\/product\/33367","targetHints":{"allow":["GET"]}}],"collection":[{"href":"https:\/\/urbantacs.cl\/en\/wp-json\/wp\/v2\/product"}],"about":[{"href":"https:\/\/urbantacs.cl\/en\/wp-json\/wp\/v2\/types\/product"}],"replies":[{"embeddable":true,"href":"https:\/\/urbantacs.cl\/en\/wp-json\/wp\/v2\/comments?post=33367"}],"wp:featuredmedia":[{"embeddable":true,"href":"https:\/\/urbantacs.cl\/en\/wp-json\/wp\/v2\/media\/33370"}],"wp:attachment":[{"href":"https:\/\/urbantacs.cl\/en\/wp-json\/wp\/v2\/media?parent=33367"}],"wp:term":[{"taxonomy":"product_brand","embeddable":true,"href":"https:\/\/urbantacs.cl\/en\/wp-json\/wp\/v2\/product_brand?post=33367"},{"taxonomy":"product_cat","embeddable":true,"href":"https:\/\/urbantacs.cl\/en\/wp-json\/wp\/v2\/product_cat?post=33367"},{"taxonomy":"product_tag","embeddable":true,"href":"https:\/\/urbantacs.cl\/en\/wp-json\/wp\/v2\/product_tag?post=33367"}],"curies":[{"name":"wp","href":"https:\/\/api.w.org\/{rel}","templated":true}]}}